{"id":58,"date":"2024-09-06T15:42:59","date_gmt":"2024-09-06T18:42:59","guid":{"rendered":"https:\/\/oiweb4.com\/pnd-2436\/?page_id=58"},"modified":"2024-11-19T15:30:31","modified_gmt":"2024-11-19T18:30:31","slug":"quem-somos","status":"publish","type":"page","link":"https:\/\/oiweb4.com\/sombrasmil\/quem-somos\/","title":{"rendered":"Quem somos"},"content":{"rendered":"\t\t<div data-elementor-type=\"wp-page\" data-elementor-id=\"58\" class=\"elementor elementor-58\">\n\t\t\t\t\t\t<section class=\"elementor-section elementor-top-section elementor-element elementor-element-49e23190 elementor-section-height-min-height elementor-section-boxed elementor-section-height-default elementor-section-items-middle\" data-id=\"49e23190\" data-element_type=\"section\" data-e-type=\"section\" data-settings=\"{&quot;background_background&quot;:&quot;classic&quot;}\">\n\t\t\t\t\t\t<div class=\"elementor-container elementor-column-gap-default\">\n\t\t\t\t\t<div class=\"elementor-column elementor-col-100 elementor-top-column elementor-element elementor-element-26c08b6c\" data-id=\"26c08b6c\" data-element_type=\"column\" data-e-type=\"column\">\n\t\t\t<div class=\"elementor-widget-wrap elementor-element-populated\">\n\t\t\t\t\t\t<div class=\"elementor-element elementor-element-30719248 elementor-widget elementor-widget-heading\" data-id=\"30719248\" data-element_type=\"widget\" data-e-type=\"widget\" data-widget_type=\"heading.default\">\n\t\t\t\t<div class=\"elementor-widget-container\">\n\t\t\t\t\t<h1 class=\"elementor-heading-title elementor-size-default\">Quem somos<\/h1>\t\t\t\t<\/div>\n\t\t\t\t<\/div>\n\t\t\t\t\t<\/div>\n\t\t<\/div>\n\t\t\t\t\t<\/div>\n\t\t<\/section>\n\t\t\t\t<section class=\"elementor-section elementor-top-section elementor-element elementor-element-ba0a8b6 elementor-section-boxed elementor-section-height-default elementor-section-height-default\" data-id=\"ba0a8b6\" data-element_type=\"section\" data-e-type=\"section\">\n\t\t\t\t\t\t<div class=\"elementor-container elementor-column-gap-no\">\n\t\t\t\t\t<div class=\"elementor-column elementor-col-50 elementor-top-column elementor-element elementor-element-8083f61\" data-id=\"8083f61\" data-element_type=\"column\" data-e-type=\"column\">\n\t\t\t<div class=\"elementor-widget-wrap elementor-element-populated\">\n\t\t\t\t\t\t<div class=\"elementor-element elementor-element-d42e91d elementor-widget elementor-widget-image\" data-id=\"d42e91d\" data-element_type=\"widget\" data-e-type=\"widget\" data-widget_type=\"image.default\">\n\t\t\t\t<div class=\"elementor-widget-container\">\n\t\t\t\t\t\t\t\t\t\t\t\t\t\t\t<img fetchpriority=\"high\" decoding=\"async\" width=\"800\" height=\"709\" src=\"https:\/\/oiweb4.com\/sombrasmil\/wp-content\/uploads\/2024\/11\/Imagem-do-WhatsApp-de-2024-11-08-as-09.17.05_701498e4-1-1024x908.jpg\" class=\"attachment-large size-large wp-image-1301\" alt=\"\" \/>\t\t\t\t\t\t\t\t\t\t\t\t\t\t\t<\/div>\n\t\t\t\t<\/div>\n\t\t\t\t<div class=\"elementor-element elementor-element-83615da elementor-widget elementor-widget-testimonial\" data-id=\"83615da\" data-element_type=\"widget\" data-e-type=\"widget\" data-widget_type=\"testimonial.default\">\n\t\t\t\t<div class=\"elementor-widget-container\">\n\t\t\t\t\t\t\t<div class=\"elementor-testimonial-wrapper\">\n\t\t\t\t\t\t\t<div class=\"elementor-testimonial-content\">Conforto, Seguran\u00e7a e Inova\u00e7\u00e3o<\/div>\n\t\t\t\n\t\t\t\t\t\t<div class=\"elementor-testimonial-meta elementor-has-image elementor-testimonial-image-position-aside\">\n\t\t\t\t<div class=\"elementor-testimonial-meta-inner\">\n\t\t\t\t\t\t\t\t\t\t\t<div class=\"elementor-testimonial-image\">\n\t\t\t\t\t\t\t<img decoding=\"async\" width=\"150\" height=\"150\" src=\"https:\/\/oiweb4.com\/sombrasmil\/wp-content\/uploads\/2024\/09\/undraw_chat_1wo5-150x150.png\" class=\"attachment-thumbnail size-thumbnail wp-image-17\" alt=\"\" \/>\t\t\t\t\t\t<\/div>\n\t\t\t\t\t\n\t\t\t\t\t\t\t\t\t\t<div class=\"elementor-testimonial-details\">\n\t\t\t\t\t\t\t\t\t\t\t\t\t\t<div class=\"elementor-testimonial-name\">Sombrasmil<\/div>\n\t\t\t\t\t\t\t\t\t\t\t\t\t\t\t\t\t\t\t<\/div>\n\t\t\t\t\t\t\t\t\t<\/div>\n\t\t\t<\/div>\n\t\t\t\t\t<\/div>\n\t\t\t\t\t\t<\/div>\n\t\t\t\t<\/div>\n\t\t\t\t\t<\/div>\n\t\t<\/div>\n\t\t\t\t<div class=\"elementor-column elementor-col-50 elementor-top-column elementor-element elementor-element-2d3e50f\" data-id=\"2d3e50f\" data-element_type=\"column\" data-e-type=\"column\" data-settings=\"{&quot;background_background&quot;:&quot;classic&quot;}\">\n\t\t\t<div class=\"elementor-widget-wrap elementor-element-populated\">\n\t\t\t\t\t\t<div class=\"elementor-element elementor-element-f2991aa elementor-widget elementor-widget-text-editor\" data-id=\"f2991aa\" data-element_type=\"widget\" data-e-type=\"widget\" data-widget_type=\"text-editor.default\">\n\t\t\t\t<div class=\"elementor-widget-container\">\n\t\t\t\t\t\t\t\t\t<p>Nossa experi\u00eancia atual nos remete a elaborar solu\u00e7\u00f5es adequadas para cada cliente, desde os pequenos aos grandes projetos. Durante um longo per\u00edodo, buscamos aperfei\u00e7oar nossos servi\u00e7os atrav\u00e9s de modernas t\u00e9cnicas e m\u00e3o-de-obra 100% especializada.<\/p><p>Com esta atitude, a Sombras Mil conquista a cada dia, a admira\u00e7\u00e3o e confian\u00e7a, e passa a ter n\u00e3o somente clientes, mas sim amigos e parceiros.<\/p><p>Nossa equipe conta com t\u00e9cnicos especializados para esclarecer quaisquer d\u00favidas e orientar para o melhor caminho para a realiza\u00e7\u00e3o de um projeto, este atendimento diferenteciado coloca a Sombras Mil Sombreadores entre as melhores de seu mercado.<\/p>\t\t\t\t\t\t\t\t<\/div>\n\t\t\t\t<\/div>\n\t\t\t\t<div class=\"elementor-element elementor-element-95ce41d elementor-widget elementor-widget-heading\" data-id=\"95ce41d\" data-element_type=\"widget\" data-e-type=\"widget\" data-widget_type=\"heading.default\">\n\t\t\t\t<div class=\"elementor-widget-container\">\n\t\t\t\t\t<h2 class=\"elementor-heading-title elementor-size-default\">Entre em contato conosco e solicite uma visita t\u00e9cnica sem compromisso.\n<\/h2>\t\t\t\t<\/div>\n\t\t\t\t<\/div>\n\t\t\t\t<section class=\"elementor-section elementor-inner-section elementor-element elementor-element-efd0288 elementor-section-boxed elementor-section-height-default elementor-section-height-default\" data-id=\"efd0288\" data-element_type=\"section\" data-e-type=\"section\">\n\t\t\t\t\t\t<div class=\"elementor-container elementor-column-gap-default\">\n\t\t\t\t\t<div class=\"elementor-column elementor-col-100 elementor-inner-column elementor-element elementor-element-4932d71\" data-id=\"4932d71\" data-element_type=\"column\" data-e-type=\"column\">\n\t\t\t<div class=\"elementor-widget-wrap elementor-element-populated\">\n\t\t\t\t\t\t<div class=\"elementor-element elementor-element-41d1d04 elementor-widget__width-auto elementor-mobile-align-justify elementor-widget-mobile__width-inherit elementor-widget elementor-widget-button\" data-id=\"41d1d04\" data-element_type=\"widget\" data-e-type=\"widget\" data-widget_type=\"button.default\">\n\t\t\t\t<div class=\"elementor-widget-container\">\n\t\t\t\t\t\t\t\t\t<div class=\"elementor-button-wrapper\">\n\t\t\t\t\t<a class=\"elementor-button elementor-button-link elementor-size-md elementor-animation-bob\" href=\"https:\/\/api.whatsapp.com\/send\/?phone=5511991348165&#038;text=Ol%C3%A1%2C+em+que+Podemos+Ajudar%3F&#038;type=phone_number&#038;app_absent=0\">\n\t\t\t\t\t\t<span class=\"elementor-button-content-wrapper\">\n\t\t\t\t\t\t\t\t\t<span class=\"elementor-button-text\">CONTATO<\/span>\n\t\t\t\t\t<\/span>\n\t\t\t\t\t<\/a>\n\t\t\t\t<\/div>\n\t\t\t\t\t\t\t\t<\/div>\n\t\t\t\t<\/div>\n\t\t\t\t\t<\/div>\n\t\t<\/div>\n\t\t\t\t\t<\/div>\n\t\t<\/section>\n\t\t\t\t\t<\/div>\n\t\t<\/div>\n\t\t\t\t\t<\/div>\n\t\t<\/section>\n\t\t<div class=\"elementor-element elementor-element-7ac2a35 e-flex e-con-boxed e-con e-parent\" data-id=\"7ac2a35\" data-element_type=\"container\" data-e-type=\"container\">\n\t\t\t\t\t<div class=\"e-con-inner\">\n\t\t\t\t<div class=\"elementor-element elementor-element-0cc9121 elementor-widget elementor-widget-heading\" data-id=\"0cc9121\" data-element_type=\"widget\" data-e-type=\"widget\" data-widget_type=\"heading.default\">\n\t\t\t\t<div class=\"elementor-widget-container\">\n\t\t\t\t\t<h2 class=\"elementor-heading-title elementor-size-default\">Nossos Pilares<\/h2>\t\t\t\t<\/div>\n\t\t\t\t<\/div>\n\t\t\t\t\t<\/div>\n\t\t\t\t<\/div>\n\t\t<div class=\"elementor-element elementor-element-83abd3c e-flex e-con-boxed e-con e-parent\" data-id=\"83abd3c\" data-element_type=\"container\" data-e-type=\"container\">\n\t\t\t\t\t<div class=\"e-con-inner\">\n\t\t\t\t<div class=\"elementor-element elementor-element-f30ec80 elementor-widget elementor-widget-image\" data-id=\"f30ec80\" data-element_type=\"widget\" data-e-type=\"widget\" data-widget_type=\"image.default\">\n\t\t\t\t<div class=\"elementor-widget-container\">\n\t\t\t\t\t\t\t\t\t\t\t\t\t\t\t<img decoding=\"async\" width=\"1080\" height=\"468\" src=\"https:\/\/oiweb4.com\/sombrasmil\/wp-content\/uploads\/2024\/11\/Imagem-do-WhatsApp-de-2024-11-19-as-15.27.57_a65b17e9.jpg\" class=\"attachment-full size-full wp-image-1310\" alt=\"\" \/>\t\t\t\t\t\t\t\t\t\t\t\t\t\t\t<\/div>\n\t\t\t\t<\/div>\n\t\t\t\t\t<\/div>\n\t\t\t\t<\/div>\n\t\t\t\t<\/div>\n\t\t","protected":false},"excerpt":{"rendered":"<p>Quem somos Conforto, Seguran\u00e7a e Inova\u00e7\u00e3o Sombrasmil Nossa experi\u00eancia atual nos remete a elaborar solu\u00e7\u00f5es adequadas para cada cliente, desde os pequenos aos grandes projetos. Durante um longo per\u00edodo, buscamos aperfei\u00e7oar nossos servi\u00e7os atrav\u00e9s de modernas t\u00e9cnicas e m\u00e3o-de-obra 100% especializada. Com esta atitude, a Sombras Mil conquista a cada dia, a admira\u00e7\u00e3o e confian\u00e7a, [&hellip;]<\/p>\n","protected":false},"author":1,"featured_media":0,"parent":0,"menu_order":0,"comment_status":"closed","ping_status":"closed","template":"","meta":{"footnotes":""},"class_list":["post-58","page","type-page","status-publish","hentry"],"rttpg_featured_image_url":null,"rttpg_author":{"display_name":"Devserruya","author_link":"https:\/\/oiweb4.com\/sombrasmil\/author\/devserruya\/"},"rttpg_comment":0,"rttpg_category":null,"rttpg_excerpt":"Quem somos Conforto, Seguran\u00e7a e Inova\u00e7\u00e3o Sombrasmil Nossa experi\u00eancia atual nos remete a elaborar solu\u00e7\u00f5es adequadas para cada cliente, desde os pequenos aos grandes projetos. Durante um longo per\u00edodo, buscamos aperfei\u00e7oar nossos servi\u00e7os atrav\u00e9s de modernas t\u00e9cnicas e m\u00e3o-de-obra 100% especializada. Com esta atitude, a Sombras Mil conquista a cada dia, a admira\u00e7\u00e3o e confian\u00e7a,&hellip;","_links":{"self":[{"href":"https:\/\/oiweb4.com\/sombrasmil\/wp-json\/wp\/v2\/pages\/58","targetHints":{"allow":["GET"]}}],"collection":[{"href":"https:\/\/oiweb4.com\/sombrasmil\/wp-json\/wp\/v2\/pages"}],"about":[{"href":"https:\/\/oiweb4.com\/sombrasmil\/wp-json\/wp\/v2\/types\/page"}],"author":[{"embeddable":true,"href":"https:\/\/oiweb4.com\/sombrasmil\/wp-json\/wp\/v2\/users\/1"}],"replies":[{"embeddable":true,"href":"https:\/\/oiweb4.com\/sombrasmil\/wp-json\/wp\/v2\/comments?post=58"}],"version-history":[{"count":109,"href":"https:\/\/oiweb4.com\/sombrasmil\/wp-json\/wp\/v2\/pages\/58\/revisions"}],"predecessor-version":[{"id":1313,"href":"https:\/\/oiweb4.com\/sombrasmil\/wp-json\/wp\/v2\/pages\/58\/revisions\/1313"}],"wp:attachment":[{"href":"https:\/\/oiweb4.com\/sombrasmil\/wp-json\/wp\/v2\/media?parent=58"}],"curies":[{"name":"wp","href":"https:\/\/api.w.org\/{rel}","templated":true}]}}