{"id":1046,"date":"2024-10-30T16:15:51","date_gmt":"2024-10-30T19:15:51","guid":{"rendered":"https:\/\/oiweb4.com\/sombrasmil\/?page_id=1046"},"modified":"2024-12-10T11:57:31","modified_gmt":"2024-12-10T14:57:31","slug":"sombreadores","status":"publish","type":"page","link":"https:\/\/oiweb4.com\/sombrasmil\/sombreadores\/","title":{"rendered":"Sombreadores"},"content":{"rendered":"\t\t<div data-elementor-type=\"wp-page\" data-elementor-id=\"1046\" class=\"elementor elementor-1046\">\n\t\t\t\t<div class=\"elementor-element elementor-element-c06107f e-flex e-con-boxed e-con e-parent\" data-id=\"c06107f\" data-element_type=\"container\" data-e-type=\"container\">\n\t\t\t\t\t<div class=\"e-con-inner\">\n\t\t\t\t<div class=\"elementor-element elementor-element-9e0aad3 elementor-widget elementor-widget-heading\" data-id=\"9e0aad3\" data-element_type=\"widget\" data-e-type=\"widget\" data-widget_type=\"heading.default\">\n\t\t\t\t<div class=\"elementor-widget-container\">\n\t\t\t\t\t<h2 class=\"elementor-heading-title elementor-size-default\">SOMBREADORES<\/h2>\t\t\t\t<\/div>\n\t\t\t\t<\/div>\n\t\t\t\t\t<\/div>\n\t\t\t\t<\/div>\n\t\t<div class=\"elementor-element elementor-element-abdbabd e-flex e-con-boxed e-con e-parent\" data-id=\"abdbabd\" data-element_type=\"container\" data-e-type=\"container\">\n\t\t\t\t\t<div class=\"e-con-inner\">\n\t\t\t\t<div class=\"elementor-element elementor-element-289d089 elementor-widget__width-initial elementor-widget elementor-widget-text-editor\" data-id=\"289d089\" data-element_type=\"widget\" data-e-type=\"widget\" data-widget_type=\"text-editor.default\">\n\t\t\t\t<div class=\"elementor-widget-container\">\n\t\t\t\t\t\t\t\t\t<p>Excelente op\u00e7\u00e3o para proteger ve\u00edculos em estacionamentos, lava-r\u00e1pidos, concession\u00e1rias, ind\u00fastrias, shopping centers, condominios, magazines, lojas, hoteis, etc. Al\u00e9m de proteger e decorar \u00e1reas de lazer como terra\u00e7os, jardins, etc.<\/p>\t\t\t\t\t\t\t\t<\/div>\n\t\t\t\t<\/div>\n\t\t\t\t<div class=\"elementor-element elementor-element-10ad4a3 elementor-widget elementor-widget-image\" data-id=\"10ad4a3\" data-element_type=\"widget\" data-e-type=\"widget\" data-widget_type=\"image.default\">\n\t\t\t\t<div class=\"elementor-widget-container\">\n\t\t\t\t\t\t\t\t\t\t\t\t\t\t\t<img decoding=\"async\" src=\"https:\/\/oiweb4.com\/sombrasmil\/wp-content\/uploads\/2024\/11\/118-AFPESP-3-1024x1024-1.jpg\" title=\"118-AFPESP-3-1024&#215;1024\" alt=\"118-AFPESP-3-1024x1024\" loading=\"lazy\" \/>\t\t\t\t\t\t\t\t\t\t\t\t\t\t\t<\/div>\n\t\t\t\t<\/div>\n\t\t\t\t\t<\/div>\n\t\t\t\t<\/div>\n\t\t<div class=\"elementor-element elementor-element-ec4d01f e-grid e-con-boxed e-con e-parent\" data-id=\"ec4d01f\" data-element_type=\"container\" data-e-type=\"container\">\n\t\t\t\t\t<div class=\"e-con-inner\">\n\t\t\t\t<div class=\"elementor-element elementor-element-353ed61 elementor-widget elementor-widget-image\" data-id=\"353ed61\" data-element_type=\"widget\" data-e-type=\"widget\" data-widget_type=\"image.default\">\n\t\t\t\t<div class=\"elementor-widget-container\">\n\t\t\t\t\t\t\t\t\t\t\t\t\t\t\t<img fetchpriority=\"high\" decoding=\"async\" width=\"656\" height=\"875\" src=\"https:\/\/oiweb4.com\/sombrasmil\/wp-content\/uploads\/2024\/12\/tela01.jpg\" class=\"attachment-large size-large wp-image-1498\" alt=\"\" \/>\t\t\t\t\t\t\t\t\t\t\t\t\t\t\t<\/div>\n\t\t\t\t<\/div>\n\t\t\t\t<div class=\"elementor-element elementor-element-2eb4569 elementor-widget elementor-widget-image\" data-id=\"2eb4569\" data-element_type=\"widget\" data-e-type=\"widget\" data-widget_type=\"image.default\">\n\t\t\t\t<div class=\"elementor-widget-container\">\n\t\t\t\t\t\t\t\t\t\t\t\t\t\t\t<img decoding=\"async\" width=\"653\" height=\"873\" src=\"https:\/\/oiweb4.com\/sombrasmil\/wp-content\/uploads\/2024\/12\/tela02.jpg\" class=\"attachment-large size-large wp-image-1499\" alt=\"\" \/>\t\t\t\t\t\t\t\t\t\t\t\t\t\t\t<\/div>\n\t\t\t\t<\/div>\n\t\t\t\t\t<\/div>\n\t\t\t\t<\/div>\n\t\t<div class=\"elementor-element elementor-element-33c7124 e-flex e-con-boxed e-con e-parent\" data-id=\"33c7124\" data-element_type=\"container\" data-e-type=\"container\">\n\t\t\t\t\t<div class=\"e-con-inner\">\n\t\t\t\t<div class=\"elementor-element elementor-element-5fab056 elementor-widget elementor-widget-heading\" data-id=\"5fab056\" data-element_type=\"widget\" data-e-type=\"widget\" data-widget_type=\"heading.default\">\n\t\t\t\t<div class=\"elementor-widget-container\">\n\t\t\t\t\t<h2 class=\"elementor-heading-title elementor-size-default\">Paletas de cores<\/h2>\t\t\t\t<\/div>\n\t\t\t\t<\/div>\n\t\t\t\t\t<\/div>\n\t\t\t\t<\/div>\n\t\t<div class=\"elementor-element elementor-element-6f4f182 e-flex e-con-boxed e-con e-parent\" data-id=\"6f4f182\" data-element_type=\"container\" data-e-type=\"container\">\n\t\t\t\t\t<div class=\"e-con-inner\">\n\t\t\t\t<div class=\"elementor-element elementor-element-d33bae2 elementor-widget elementor-widget-image-carousel\" data-id=\"d33bae2\" data-element_type=\"widget\" data-e-type=\"widget\" data-settings=\"{&quot;slides_to_show&quot;:&quot;6&quot;,&quot;navigation&quot;:&quot;none&quot;,&quot;autoplay&quot;:&quot;yes&quot;,&quot;pause_on_hover&quot;:&quot;yes&quot;,&quot;pause_on_interaction&quot;:&quot;yes&quot;,&quot;autoplay_speed&quot;:5000,&quot;infinite&quot;:&quot;yes&quot;,&quot;speed&quot;:500}\" data-widget_type=\"image-carousel.default\">\n\t\t\t\t<div class=\"elementor-widget-container\">\n\t\t\t\t\t\t\t<div class=\"elementor-image-carousel-wrapper swiper\" role=\"region\" aria-roledescription=\"carousel\" aria-label=\"Carrossel de imagens\" dir=\"ltr\">\n\t\t\t<div class=\"elementor-image-carousel swiper-wrapper swiper-image-stretch\" aria-live=\"off\">\n\t\t\t\t\t\t\t\t<div class=\"swiper-slide\" role=\"group\" aria-roledescription=\"slide\" aria-label=\"1 de 6\"><figure class=\"swiper-slide-inner\"><img decoding=\"async\" class=\"swiper-slide-image\" src=\"https:\/\/oiweb4.com\/sombrasmil\/wp-content\/uploads\/2024\/12\/sombra-premium-mesh-309-150x150.jpg\" alt=\"sombra-premium-mesh-309\" \/><\/figure><\/div><div class=\"swiper-slide\" role=\"group\" aria-roledescription=\"slide\" aria-label=\"2 de 6\"><figure class=\"swiper-slide-inner\"><img decoding=\"async\" class=\"swiper-slide-image\" src=\"https:\/\/oiweb4.com\/sombrasmil\/wp-content\/uploads\/2024\/12\/sombra-premium-mesh-246-150x150.jpg\" alt=\"sombra-premium-mesh-246\" \/><\/figure><\/div><div class=\"swiper-slide\" role=\"group\" aria-roledescription=\"slide\" aria-label=\"3 de 6\"><figure class=\"swiper-slide-inner\"><img decoding=\"async\" class=\"swiper-slide-image\" src=\"https:\/\/oiweb4.com\/sombrasmil\/wp-content\/uploads\/2024\/12\/sombra-premium-mesh-245-150x150.jpg\" alt=\"sombra-premium-mesh-245\" \/><\/figure><\/div><div class=\"swiper-slide\" role=\"group\" aria-roledescription=\"slide\" aria-label=\"4 de 6\"><figure class=\"swiper-slide-inner\"><img decoding=\"async\" class=\"swiper-slide-image\" src=\"https:\/\/oiweb4.com\/sombrasmil\/wp-content\/uploads\/2024\/12\/sombra-premium-mesh-241-150x150.jpg\" alt=\"sombra-premium-mesh-241\" \/><\/figure><\/div><div class=\"swiper-slide\" role=\"group\" aria-roledescription=\"slide\" aria-label=\"5 de 6\"><figure class=\"swiper-slide-inner\"><img decoding=\"async\" class=\"swiper-slide-image\" src=\"https:\/\/oiweb4.com\/sombrasmil\/wp-content\/uploads\/2024\/12\/sombra-premium-mesh-248-150x150.jpg\" alt=\"sombra-premium-mesh-248\" \/><\/figure><\/div><div class=\"swiper-slide\" role=\"group\" aria-roledescription=\"slide\" aria-label=\"6 de 6\"><figure class=\"swiper-slide-inner\"><img decoding=\"async\" class=\"swiper-slide-image\" src=\"https:\/\/oiweb4.com\/sombrasmil\/wp-content\/uploads\/2024\/12\/sombra-premium-mesh-244-150x150.jpg\" alt=\"sombra-premium-mesh-244\" \/><\/figure><\/div>\t\t\t<\/div>\n\t\t\t\t\t\t\t\n\t\t\t\t\t\t\t\t\t<\/div>\n\t\t\t\t\t\t<\/div>\n\t\t\t\t<\/div>\n\t\t\t\t\t<\/div>\n\t\t\t\t<\/div>\n\t\t<div class=\"elementor-element elementor-element-28cc10e e-flex e-con-boxed e-con e-parent\" data-id=\"28cc10e\" data-element_type=\"container\" data-e-type=\"container\">\n\t\t\t\t\t<div class=\"e-con-inner\">\n\t\t<div class=\"elementor-element elementor-element-20f5a9d e-con-full e-flex e-con e-child\" data-id=\"20f5a9d\" data-element_type=\"container\" data-e-type=\"container\" data-settings=\"{&quot;background_background&quot;:&quot;classic&quot;}\">\n\t\t\t\t<div class=\"elementor-element elementor-element-e4a9c84 elementor-align-center elementor-widget__width-inherit elementor-widget elementor-widget-button\" data-id=\"e4a9c84\" data-element_type=\"widget\" data-e-type=\"widget\" data-widget_type=\"button.default\">\n\t\t\t\t<div class=\"elementor-widget-container\">\n\t\t\t\t\t\t\t\t\t<div class=\"elementor-button-wrapper\">\n\t\t\t\t\t<a class=\"elementor-button elementor-button-link elementor-size-sm\" href=\"https:\/\/api.whatsapp.com\/send\/?phone=5511991348165&#038;text=Ol%C3%A1%2C+em+que+Podemos+Ajudar%3F&#038;type=phone_number&#038;app_absent=0\">\n\t\t\t\t\t\t<span class=\"elementor-button-content-wrapper\">\n\t\t\t\t\t\t\t\t\t<span class=\"elementor-button-text\">ENTRE EM CONTATO E SAIBA MAIS SOBRE NOSSOS SERVI\u00c7OS<\/span>\n\t\t\t\t\t<\/span>\n\t\t\t\t\t<\/a>\n\t\t\t\t<\/div>\n\t\t\t\t\t\t\t\t<\/div>\n\t\t\t\t<\/div>\n\t\t\t\t<\/div>\n\t\t\t\t\t<\/div>\n\t\t\t\t<\/div>\n\t\t\t\t<\/div>\n\t\t","protected":false},"excerpt":{"rendered":"<p>SOMBREADORES Excelente op\u00e7\u00e3o para proteger ve\u00edculos em estacionamentos, lava-r\u00e1pidos, concession\u00e1rias, ind\u00fastrias, shopping centers, condominios, magazines, lojas, hoteis, etc. Al\u00e9m de proteger e decorar \u00e1reas de lazer como terra\u00e7os, jardins, etc. Paletas de cores ENTRE EM CONTATO E SAIBA MAIS SOBRE NOSSOS SERVI\u00c7OS<\/p>\n","protected":false},"author":2,"featured_media":0,"parent":0,"menu_order":0,"comment_status":"closed","ping_status":"closed","template":"","meta":{"footnotes":""},"class_list":["post-1046","page","type-page","status-publish","hentry"],"rttpg_featured_image_url":null,"rttpg_author":{"display_name":"Cesar Lopes","author_link":"https:\/\/oiweb4.com\/sombrasmil\/author\/cesar-lopes\/"},"rttpg_comment":0,"rttpg_category":null,"rttpg_excerpt":"SOMBREADORES Excelente op\u00e7\u00e3o para proteger ve\u00edculos em estacionamentos, lava-r\u00e1pidos, concession\u00e1rias, ind\u00fastrias, shopping centers, condominios, magazines, lojas, hoteis, etc. Al\u00e9m de proteger e decorar \u00e1reas de lazer como terra\u00e7os, jardins, etc. Paletas de cores ENTRE EM CONTATO E SAIBA MAIS SOBRE NOSSOS SERVI\u00c7OS","_links":{"self":[{"href":"https:\/\/oiweb4.com\/sombrasmil\/wp-json\/wp\/v2\/pages\/1046","targetHints":{"allow":["GET"]}}],"collection":[{"href":"https:\/\/oiweb4.com\/sombrasmil\/wp-json\/wp\/v2\/pages"}],"about":[{"href":"https:\/\/oiweb4.com\/sombrasmil\/wp-json\/wp\/v2\/types\/page"}],"author":[{"embeddable":true,"href":"https:\/\/oiweb4.com\/sombrasmil\/wp-json\/wp\/v2\/users\/2"}],"replies":[{"embeddable":true,"href":"https:\/\/oiweb4.com\/sombrasmil\/wp-json\/wp\/v2\/comments?post=1046"}],"version-history":[{"count":34,"href":"https:\/\/oiweb4.com\/sombrasmil\/wp-json\/wp\/v2\/pages\/1046\/revisions"}],"predecessor-version":[{"id":1511,"href":"https:\/\/oiweb4.com\/sombrasmil\/wp-json\/wp\/v2\/pages\/1046\/revisions\/1511"}],"wp:attachment":[{"href":"https:\/\/oiweb4.com\/sombrasmil\/wp-json\/wp\/v2\/media?parent=1046"}],"curies":[{"name":"wp","href":"https:\/\/api.w.org\/{rel}","templated":true}]}}