{"id":82,"date":"2024-06-24T03:42:43","date_gmt":"2024-06-24T03:42:43","guid":{"rendered":"https:\/\/shthemes.net\/demosd\/furious\/?page_id=82"},"modified":"2026-03-02T15:02:51","modified_gmt":"2026-03-02T18:02:51","slug":"contato","status":"publish","type":"page","link":"https:\/\/oiweb4.com\/pnd-2486\/contato\/","title":{"rendered":"Contato"},"content":{"rendered":"\t\t<div data-elementor-type=\"wp-page\" data-elementor-id=\"82\" class=\"elementor elementor-82\" data-elementor-post-type=\"page\">\n\t\t\t\t\t\t<section class=\"elementor-section elementor-top-section elementor-element elementor-element-9d0b5b4 elementor-section-full_width elementor-section-height-default elementor-section-height-default\" data-id=\"9d0b5b4\" data-element_type=\"section\" data-e-type=\"section\">\n\t\t\t\t\t\t<div class=\"elementor-container elementor-column-gap-no\">\n\t\t\t\t\t<div class=\"elementor-column elementor-col-100 elementor-top-column elementor-element elementor-element-1f71bbd\" data-id=\"1f71bbd\" data-element_type=\"column\" data-e-type=\"column\">\n\t\t\t<div class=\"elementor-widget-wrap elementor-element-populated\">\n\t\t\t\t\t\t<div class=\"elementor-element elementor-element-ca941ca elementor-align-left elementor-widget elementor-widget-bdevs-breadcrumb-section\" data-id=\"ca941ca\" data-element_type=\"widget\" data-e-type=\"widget\" data-widget_type=\"bdevs-breadcrumb-section.default\">\n\t\t\t\t<div class=\"elementor-widget-container\">\n\t\t\t\t\t\r\n<div class=\"page-title-area pb-100 bg-img bg-s-cover\" data-bg-image=\"https:\/\/shthemes.net\/demosd\/furious\/wp-content\/uploads\/2024\/06\/page-title-bg-4.jpg\">\r\n\t<div class=\"container\">\r\n\t\t<div class=\"content\">\r\n\t\t\t\t\t\t\t<h2>Contact<\/h2>\r\n\t\t\t\t\t\t\t\t\t\t<ul class=\"list-unstyled\">\r\n\t\t\t\t\t\t\t\t\t\t\t\t\t\t\t\t\t\t\t\t\t\t\t\t\t\t\t\t\t\t\t\t\t\t\t<li class=\"d-inline\">\r\n\t\t\t\t\t\t\t\t\t\t<a href=\"https:\/\/shthemes.net\/demosd\/furious\">\r\n\t\t\t\t\t\t\t\t\t\t\tHome\t\t\t\t\t\t\t\t\t\t<\/a>\r\n\t\t\t\t\t\t\t\t\t<\/li>\r\n\t\t\t\t\t\t\t\t\t\t\t\t\t\t\t\t\t\t\t\t\t\t\t\t\t\t\t\t\t\t\t\t\t\t\t\t\t\t\t\t\t\t\t\t\t\t\t\t\t\t\t\t\t\t\t\t<li class=\"d-inline\">\/<\/li>\r\n\t\t\t\t\t\t\t\t\t<li class=\"d-inline active opacity-75\">\r\n\t\t\t\t\t\t\t\t\t\tContact\t\t\t\t\t\t\t\t\t<\/li>\r\n\t\t\t\t\t\t\t\t\t\t\t\t\t\t\t\t\t\t\t\t\t\t\t\t\t\t\t\t\t\t<\/ul>\r\n\t\t\t\t\t<\/div>\r\n\t<\/div>\r\n<\/div>\r\n\r\n\r\n\r\n\r\n\t\t\t\t<\/div>\n\t\t\t\t<\/div>\n\t\t\t\t\t<\/div>\n\t\t<\/div>\n\t\t\t\t\t<\/div>\n\t\t<\/section>\n\t\t\t\t<section class=\"elementor-section elementor-top-section elementor-element elementor-element-a56eb57 elementor-section-full_width elementor-section-height-default elementor-section-height-default\" data-id=\"a56eb57\" data-element_type=\"section\" data-e-type=\"section\">\n\t\t\t\t\t\t<div class=\"elementor-container elementor-column-gap-no\">\n\t\t\t\t\t<div class=\"elementor-column elementor-col-100 elementor-top-column elementor-element elementor-element-5907d07\" data-id=\"5907d07\" data-element_type=\"column\" data-e-type=\"column\">\n\t\t\t<div class=\"elementor-widget-wrap elementor-element-populated\">\n\t\t\t\t\t\t<div class=\"elementor-element elementor-element-26ff87c elementor-align-left elementor-widget elementor-widget-bdevs-contact-section\" data-id=\"26ff87c\" data-element_type=\"widget\" data-e-type=\"widget\" data-widget_type=\"bdevs-contact-section.default\">\n\t\t\t\t<div class=\"elementor-widget-container\">\n\t\t\t\t\t\r\n<div class=\"contact-area pt-100\">\r\n\t\t\t<div class=\"container\">\r\n\t\t\t\t\t\t\t<div class=\"row justify-content-center\">\r\n\t\t\t\t\t\t\t\t\t\t\t<div class=\"col-lg-4 col-md-6\">\r\n\t\t\t\t\t\t\t<div class=\"card mb-30 color-1\" data-aos=\"fade-up\" data-aos-delay=\"100\">\r\n\t\t\t\t\t\t\t\t<div class=\"icon\">\r\n\t\t\t\t\t\t\t\t\t\t\t\t\t\t\t\t\t\t\t\t\t\t\t\t\t\t\t\t\t\t<i class=\"fal fa-phone-plus\"><\/i>\t\t\t\t\t\t\t\t\t\t\t\t\t\t\t\t\t\t\t\t\t\t\t\t\t\t\t<\/div>\r\n\t\t\t\t\t\t\t\t<div class=\"card-text\">\r\n\t\t\t\t\t\t\t\t\t\t\t\t\t\t\t\t\t\t\t\t\t\t\t\t\t\t\t\t\t\t<p>\r\n\t\t\t\t\t\t\t\t\t\t\t\t\t\t\t\t\t\t\t\t\t\t\t\t\t<a href=\"tel:+5517991717736\">\r\n\t\t\t\t\t\t\t\t\t\t\t\t\t\t(17) 99171.7736\t\t\t\t\t\t\t\t\t\t\t\t\t<\/a>\r\n\t\t\t\t\t\t\t\t\t\t\t\t\t\t\t\t\t\t\t\t\t\t\t<\/p>\r\n\t\t\t\t\t\t\t\t\t\t\t\t\t\t\t\t\t\t\t\t\t\t\t\t\t\t\t<\/div>\r\n\t\t\t\t\t\t\t<\/div>\r\n\t\t\t\t\t\t<\/div>\r\n\t\t\t\t\t\t\t\t\t\t\t<div class=\"col-lg-4 col-md-6\">\r\n\t\t\t\t\t\t\t<div class=\"card mb-30 color-2\" data-aos=\"fade-up\" data-aos-delay=\"200\">\r\n\t\t\t\t\t\t\t\t<div class=\"icon\">\r\n\t\t\t\t\t\t\t\t\t\t\t\t\t\t\t\t\t\t\t\t\t\t\t\t\t\t\t\t\t\t<i class=\"fal fa-envelope\"><\/i>\t\t\t\t\t\t\t\t\t\t\t\t\t\t\t\t\t\t\t\t\t\t\t\t\t\t\t<\/div>\r\n\t\t\t\t\t\t\t\t<div class=\"card-text\">\r\n\t\t\t\t\t\t\t\t\t\t\t\t\t\t\t\t\t\t\t\t\t\t\t\t\t\t\t\t\t\t<p>\r\n\t\t\t\t\t\t\t\t\t\t\t\t\t\t\t\t\t\t\t\t\t\t\t\t\t<a href=\"mailTo:vazdacostaclaudio@gmail.com\">\r\n\t\t\t\t\t\t\t\t\t\t\t\t\t\tvazdacostaclaudio@gmail.com\t\t\t\t\t\t\t\t\t\t\t\t\t<\/a>\r\n\t\t\t\t\t\t\t\t\t\t\t\t\t\t\t\t\t\t\t\t\t\t\t<\/p>\r\n\t\t\t\t\t\t\t\t\t\t\t\t\t\t\t\t\t\t\t\t\t\t\t\t\t\t\t<\/div>\r\n\t\t\t\t\t\t\t<\/div>\r\n\t\t\t\t\t\t<\/div>\r\n\t\t\t\t\t\t\t\t\t\t\t<div class=\"col-lg-4 col-md-6\">\r\n\t\t\t\t\t\t\t<div class=\"card mb-30 color-3\" data-aos=\"fade-up\" data-aos-delay=\"300\">\r\n\t\t\t\t\t\t\t\t<div class=\"icon\">\r\n\t\t\t\t\t\t\t\t\t\t\t\t\t\t\t\t\t\t\t\t\t\t\t\t\t\t\t\t\t\t<i class=\"fal fa-map-marker-alt\"><\/i>\t\t\t\t\t\t\t\t\t\t\t\t\t\t\t\t\t\t\t\t\t\t\t\t\t\t\t<\/div>\r\n\t\t\t\t\t\t\t\t<div class=\"card-text\">\r\n\t\t\t\t\t\t\t\t\t\t\t\t\t\t\t\t\t\t\t\t\t\t\t\t\t\t\t\t\t\t<p>\r\n\t\t\t\t\t\t\t\t\t\t\t\t\t\t\t\t\t\t\t\t\t\t\t\t\tAv. Pref. Pedro Paschoal, 1544\nJd Paraiso\nBebedouro\/SP\t\t\t\t\t\t\t\t\t\t\t\t\t\t\t\t\t\t\t\t\t\t\t<\/p>\r\n\t\t\t\t\t\t\t\t\t\t\t\t\t\t\t\t\t\t\t\t\t\t\t\t\t\t\t<\/div>\r\n\t\t\t\t\t\t\t<\/div>\r\n\t\t\t\t\t\t<\/div>\r\n\t\t\t\t\t\t\t\t\t<\/div>\r\n\t\t\t\t<div class=\"pb-70\"><\/div>\r\n\t\t\t\t\t\t\t\t\t\t<div class=\"row gx-xl-5\">\r\n\t\t\t\t\t\t\t\t\t\t\t<div class=\"col-lg-6 mb-30\" data-aos=\"fade-left\">\r\n\t\t\t\t\t\t\t\t\t\t\t\t<div class=\"content-title\">\r\n\t\t\t\t\t\t\t\t\t\t\t\t\t\t\t\t\t<span class=\"subtitle color-primary mb-15 d-block\">Fale Conosco<\/span>\r\n\t\t\t\t\t\t\t\t\t\t\t\t\t\t\t\t\t\t\t\t\t\t\t\t\t<h2 class=\"mb-20\">Como podemos ajudar?<\/h2>\r\n\t\t\t\t\t\t\t\t\t\t\t\t\t\t\t\t\t\t\t\t\t\t\t\t\t\t\t\t\t\t\t\t\t\t\t<p class=\"mb-20\">N\u00f3s temos uma pol\u00edtica de excel\u00eancia no atendimento desde o primeiro contato at\u00e9 o p\u00f3s-venda. Por isso disponibilizamos diversos canais de comunica\u00e7\u00e3o entre nossos clientes e os diversos departamentos de nossa empresa.\n<\/p>\r\n\t\t\t\t\t\t\t\t\t\t\t\t\t\t\t\t\t\t\t\t\t\t\t\t<\/div>\r\n\t\t\t\t\t\t<\/div>\r\n\t\t\t\t\t\t\t\t\t\t\t<div class=\"col-lg-6 mb-30 order-lg-first\" data-aos=\"fade-right\">\r\n\t\t\t\t\t\t\t\n<div class=\"wpcf7 no-js\" id=\"wpcf7-f1381-o1\" lang=\"en-US\" dir=\"ltr\" data-wpcf7-id=\"1381\">\n<div class=\"screen-reader-response\"><p role=\"status\" aria-live=\"polite\" aria-atomic=\"true\"><\/p> <ul><\/ul><\/div>\n<form action=\"\/pnd-2486\/wp-json\/wp\/v2\/pages\/82#wpcf7-f1381-o1\" method=\"post\" class=\"wpcf7-form init\" aria-label=\"Contact form\" novalidate=\"novalidate\" data-status=\"init\">\n<fieldset class=\"hidden-fields-container\"><input type=\"hidden\" name=\"_wpcf7\" value=\"1381\" \/><input type=\"hidden\" name=\"_wpcf7_version\" value=\"6.1.4\" \/><input type=\"hidden\" name=\"_wpcf7_locale\" value=\"en_US\" \/><input type=\"hidden\" name=\"_wpcf7_unit_tag\" value=\"wpcf7-f1381-o1\" \/><input type=\"hidden\" name=\"_wpcf7_container_post\" value=\"0\" \/><input type=\"hidden\" name=\"_wpcf7_posted_data_hash\" value=\"\" \/>\n<\/fieldset>\n<div id=\"contactForm\">\n\t<div class=\"row\">\n\t\t<div>\n\t\t\t<div class=\"form-group mb-20\">\n\t\t\t\t<input size=\"40\" maxlength=\"400\" class=\"wpcf7-form-control wpcf7-text wpcf7-validates-as-required form-control\" id=\"name\" aria-required=\"true\" aria-invalid=\"false\" placeholder=\"Seu Nome*\" value=\"\" type=\"text\" name=\"your-name\" \/>\n\t\t\t<\/div>\n\t\t<\/div>\n\n\t\t<div>\n\t\t\t<div class=\"form-group mb-20\">\n\t\t\t\t<input size=\"40\" maxlength=\"400\" class=\"wpcf7-form-control wpcf7-email wpcf7-validates-as-required wpcf7-text wpcf7-validates-as-email form-control\" id=\"email\" aria-required=\"true\" aria-invalid=\"false\" placeholder=\"Seu Email*\" value=\"\" type=\"email\" name=\"your-email\" \/>\n\t\t\t<\/div>\n\t\t<\/div>\n\n\t\t<div>\n\t\t\t<div class=\"form-group mb-20\">\n\t\t\t\t<textarea cols=\"40\" rows=\"10\" maxlength=\"2000\" class=\"wpcf7-form-control wpcf7-textarea wpcf7-validates-as-required form-control\" id=\"message\" aria-required=\"true\" aria-invalid=\"false\" placeholder=\"Sua Mensagem...\" name=\"your-message\"><\/textarea>\n\t\t\t<\/div>\n\t\t<\/div>\n\n\t\t<div>\n\t\t\t<input class=\"wpcf7-form-control wpcf7-submit has-spinner btn btn-lg btn-primary\" type=\"submit\" value=\"Enviar Mensagem\" \/>\n\t\t<\/div>\n\t<\/div>\n<\/div><div class=\"wpcf7-response-output\" aria-hidden=\"true\"><\/div>\n<\/form>\n<\/div>\n\t\t\t\t\t\t<\/div>\r\n\t\t\t\t\t\t\t\t\t<\/div>\r\n\t\t\t\t<div class=\"pb-70\"><\/div>\r\n\t\t\t\t\t<\/div>\r\n\t\t\t\t<div class=\"container-fluid px-0\">\r\n\t\t\t<div class=\"map\" data-aos=\"fade-up\">\r\n\t\t\t\t<div class=\"lazy-container ratio ratio-21-8\">\r\n\t\t\t\t\t<iframe class=\"lazyload\" id=\"map\" src=\"https:\/\/www.google.com\/maps\/embed?pb=!1m18!1m12!1m3!1d29810.300344331543!2d-48.51368769095726!3d-20.94096476390578!2m3!1f0!2f0!3f0!3m2!1i1024!2i768!4f13.1!3m3!1m2!1s0x94bbe5d9e0732ae9%3A0x8385b70f26c92abc!2zQ2xhdWRpw6NvIFZlw61jdWxvcw!5e0!3m2!1spt-BR!2sbr!4v1770451044842!5m2!1spt-BR!2sbr\" allowfullscreen=\"\" loading=\"lazy\" referrerpolicy=\"no-referrer-when-downgrade\"><\/iframe>\t\t\t\t<\/div>\r\n\t\t\t<\/div>\r\n\t\t<\/div>\r\n\t<\/div>\r\n\r\n\r\n\t\t\t\t<\/div>\n\t\t\t\t<\/div>\n\t\t\t\t\t<\/div>\n\t\t<\/div>\n\t\t\t\t\t<\/div>\n\t\t<\/section>\n\t\t\t\t<\/div>\n\t\t","protected":false},"excerpt":{"rendered":"<p>Contact Home \/ Contact (17) 99171.7736 vazdacostaclaudio@gmail.com Av. Pref. Pedro Paschoal, 1544 Jd Paraiso Bebedouro\/SP Fale Conosco Como podemos ajudar? N\u00f3s temos uma pol\u00edtica de excel\u00eancia no atendimento desde o primeiro contato at\u00e9 o p\u00f3s-venda. Por isso disponibilizamos diversos canais de comunica\u00e7\u00e3o entre nossos clientes e os diversos departamentos de nossa empresa.<\/p>\n","protected":false},"author":1,"featured_media":0,"parent":0,"menu_order":0,"comment_status":"closed","ping_status":"closed","template":"page-templates\/furious-template.php","meta":{"_acf_changed":false,"footnotes":""},"class_list":["post-82","page","type-page","status-publish","hentry"],"acf":[],"_links":{"self":[{"href":"https:\/\/oiweb4.com\/pnd-2486\/wp-json\/wp\/v2\/pages\/82","targetHints":{"allow":["GET"]}}],"collection":[{"href":"https:\/\/oiweb4.com\/pnd-2486\/wp-json\/wp\/v2\/pages"}],"about":[{"href":"https:\/\/oiweb4.com\/pnd-2486\/wp-json\/wp\/v2\/types\/page"}],"author":[{"embeddable":true,"href":"https:\/\/oiweb4.com\/pnd-2486\/wp-json\/wp\/v2\/users\/1"}],"replies":[{"embeddable":true,"href":"https:\/\/oiweb4.com\/pnd-2486\/wp-json\/wp\/v2\/comments?post=82"}],"version-history":[{"count":8,"href":"https:\/\/oiweb4.com\/pnd-2486\/wp-json\/wp\/v2\/pages\/82\/revisions"}],"predecessor-version":[{"id":1598,"href":"https:\/\/oiweb4.com\/pnd-2486\/wp-json\/wp\/v2\/pages\/82\/revisions\/1598"}],"wp:attachment":[{"href":"https:\/\/oiweb4.com\/pnd-2486\/wp-json\/wp\/v2\/media?parent=82"}],"curies":[{"name":"wp","href":"https:\/\/api.w.org\/{rel}","templated":true}]}}