{"id":74,"date":"2024-06-24T03:41:13","date_gmt":"2024-06-24T03:41:13","guid":{"rendered":"https:\/\/shthemes.net\/demosd\/furious\/?page_id=74"},"modified":"2026-02-07T04:53:14","modified_gmt":"2026-02-07T07:53:14","slug":"sobre-nos","status":"publish","type":"page","link":"https:\/\/oiweb4.com\/pnd-2486\/sobre-nos\/","title":{"rendered":"sobre n\u00f3s"},"content":{"rendered":"\t\t<div data-elementor-type=\"wp-page\" data-elementor-id=\"74\" class=\"elementor elementor-74\" data-elementor-post-type=\"page\">\n\t\t\t\t\t\t<section class=\"elementor-section elementor-top-section elementor-element elementor-element-4570507 elementor-section-full_width elementor-section-height-default elementor-section-height-default\" data-id=\"4570507\" data-element_type=\"section\" data-e-type=\"section\">\n\t\t\t\t\t\t<div class=\"elementor-container elementor-column-gap-no\">\n\t\t\t\t\t<div class=\"elementor-column elementor-col-100 elementor-top-column elementor-element elementor-element-c23dac0\" data-id=\"c23dac0\" data-element_type=\"column\" data-e-type=\"column\">\n\t\t\t<div class=\"elementor-widget-wrap elementor-element-populated\">\n\t\t\t\t\t\t<div class=\"elementor-element elementor-element-48143b1 elementor-align-left elementor-widget elementor-widget-bdevs-breadcrumb-section\" data-id=\"48143b1\" data-element_type=\"widget\" data-e-type=\"widget\" data-widget_type=\"bdevs-breadcrumb-section.default\">\n\t\t\t\t<div class=\"elementor-widget-container\">\n\t\t\t\t\t\r\n<div class=\"page-title-area pb-100 bg-img bg-s-cover\" data-bg-image=\"https:\/\/shthemes.net\/demosd\/furious\/wp-content\/uploads\/2024\/06\/page-title-bg-4.jpg\">\r\n\t<div class=\"container\">\r\n\t\t<div class=\"content\">\r\n\t\t\t\t\t\t\t<h2>About Us<\/h2>\r\n\t\t\t\t\t\t\t\t\t\t<ul class=\"list-unstyled\">\r\n\t\t\t\t\t\t\t\t\t\t\t\t\t\t\t\t\t\t\t\t\t\t\t\t\t\t\t\t\t\t\t\t\t\t\t<li class=\"d-inline\">\r\n\t\t\t\t\t\t\t\t\t\t<a href=\"https:\/\/shthemes.net\/demosd\/furious\">\r\n\t\t\t\t\t\t\t\t\t\t\tHome\t\t\t\t\t\t\t\t\t\t<\/a>\r\n\t\t\t\t\t\t\t\t\t<\/li>\r\n\t\t\t\t\t\t\t\t\t\t\t\t\t\t\t\t\t\t\t\t\t\t\t\t\t\t\t\t\t\t\t\t\t\t\t\t\t\t\t\t\t\t\t\t\t\t\t\t\t\t\t\t\t\t\t\t<li class=\"d-inline\">\/<\/li>\r\n\t\t\t\t\t\t\t\t\t<li class=\"d-inline active opacity-75\">\r\n\t\t\t\t\t\t\t\t\t\tAbout\t\t\t\t\t\t\t\t\t<\/li>\r\n\t\t\t\t\t\t\t\t\t\t\t\t\t\t\t\t\t\t\t\t\t\t\t\t\t\t\t\t\t\t<\/ul>\r\n\t\t\t\t\t<\/div>\r\n\t<\/div>\r\n<\/div>\r\n\r\n\r\n\r\n\r\n\t\t\t\t<\/div>\n\t\t\t\t<\/div>\n\t\t\t\t\t<\/div>\n\t\t<\/div>\n\t\t\t\t\t<\/div>\n\t\t<\/section>\n\t\t\t\t<section class=\"elementor-section elementor-top-section elementor-element elementor-element-eeacd05 elementor-section-full_width elementor-section-height-default elementor-section-height-default\" data-id=\"eeacd05\" data-element_type=\"section\" data-e-type=\"section\">\n\t\t\t\t\t\t<div class=\"elementor-container elementor-column-gap-no\">\n\t\t\t\t\t<div class=\"elementor-column elementor-col-100 elementor-top-column elementor-element elementor-element-463cfbf\" data-id=\"463cfbf\" data-element_type=\"column\" data-e-type=\"column\">\n\t\t\t<div class=\"elementor-widget-wrap elementor-element-populated\">\n\t\t\t\t\t\t<div class=\"elementor-element elementor-element-b26e8f0 elementor-align-left elementor-widget elementor-widget-bdevs-about-section\" data-id=\"b26e8f0\" data-element_type=\"widget\" data-e-type=\"widget\" data-widget_type=\"bdevs-about-section.default\">\n\t\t\t\t<div class=\"elementor-widget-container\">\n\t\t\t\t\t\r\n<section class=\"about-area pt-100 pb-60\">\r\n\t<div class=\"container\">\r\n\t\t<div class=\"row gx-xl-5 align-items-center\">\r\n\t\t\t\t\t\t\t<div class=\"col-lg-6\" data-aos=\"fade-up\" data-aos-duration=\"1000\">\r\n\t\t\t\t\t<div class=\"image mb-40\">\r\n\t\t\t\t\t\t<img decoding=\"async\" class=\"lazyload blur-up\" src=\"https:\/\/oiweb4.com\/pnd-2486\/wp-content\/themes\/furious\/assets\/images\/placeholder.png\" data-src=\"https:\/\/shthemes.net\/demosd\/furious\/wp-content\/uploads\/2024\/06\/about.png\" alt=\"\">\r\n\t\t\t\t\t<\/div>\r\n\t\t\t\t<\/div>\r\n\t\t\t\t\t\t\t\t\t\t<div class=\"col-lg-6\" data-aos=\"fade-up\">\r\n\t\t\t\t\t\t\t\t<div class=\"content-title mb-40\">\r\n\t\t\t\t\t\t\t\t\t\t\t\t\t<span class=\"subtitle mb-10 color-primary\">Quem Somos<\/span>\r\n\t\t\t\t\t\t\t\t\t\t\t\t\t\t\t\t\t\t\t<h2 class=\"title mb-25\">Bem-vindo \u00e0 Claudi\u00e3o Ve\u00edculos<\/h2>\r\n\t\t\t\t\t\t\t\t\t\t\t\t<div class=\"text\">\r\n\t\t\t\t\t\t\t\t\t\t\t\t\t\t\t\t\t\t\t\t\t\t\t\t<p>sua escolha confi\u00e1vel para encontrar o ve\u00edculo perfeito para suas necessidades! Com uma vasta sele\u00e7\u00e3o de carros de qualidade, estamos aqui para ajud\u00e1-lo a encontrar o carro dos seus sonhos.<\/p>\r\n\t\t\t\t\t\t\t\t\t\t\t\t\t\t\t\t\t\t\t\t\t\t\t\t\t\t\t\t\t\t\t\t<p>Na Claudi\u00e3o Ve\u00edculos, priorizamos a satisfa\u00e7\u00e3o do cliente e a transpar\u00eancia em todos os aspectos. Nossa equipe dedicada est\u00e1 pronta para ajud\u00e1-lo em cada etapa do processo de compra, desde a sele\u00e7\u00e3o at\u00e9 o financiamento, garantindo uma experi\u00eancia tranquila e sem complica\u00e7\u00f5es.\nVisite-nos hoje mesmo e descubra por que a Cl\u00e1udio Ve\u00edculos \u00e9 a escolha preferida de tantos clientes satisfeitos. Estamos ansiosos para ajud\u00e1-lo a encontrar o carro perfeito para voc\u00ea!<\/p>\r\n\t\t\t\t\t\t\t\t\t\t\t\t\t\t\t\t\t\t\t\t\t<\/div>\r\n\t\t\t\t\t\t\t\t\t\t\t<\/div>\r\n\t\t\t\t<\/div>\r\n\t\t<\/div>\r\n\t<\/div>\r\n<\/section>\r\n\r\n\r\n\t\t\t\t<\/div>\n\t\t\t\t<\/div>\n\t\t\t\t\t<\/div>\n\t\t<\/div>\n\t\t\t\t\t<\/div>\n\t\t<\/section>\n\t\t\t\t<section class=\"elementor-section elementor-top-section elementor-element elementor-element-3f31ad1 elementor-section-full_width elementor-section-height-default elementor-section-height-default\" data-id=\"3f31ad1\" data-element_type=\"section\" data-e-type=\"section\">\n\t\t\t\t\t\t<div class=\"elementor-container elementor-column-gap-no\">\n\t\t\t\t\t<div class=\"elementor-column elementor-col-100 elementor-top-column elementor-element elementor-element-14c0d50\" data-id=\"14c0d50\" data-element_type=\"column\" data-e-type=\"column\">\n\t\t\t<div class=\"elementor-widget-wrap elementor-element-populated\">\n\t\t\t\t\t\t<div class=\"elementor-element elementor-element-2ab1ba0 elementor-align-left elementor-widget elementor-widget-bdevs-step-section\" data-id=\"2ab1ba0\" data-element_type=\"widget\" data-e-type=\"widget\" data-widget_type=\"bdevs-step-section.default\">\n\t\t\t\t<div class=\"elementor-widget-container\">\n\t\t\t\t\t\r\n<section class=\"steps-area pb-70\">\r\n\t<div class=\"container\">\r\n\t\t<div class=\"row\">\r\n\t\t\t\t\t\t\t<div class=\"col-12\">\r\n\t\t\t\t\t<div class=\"section-title title-center mb-50\" data-aos=\"fade-up\">\r\n\t\t\t\t\t\t\t\t\t\t\t\t\t<span class=\"subtitle mb-10\">Valores<\/span>\r\n\t\t\t\t\t\t\t\t\t\t\t\t\t\t\t\t\t\t\t<h2 class=\"title\">Seguimos <span>03 princ\u00edpios<\/span><\/h2>\r\n\t\t\t\t\t\t\t\t\t\t\t<\/div>\r\n\t\t\t\t<\/div>\r\n\t\t\t\t\t\t<div class=\"col-12\">\r\n\t\t\t\t<div class=\"row\">\r\n\t\t\t\t\t\t\t\t\t\t\t<div class=\"col-lg-4 col-md-6\" data-aos=\"fade-up\" data-aos-delay=\"100\">\r\n\t\t\t\t\t\t\t<div class=\"card align-items-center text-center radius-md p-25 mb-30\">\r\n\t\t\t\t\t\t\t\t\t\t\t\t\t\t\t\t\t<div class=\"card-icon radius-md mb-25\">\r\n\t\t\t\t\t\t\t\t\t\t\t\t\t\t\t\t\t\t\t\t\t<i class=\"ico-truck\"><\/i>\t\t\t\t\t\t\t\t\t\t\t\t\t\t\t\t\t\t\t<\/div>\r\n\t\t\t\t\t\t\t\t\t\t\t\t\t\t\t\t\t\t\t\t\t\t\t\t\t<div class=\"card-content\">\r\n\t\t\t\t\t\t\t\t\t\t\t\t\t\t\t\t\t\t\t\t\t\t\t\t\t\t\t\t\t\t\t\t\t<h4 class=\"card-title mb-20\">Miss\u00e3o<\/h4>\r\n\t\t\t\t\t\t\t\t\t\t\t\t\t\t\t\t\t\t\t\t\t\t\t\t\t\t\t\t\t\t\t\t\t\t\t\t\t\t\t\t\t\t<p class=\"card-text lc-3\">Nossa miss\u00e3o \u00e9 levar at\u00e9 nossos clientes a realiza\u00e7\u00e3o de sonho de maneira transparente, justa e que atenda 100% de sua expectativa.<\/p>\r\n\t\t\t\t\t\t\t\t\t\t\t\t\t\t\t\t\t\t\t<\/div>\r\n\t\t\t\t\t\t\t\t\t\t\t\t\t\t\t\t<span class=\"text-stroke h2\">\r\n\t\t\t\t\t\t\t\t\t\t\t\t\t\t\t\t\t\t\t01\t\t\t\t\t\t\t\t\t\t\t\t\t\t\t\t\t<\/span>\r\n\t\t\t\t\t\t\t<\/div>\r\n\t\t\t\t\t\t<\/div>\r\n\t\t\t\t\t\t\t\t\t\t\t<div class=\"col-lg-4 col-md-6\" data-aos=\"fade-up\" data-aos-delay=\"150\">\r\n\t\t\t\t\t\t\t<div class=\"card align-items-center text-center radius-md p-25 mb-30\">\r\n\t\t\t\t\t\t\t\t\t\t\t\t\t\t\t\t\t<div class=\"card-icon radius-md mb-25\">\r\n\t\t\t\t\t\t\t\t\t\t\t\t\t\t\t\t\t\t\t\t\t<i class=\"ico-dollar-mail\"><\/i>\t\t\t\t\t\t\t\t\t\t\t\t\t\t\t\t\t\t\t<\/div>\r\n\t\t\t\t\t\t\t\t\t\t\t\t\t\t\t\t\t\t\t\t\t\t\t\t\t<div class=\"card-content\">\r\n\t\t\t\t\t\t\t\t\t\t\t\t\t\t\t\t\t\t\t\t\t\t\t\t\t\t\t\t\t\t\t\t\t<h4 class=\"card-title mb-20\">Vis\u00e3o<\/h4>\r\n\t\t\t\t\t\t\t\t\t\t\t\t\t\t\t\t\t\t\t\t\t\t\t\t\t\t\t\t\t\t\t\t\t\t\t\t\t\t\t\t\t\t<p class=\"card-text lc-3\">Estudamos caso a caso para que possamos entender a necessidade e desejo de nossos clientes, buscando assim entregar a melhor op\u00e7\u00e3o em absolutamente todos neg\u00f3cios.<\/p>\r\n\t\t\t\t\t\t\t\t\t\t\t\t\t\t\t\t\t\t\t<\/div>\r\n\t\t\t\t\t\t\t\t\t\t\t\t\t\t\t\t<span class=\"text-stroke h2\">\r\n\t\t\t\t\t\t\t\t\t\t\t\t\t\t\t\t\t\t\t02\t\t\t\t\t\t\t\t\t\t\t\t\t\t\t\t\t<\/span>\r\n\t\t\t\t\t\t\t<\/div>\r\n\t\t\t\t\t\t<\/div>\r\n\t\t\t\t\t\t\t\t\t\t\t<div class=\"col-lg-4 col-md-6\" data-aos=\"fade-up\" data-aos-delay=\"200\">\r\n\t\t\t\t\t\t\t<div class=\"card align-items-center text-center radius-md p-25 mb-30\">\r\n\t\t\t\t\t\t\t\t\t\t\t\t\t\t\t\t\t<div class=\"card-icon radius-md mb-25\">\r\n\t\t\t\t\t\t\t\t\t\t\t\t\t\t\t\t\t\t\t\t\t<i class=\"ico-dollar-note\"><\/i>\t\t\t\t\t\t\t\t\t\t\t\t\t\t\t\t\t\t\t<\/div>\r\n\t\t\t\t\t\t\t\t\t\t\t\t\t\t\t\t\t\t\t\t\t\t\t\t\t<div class=\"card-content\">\r\n\t\t\t\t\t\t\t\t\t\t\t\t\t\t\t\t\t\t\t\t\t\t\t\t\t\t\t\t\t\t\t\t\t<h4 class=\"card-title mb-20\">Valores<\/h4>\r\n\t\t\t\t\t\t\t\t\t\t\t\t\t\t\t\t\t\t\t\t\t\t\t\t\t\t\t\t\t\t\t\t\t\t\t\t\t\t\t\t\t\t<p class=\"card-text lc-3\">Exclusividade, transpar\u00eancia e confian\u00e7a \u00e9 o que nos move!<\/p>\r\n\t\t\t\t\t\t\t\t\t\t\t\t\t\t\t\t\t\t\t<\/div>\r\n\t\t\t\t\t\t\t\t\t\t\t\t\t\t\t\t<span class=\"text-stroke h2\">\r\n\t\t\t\t\t\t\t\t\t\t\t\t\t\t\t\t\t\t\t03\t\t\t\t\t\t\t\t\t\t\t\t\t\t\t\t\t<\/span>\r\n\t\t\t\t\t\t\t<\/div>\r\n\t\t\t\t\t\t<\/div>\r\n\t\t\t\t\t\t\t\t\t<\/div>\r\n\t\t\t<\/div>\r\n\t\t<\/div>\r\n\t<\/div>\r\n<\/section>\r\n\r\n\r\n\t\t\t\t<\/div>\n\t\t\t\t<\/div>\n\t\t\t\t\t<\/div>\n\t\t<\/div>\n\t\t\t\t\t<\/div>\n\t\t<\/section>\n\t\t\t\t<\/div>\n\t\t","protected":false},"excerpt":{"rendered":"<p>About Us Home \/ About Quem Somos Bem-vindo \u00e0 Claudi\u00e3o Ve\u00edculos sua escolha confi\u00e1vel para encontrar o ve\u00edculo perfeito para suas necessidades! Com uma vasta sele\u00e7\u00e3o de carros de qualidade, estamos aqui para ajud\u00e1-lo a encontrar o carro dos seus sonhos. Na Claudi\u00e3o Ve\u00edculos, priorizamos a satisfa\u00e7\u00e3o do cliente e a transpar\u00eancia em todos os [&hellip;]<\/p>\n","protected":false},"author":1,"featured_media":0,"parent":0,"menu_order":0,"comment_status":"closed","ping_status":"closed","template":"page-templates\/furious-template.php","meta":{"_acf_changed":false,"footnotes":""},"class_list":["post-74","page","type-page","status-publish","hentry"],"acf":[],"_links":{"self":[{"href":"https:\/\/oiweb4.com\/pnd-2486\/wp-json\/wp\/v2\/pages\/74","targetHints":{"allow":["GET"]}}],"collection":[{"href":"https:\/\/oiweb4.com\/pnd-2486\/wp-json\/wp\/v2\/pages"}],"about":[{"href":"https:\/\/oiweb4.com\/pnd-2486\/wp-json\/wp\/v2\/types\/page"}],"author":[{"embeddable":true,"href":"https:\/\/oiweb4.com\/pnd-2486\/wp-json\/wp\/v2\/users\/1"}],"replies":[{"embeddable":true,"href":"https:\/\/oiweb4.com\/pnd-2486\/wp-json\/wp\/v2\/comments?post=74"}],"version-history":[{"count":6,"href":"https:\/\/oiweb4.com\/pnd-2486\/wp-json\/wp\/v2\/pages\/74\/revisions"}],"predecessor-version":[{"id":1534,"href":"https:\/\/oiweb4.com\/pnd-2486\/wp-json\/wp\/v2\/pages\/74\/revisions\/1534"}],"wp:attachment":[{"href":"https:\/\/oiweb4.com\/pnd-2486\/wp-json\/wp\/v2\/media?parent=74"}],"curies":[{"name":"wp","href":"https:\/\/api.w.org\/{rel}","templated":true}]}}