{"id":499,"date":"2025-07-28T16:11:57","date_gmt":"2025-07-28T19:11:57","guid":{"rendered":"https:\/\/oiweb4.com\/pnd-2473\/?page_id=499"},"modified":"2025-07-30T14:50:11","modified_gmt":"2025-07-30T17:50:11","slug":"quem-somos","status":"publish","type":"page","link":"https:\/\/oiweb4.com\/pnd-2473\/quem-somos\/","title":{"rendered":"quem somos"},"content":{"rendered":"\t\t<div data-elementor-type=\"wp-page\" data-elementor-id=\"499\" class=\"elementor elementor-499\" data-elementor-post-type=\"page\">\n\t\t\t\t<div class=\"elementor-element elementor-element-6ab633dc e-con-full e-flex e-con e-parent\" data-id=\"6ab633dc\" data-element_type=\"container\" data-settings=\"{&quot;background_background&quot;:&quot;classic&quot;}\">\n\t\t\t\t<div class=\"elementor-element elementor-element-690209a elementor-widget elementor-widget-heading\" data-id=\"690209a\" data-element_type=\"widget\" data-widget_type=\"heading.default\">\n\t\t\t\t\t<h2 class=\"elementor-heading-title elementor-size-default\">Quem Somos<\/h2>\t\t\t\t<\/div>\n\t\t\t\t<div class=\"elementor-element elementor-element-2c12045f elementor-widget-divider--view-line elementor-widget elementor-widget-divider\" data-id=\"2c12045f\" data-element_type=\"widget\" data-widget_type=\"divider.default\">\n\t\t\t\t\t\t\t<div class=\"elementor-divider\">\n\t\t\t<span class=\"elementor-divider-separator\">\n\t\t\t\t\t\t<\/span>\n\t\t<\/div>\n\t\t\t\t\t\t<\/div>\n\t\t\t\t<\/div>\n\t\t<div class=\"elementor-element elementor-element-012042d e-grid e-con-boxed e-con e-parent\" data-id=\"012042d\" data-element_type=\"container\">\n\t\t\t\t\t<div class=\"e-con-inner\">\n\t\t\t\t<div class=\"elementor-element elementor-element-4755b36 elementor-widget elementor-widget-text-editor\" data-id=\"4755b36\" data-element_type=\"widget\" data-widget_type=\"text-editor.default\">\n\t\t\t\t\t\t\t\t\t<p><span data-contrast=\"auto\">A <\/span><b><span data-contrast=\"auto\">VERD\u00c9S Bioenergia<\/span><\/b><span data-contrast=\"auto\"> nasce com um prop\u00f3sito claro: desenvolver e oferecer solu\u00e7\u00f5es tecnol\u00f3gicas sustent\u00e1veis e eficientes para o aproveitamento e valoriza\u00e7\u00e3o do carv\u00e3o vegetal e de res\u00edduos industriais ao longo das cadeias de energia, minera\u00e7\u00e3o e metalurgia.<\/span><span data-ccp-props=\"{&quot;335551550&quot;:6,&quot;335551620&quot;:6}\">\u00a0<\/span><\/p><p><span data-contrast=\"auto\">Somos uma <\/span><i><span data-contrast=\"auto\">start-up<\/span><\/i><span data-contrast=\"auto\"> com alma inovadora e ra\u00edzes profundas. Carregamos em nosso DNA mais de 116 anos de experi\u00eancia em engenharia de processos da <\/span><b><span data-contrast=\"auto\">Verd\u00e9s M\u00e1quinas e Instala\u00e7\u00f5es<\/span><\/b><span data-contrast=\"auto\">, refer\u00eancia mundial no fornecimento de equipamentos robustos e de alta performance para os setores de cer\u00e2mica, minera\u00e7\u00e3o, fertilizantes e biomassa \u2014 com presen\u00e7a s\u00f3lida no Brasil h\u00e1 mais de cinco d\u00e9cadas.<\/span><span data-ccp-props=\"{&quot;335551550&quot;:6,&quot;335551620&quot;:6}\">\u00a0<\/span><\/p><p><span data-contrast=\"auto\">Combinando esse legado \u00e0 vis\u00e3o de futuro, a <\/span><b><span data-contrast=\"auto\">VERD\u00c9S Bioenergia<\/span><\/b><span data-contrast=\"auto\"> adapta e expande tecnologias consagradas de britagem, moagem, mistura, extrus\u00e3o e estocagem para aplica\u00e7\u00f5es voltadas \u00e0 bioenergia, \u00e0 economia circular e \u00e0 descarboniza\u00e7\u00e3o de processos industriais. Nossos projetos de briquetagem e peletiza\u00e7\u00e3o s\u00e3o desenvolvidos com foco nas cadeias do carv\u00e3o vegetal e da minera\u00e7\u00e3o-metalurgia-siderurgia, obtendo a transforma\u00e7\u00e3o de rejeitos e res\u00edduos em valor \u2014 ambiental, energ\u00e9tico e econ\u00f4mico.<\/span><span data-ccp-props=\"{&quot;335551550&quot;:6,&quot;335551620&quot;:6}\">\u00a0<\/span><\/p><p><span data-contrast=\"auto\">Acreditamos que inova\u00e7\u00e3o respons\u00e1vel, quando guiada por conhecimento t\u00e9cnico e compromisso com a sustentabilidade, pode reconfigurar setores inteiros. Por isso, trabalhamos em parceria com empresas, universidades, centros de pesquisa e operadores industriais, desenvolvendo solu\u00e7\u00f5es customizadas, confi\u00e1veis e orientadas a resultados reais.<\/span><span data-ccp-props=\"{&quot;335551550&quot;:6,&quot;335551620&quot;:6}\">\u00a0<\/span><\/p><p><b><span data-contrast=\"auto\">VERD\u00c9S Bioenergia: tecnologia com prop\u00f3sito, engenharia com responsabilidade.<\/span><\/b><\/p>\t\t\t\t\t\t\t\t<\/div>\n\t\t\t\t\t<\/div>\n\t\t\t\t<\/div>\n\t\t\t\t<\/div>\n\t\t","protected":false},"excerpt":{"rendered":"<p>Quem Somos A VERD\u00c9S Bioenergia nasce com um prop\u00f3sito claro: desenvolver e oferecer solu\u00e7\u00f5es tecnol\u00f3gicas sustent\u00e1veis e eficientes para o aproveitamento e valoriza\u00e7\u00e3o do carv\u00e3o vegetal e de res\u00edduos industriais ao longo das cadeias de energia, minera\u00e7\u00e3o e metalurgia.\u00a0 Somos uma start-up com alma inovadora e ra\u00edzes profundas. Carregamos em nosso DNA mais de 116 [&hellip;]<\/p>\n","protected":false},"author":1,"featured_media":0,"parent":0,"menu_order":0,"comment_status":"closed","ping_status":"closed","template":"","meta":{"footnotes":""},"class_list":["post-499","page","type-page","status-publish","hentry"],"_links":{"self":[{"href":"https:\/\/oiweb4.com\/pnd-2473\/wp-json\/wp\/v2\/pages\/499","targetHints":{"allow":["GET"]}}],"collection":[{"href":"https:\/\/oiweb4.com\/pnd-2473\/wp-json\/wp\/v2\/pages"}],"about":[{"href":"https:\/\/oiweb4.com\/pnd-2473\/wp-json\/wp\/v2\/types\/page"}],"author":[{"embeddable":true,"href":"https:\/\/oiweb4.com\/pnd-2473\/wp-json\/wp\/v2\/users\/1"}],"replies":[{"embeddable":true,"href":"https:\/\/oiweb4.com\/pnd-2473\/wp-json\/wp\/v2\/comments?post=499"}],"version-history":[{"count":7,"href":"https:\/\/oiweb4.com\/pnd-2473\/wp-json\/wp\/v2\/pages\/499\/revisions"}],"predecessor-version":[{"id":619,"href":"https:\/\/oiweb4.com\/pnd-2473\/wp-json\/wp\/v2\/pages\/499\/revisions\/619"}],"wp:attachment":[{"href":"https:\/\/oiweb4.com\/pnd-2473\/wp-json\/wp\/v2\/media?parent=499"}],"curies":[{"name":"wp","href":"https:\/\/api.w.org\/{rel}","templated":true}]}}