{"id":265,"date":"2025-07-24T15:56:47","date_gmt":"2025-07-24T18:56:47","guid":{"rendered":"https:\/\/oiweb4.com\/pnd-2473\/?page_id=265"},"modified":"2025-08-01T18:51:13","modified_gmt":"2025-08-01T21:51:13","slug":"laboratorio","status":"publish","type":"page","link":"https:\/\/oiweb4.com\/pnd-2473\/laboratorio\/","title":{"rendered":"laboratorio"},"content":{"rendered":"\t\t<div data-elementor-type=\"wp-page\" data-elementor-id=\"265\" class=\"elementor elementor-265\" data-elementor-post-type=\"page\">\n\t\t\t\t<div class=\"elementor-element elementor-element-3683bc36 e-con-full e-flex e-con e-parent\" data-id=\"3683bc36\" data-element_type=\"container\" data-settings=\"{&quot;background_background&quot;:&quot;classic&quot;}\">\n\t\t\t\t<div class=\"elementor-element elementor-element-24d7c256 elementor-widget elementor-widget-heading\" data-id=\"24d7c256\" data-element_type=\"widget\" data-widget_type=\"heading.default\">\n\t\t\t\t\t<h2 class=\"elementor-heading-title elementor-size-default\">Laborat\u00f3rio e Plantas Industriais de Extrus\u00e3o <\/h2>\t\t\t\t<\/div>\n\t\t\t\t<div class=\"elementor-element elementor-element-1b15c209 elementor-widget-divider--view-line elementor-widget elementor-widget-divider\" data-id=\"1b15c209\" data-element_type=\"widget\" data-widget_type=\"divider.default\">\n\t\t\t\t\t\t\t<div class=\"elementor-divider\">\n\t\t\t<span class=\"elementor-divider-separator\">\n\t\t\t\t\t\t<\/span>\n\t\t<\/div>\n\t\t\t\t\t\t<\/div>\n\t\t\t\t<\/div>\n\t\t<div class=\"elementor-element elementor-element-285389d2 e-flex e-con-boxed e-con e-parent\" data-id=\"285389d2\" data-element_type=\"container\">\n\t\t\t\t\t<div class=\"e-con-inner\">\n\t\t<div class=\"elementor-element elementor-element-41c9599b e-con-full e-flex e-con e-child\" data-id=\"41c9599b\" data-element_type=\"container\">\n\t\t\t\t<div class=\"elementor-element elementor-element-69ef762 elementor-widget elementor-widget-heading\" data-id=\"69ef762\" data-element_type=\"widget\" data-widget_type=\"heading.default\">\n\t\t\t\t\t<h2 class=\"elementor-heading-title elementor-size-default\">At\u00e9 50kg | Testes de Conceito<\/h2>\t\t\t\t<\/div>\n\t\t\t\t<div class=\"elementor-element elementor-element-7f7d1e2 elementor-widget-divider--view-line elementor-widget elementor-widget-divider\" data-id=\"7f7d1e2\" data-element_type=\"widget\" data-widget_type=\"divider.default\">\n\t\t\t\t\t\t\t<div class=\"elementor-divider\">\n\t\t\t<span class=\"elementor-divider-separator\">\n\t\t\t\t\t\t<\/span>\n\t\t<\/div>\n\t\t\t\t\t\t<\/div>\n\t\t<div class=\"elementor-element elementor-element-37c1d07a e-con-full e-flex e-con e-child\" data-id=\"37c1d07a\" data-element_type=\"container\">\n\t\t\t\t<div class=\"elementor-element elementor-element-68bec1e8 elementor-widget elementor-widget-text-editor\" data-id=\"68bec1e8\" data-element_type=\"widget\" data-widget_type=\"text-editor.default\">\n\t\t\t\t\t\t\t\t\t<p><span data-contrast=\"none\">A grande variedade de materiais que podem ser processados com extrus\u00e3o\u00a0 torna imposs\u00edvel garantir a adequa\u00e7\u00e3o da m\u00e1quina e seu desempenho sem a realiza\u00e7\u00e3o pr\u00e9via de testes laboratoriais e semi-industriais.<\/span><span data-ccp-props=\"{}\">\u00a0<\/span><\/p><p><span data-contrast=\"none\">Nossas provas de conceito s\u00e3o realizadas em laborat\u00f3rio, onde aceitamos at\u00e9 50 kg de material e quaisquer aglutinantes considerados necess\u00e1rios. Se os resultados forem positivos, podemos prosseguir para testes industriais com quantidades de at\u00e9 50 toneladas de material.<\/span><span data-ccp-props=\"{}\">\u00a0<\/span><\/p><p><span data-contrast=\"none\">Para extrus\u00e3o, os par\u00e2metros mais importantes e aqueles nos quais focamos nossos testes s\u00e3o os seguintes:<\/span><span data-ccp-props=\"{}\">\u00a0<\/span><\/p>\t\t\t\t\t\t\t\t<\/div>\n\t\t<div class=\"elementor-element elementor-element-a88629f e-con-full elementor-hidden-desktop elementor-hidden-tablet e-flex e-con e-child\" data-id=\"a88629f\" data-element_type=\"container\">\n\t\t\t\t<div class=\"elementor-element elementor-element-a222c90 elementor-widget__width-initial elementor-widget elementor-widget-text-editor\" data-id=\"a222c90\" data-element_type=\"widget\" data-widget_type=\"text-editor.default\">\n\t\t\t\t\t\t\t\t\t<ul><li><span data-contrast=\"none\">Granulometria do material:<\/span><ul><li><span data-contrast=\"none\">Geralmente deve ser inferior a 4 mm;<\/span><\/li><\/ul><\/li><li><span data-contrast=\"none\">Umidade:<\/span><ul><li><span data-contrast=\"none\">At\u00e9 20%;<\/span><\/li><\/ul><\/li><li><span data-contrast=\"none\">Tipo e quantidade de ligante:<\/span><ul><li><span data-contrast=\"none\">Org\u00e2nico ou inorg\u00e2nico<\/span>;<\/li><\/ul><\/li><li><span data-contrast=\"none\">Extrus\u00e3o dura com vazio e a frio:<\/span><ul><li><span data-contrast=\"none\">Entre 25 e 45 kg\/cm2 a sa\u00edda maquina, depois cura superior<\/span><span data-ccp-props=\"{&quot;335559685&quot;:708,&quot;335559739&quot;:0}\">\u00a0<\/span><\/li><\/ul><\/li><li><span data-contrast=\"none\">Dura\u00e7\u00e3o da cura:<\/span><ul><li><span data-contrast=\"none\">Dura\u00e7\u00e3o da cura<\/span> <span data-contrast=\"none\">dependendo do material 1 \u2013 8 dias<\/span><span data-ccp-props=\"{&quot;335559685&quot;:708,&quot;335559739&quot;:0}\">\u00a0<\/span><\/li><\/ul><\/li><\/ul>\t\t\t\t\t\t\t\t<\/div>\n\t\t\t\t<\/div>\n\t\t<div class=\"elementor-element elementor-element-bf2edef e-con-full elementor-hidden-tablet elementor-hidden-mobile e-flex e-con e-child\" data-id=\"bf2edef\" data-element_type=\"container\">\n\t\t\t\t<div class=\"elementor-element elementor-element-0fdd16f elementor-widget__width-inherit elementor-widget elementor-widget-text-editor\" data-id=\"0fdd16f\" data-element_type=\"widget\" data-widget_type=\"text-editor.default\">\n\t\t\t\t\t\t\t\t\t<ul><li><span data-contrast=\"none\">Granulometria do material:\u00a0 \u00a0 \u00a0 \u00a0 \u00a0 \u00a0 \u00a0 \u00a0 \u00a0 \u00a0 Geralmente deve ser inferior a 4 mm;<\/span><\/li><li><span data-contrast=\"none\">Umidade:\u00a0 \u00a0 \u00a0 \u00a0 \u00a0 \u00a0 \u00a0 \u00a0 \u00a0 \u00a0 \u00a0 \u00a0 \u00a0 \u00a0 \u00a0 \u00a0 \u00a0 \u00a0 \u00a0 \u00a0 \u00a0 \u00a0 \u00a0 \u00a0 \u00a0 \u00a0At\u00e9 20%;<\/span><\/li><li><span data-contrast=\"none\">Tipo e quantidade de ligante:\u00a0 \u00a0 \u00a0 \u00a0 \u00a0 \u00a0 \u00a0 \u00a0 Org\u00e2nico ou inorg\u00e2nico;<\/span><\/li><li><span data-contrast=\"none\">Extrus\u00e3o dura com vazio e a frio:\u00a0 \u00a0 \u00a0 \u00a0 \u00a0Entre 25 e 45 kg\/cm2 a sa\u00edda maquina, depois cura superior;<\/span><\/li><li><span data-contrast=\"none\">Dura\u00e7\u00e3o da cura:\u00a0 \u00a0 \u00a0 \u00a0 \u00a0 \u00a0 \u00a0 \u00a0 \u00a0 \u00a0 \u00a0 \u00a0 \u00a0 \u00a0 \u00a0 \u00a0 \u00a0 \u00a0 \u00a0Dura\u00e7\u00e3o da cura dependendo do material 1 \u2013 8 dias\u00a0<\/span><\/li><\/ul>\t\t\t\t\t\t\t\t<\/div>\n\t\t\t\t<\/div>\n\t\t<div class=\"elementor-element elementor-element-6f006f2 e-con-full e-grid e-con e-child\" data-id=\"6f006f2\" data-element_type=\"container\">\n\t\t\t\t<div class=\"elementor-element elementor-element-82a3147 elementor-widget elementor-widget-image\" data-id=\"82a3147\" data-element_type=\"widget\" data-widget_type=\"image.default\">\n\t\t\t\t\t\t\t\t\t\t\t\t\t\t\t<img fetchpriority=\"high\" decoding=\"async\" width=\"800\" height=\"450\" src=\"https:\/\/oiweb4.com\/pnd-2473\/wp-content\/uploads\/2025\/07\/PHOTO-2025-07-25-16-22-51-1024x576.jpg\" class=\"attachment-large size-large wp-image-483\" alt=\"\" srcset=\"https:\/\/oiweb4.com\/pnd-2473\/wp-content\/uploads\/2025\/07\/PHOTO-2025-07-25-16-22-51-1024x576.jpg 1024w, https:\/\/oiweb4.com\/pnd-2473\/wp-content\/uploads\/2025\/07\/PHOTO-2025-07-25-16-22-51-300x169.jpg 300w, https:\/\/oiweb4.com\/pnd-2473\/wp-content\/uploads\/2025\/07\/PHOTO-2025-07-25-16-22-51-768x432.jpg 768w, https:\/\/oiweb4.com\/pnd-2473\/wp-content\/uploads\/2025\/07\/PHOTO-2025-07-25-16-22-51.jpg 1280w\" sizes=\"(max-width: 800px) 100vw, 800px\" \/>\t\t\t\t\t\t\t\t\t\t\t\t\t\t\t<\/div>\n\t\t\t\t<div class=\"elementor-element elementor-element-ecfde10 elementor-widget elementor-widget-image\" data-id=\"ecfde10\" data-element_type=\"widget\" data-widget_type=\"image.default\">\n\t\t\t\t\t\t\t\t\t\t\t\t\t\t\t<img decoding=\"async\" width=\"800\" height=\"534\" src=\"https:\/\/oiweb4.com\/pnd-2473\/wp-content\/uploads\/2025\/07\/Imagem-do-WhatsApp-de-2025-07-24-as-15.48.43_ffe739db-1024x683.jpg\" class=\"attachment-large size-large wp-image-252\" alt=\"\" srcset=\"https:\/\/oiweb4.com\/pnd-2473\/wp-content\/uploads\/2025\/07\/Imagem-do-WhatsApp-de-2025-07-24-as-15.48.43_ffe739db-1024x683.jpg 1024w, https:\/\/oiweb4.com\/pnd-2473\/wp-content\/uploads\/2025\/07\/Imagem-do-WhatsApp-de-2025-07-24-as-15.48.43_ffe739db-300x200.jpg 300w, https:\/\/oiweb4.com\/pnd-2473\/wp-content\/uploads\/2025\/07\/Imagem-do-WhatsApp-de-2025-07-24-as-15.48.43_ffe739db-768x512.jpg 768w, https:\/\/oiweb4.com\/pnd-2473\/wp-content\/uploads\/2025\/07\/Imagem-do-WhatsApp-de-2025-07-24-as-15.48.43_ffe739db.jpg 1280w\" sizes=\"(max-width: 800px) 100vw, 800px\" \/>\t\t\t\t\t\t\t\t\t\t\t\t\t\t\t<\/div>\n\t\t\t\t<\/div>\n\t\t\t\t<\/div>\n\t\t\t\t<\/div>\n\t\t\t\t\t<\/div>\n\t\t\t\t<\/div>\n\t\t<div class=\"elementor-element elementor-element-a035681 e-flex e-con-boxed e-con e-parent\" data-id=\"a035681\" data-element_type=\"container\">\n\t\t\t\t\t<div class=\"e-con-inner\">\n\t\t<div class=\"elementor-element elementor-element-7378a3d e-con-full e-flex e-con e-child\" data-id=\"7378a3d\" data-element_type=\"container\">\n\t\t\t\t<div class=\"elementor-element elementor-element-0a4541b elementor-widget elementor-widget-heading\" data-id=\"0a4541b\" data-element_type=\"widget\" data-widget_type=\"heading.default\">\n\t\t\t\t\t<h2 class=\"elementor-heading-title elementor-size-default\">Planta Semi-industrial at\u00e9 50 Toneladas<\/h2>\t\t\t\t<\/div>\n\t\t\t\t<div class=\"elementor-element elementor-element-dd87434 elementor-widget-divider--view-line elementor-widget elementor-widget-divider\" data-id=\"dd87434\" data-element_type=\"widget\" data-widget_type=\"divider.default\">\n\t\t\t\t\t\t\t<div class=\"elementor-divider\">\n\t\t\t<span class=\"elementor-divider-separator\">\n\t\t\t\t\t\t<\/span>\n\t\t<\/div>\n\t\t\t\t\t\t<\/div>\n\t\t<div class=\"elementor-element elementor-element-ed5ff47 e-con-full e-flex e-con e-child\" data-id=\"ed5ff47\" data-element_type=\"container\">\n\t\t<div class=\"elementor-element elementor-element-f702cb8 e-con-full e-grid e-con e-child\" data-id=\"f702cb8\" data-element_type=\"container\">\n\t\t\t\t<div class=\"elementor-element elementor-element-e603879 elementor-widget elementor-widget-text-editor\" data-id=\"e603879\" data-element_type=\"widget\" data-widget_type=\"text-editor.default\">\n\t\t\t\t\t\t\t\t\t<p><span data-contrast=\"none\">Testes at\u00e9 50 ton. Nossa planta semi-industrial est\u00e1 \u00e0 sua disposi\u00e7\u00e3o. Realizamos testes com as partes interessadas at\u00e9 concretizar o processo mais adequado para a sua instala\u00e7\u00e3o seja definido. <\/span><span data-ccp-props=\"{}\">\u00a0<\/span><\/p><p><span data-contrast=\"none\">Os testes semi-industriais s\u00e3o realizados em uma escala intermedi\u00e1ria entre os testes de laborat\u00f3rio e a produ\u00e7\u00e3o industrial completa. Esses testes ajudam a validar a viabilidade de um processo ou produto antes da implementa\u00e7\u00e3o em larga escala, permitindo a identifica\u00e7\u00e3o de potenciais problemas e a otimiza\u00e7\u00e3o do processo antes da produ\u00e7\u00e3o industrial.<\/span><span data-ccp-props=\"{}\">\u00a0<\/span><\/p><p><span data-contrast=\"none\">No caso da extrus\u00e3o dura, essas s\u00e3o aplica\u00e7\u00f5es totalmente novas, portanto, precisam valida\u00e7\u00e3o das informa\u00e7\u00f5es de laborat\u00f3rio, otimizar o processo, avaliar a efici\u00eancia, a qualidade e a seguran\u00e7a de um processo antes da implementa\u00e7\u00e3o em larga escala. Precisamos verificar se o produto atende aos requisitos, reduzir riscos e assim por diante.<\/span><span data-ccp-props=\"{}\">\u00a0<\/span><\/p><p><b><span data-contrast=\"none\">Tamb\u00e9m atuamos como especialistas em EPC (engenharia fornecimento e constru\u00e7\u00e3o) aconselhando nossos clientes sobre o tipo de laborat\u00f3rio e\/ou planta semi-industrial que eles precisam para sua fabrica\u00e7\u00e3o e treinamos seu pessoal<\/span><\/b><span data-contrast=\"none\">.<\/span><span data-ccp-props=\"{}\">\u00a0<\/span><\/p>\t\t\t\t\t\t\t\t<\/div>\n\t\t\t\t<div class=\"elementor-element elementor-element-bc6a4c2 elementor-widget elementor-widget-image\" data-id=\"bc6a4c2\" data-element_type=\"widget\" data-widget_type=\"image.default\">\n\t\t\t\t\t\t\t\t\t\t\t\t\t\t\t<img decoding=\"async\" width=\"1667\" height=\"816\" src=\"https:\/\/oiweb4.com\/pnd-2473\/wp-content\/uploads\/2025\/07\/Captura-de-tela-2025-07-24-151608.png\" class=\"attachment-full size-full wp-image-221\" alt=\"\" srcset=\"https:\/\/oiweb4.com\/pnd-2473\/wp-content\/uploads\/2025\/07\/Captura-de-tela-2025-07-24-151608.png 1667w, https:\/\/oiweb4.com\/pnd-2473\/wp-content\/uploads\/2025\/07\/Captura-de-tela-2025-07-24-151608-300x147.png 300w, https:\/\/oiweb4.com\/pnd-2473\/wp-content\/uploads\/2025\/07\/Captura-de-tela-2025-07-24-151608-1024x501.png 1024w, https:\/\/oiweb4.com\/pnd-2473\/wp-content\/uploads\/2025\/07\/Captura-de-tela-2025-07-24-151608-768x376.png 768w, https:\/\/oiweb4.com\/pnd-2473\/wp-content\/uploads\/2025\/07\/Captura-de-tela-2025-07-24-151608-1536x752.png 1536w\" sizes=\"(max-width: 1667px) 100vw, 1667px\" \/>\t\t\t\t\t\t\t\t\t\t\t\t\t\t\t<\/div>\n\t\t\t\t<\/div>\n\t\t<div class=\"elementor-element elementor-element-4bb306b e-con-full e-grid e-con e-child\" data-id=\"4bb306b\" data-element_type=\"container\">\n\t\t\t\t<div class=\"elementor-element elementor-element-e59e1fc elementor-widget elementor-widget-image\" data-id=\"e59e1fc\" data-element_type=\"widget\" data-widget_type=\"image.default\">\n\t\t\t\t\t\t\t\t\t\t\t\t\t\t\t<img loading=\"lazy\" decoding=\"async\" width=\"506\" height=\"321\" src=\"https:\/\/oiweb4.com\/pnd-2473\/wp-content\/uploads\/2025\/07\/Captura-de-pantalla-2025-07-25-153258.png\" class=\"attachment-large size-large wp-image-484\" alt=\"\" srcset=\"https:\/\/oiweb4.com\/pnd-2473\/wp-content\/uploads\/2025\/07\/Captura-de-pantalla-2025-07-25-153258.png 506w, https:\/\/oiweb4.com\/pnd-2473\/wp-content\/uploads\/2025\/07\/Captura-de-pantalla-2025-07-25-153258-300x190.png 300w\" sizes=\"(max-width: 506px) 100vw, 506px\" \/>\t\t\t\t\t\t\t\t\t\t\t\t\t\t\t<\/div>\n\t\t\t\t<div class=\"elementor-element elementor-element-b7886da elementor-widget elementor-widget-image\" data-id=\"b7886da\" data-element_type=\"widget\" data-widget_type=\"image.default\">\n\t\t\t\t\t\t\t\t\t\t\t\t\t\t\t<img loading=\"lazy\" decoding=\"async\" width=\"800\" height=\"560\" src=\"https:\/\/oiweb4.com\/pnd-2473\/wp-content\/uploads\/2025\/07\/Captura-de-tela-2025-07-28-161827-1024x717.png\" class=\"attachment-large size-large wp-image-515\" alt=\"\" srcset=\"https:\/\/oiweb4.com\/pnd-2473\/wp-content\/uploads\/2025\/07\/Captura-de-tela-2025-07-28-161827-1024x717.png 1024w, https:\/\/oiweb4.com\/pnd-2473\/wp-content\/uploads\/2025\/07\/Captura-de-tela-2025-07-28-161827-300x210.png 300w, https:\/\/oiweb4.com\/pnd-2473\/wp-content\/uploads\/2025\/07\/Captura-de-tela-2025-07-28-161827-768x538.png 768w, https:\/\/oiweb4.com\/pnd-2473\/wp-content\/uploads\/2025\/07\/Captura-de-tela-2025-07-28-161827.png 1177w\" sizes=\"(max-width: 800px) 100vw, 800px\" \/>\t\t\t\t\t\t\t\t\t\t\t\t\t\t\t<\/div>\n\t\t\t\t<\/div>\n\t\t\t\t<\/div>\n\t\t\t\t<\/div>\n\t\t\t\t\t<\/div>\n\t\t\t\t<\/div>\n\t\t<div class=\"elementor-element elementor-element-60db1ed e-flex e-con-boxed e-con e-parent\" data-id=\"60db1ed\" data-element_type=\"container\">\n\t\t\t\t\t<div class=\"e-con-inner\">\n\t\t<div class=\"elementor-element elementor-element-2fa8174 e-con-full e-flex e-con e-child\" data-id=\"2fa8174\" data-element_type=\"container\">\n\t\t\t\t<div class=\"elementor-element elementor-element-393c5ee elementor-widget elementor-widget-heading\" data-id=\"393c5ee\" data-element_type=\"widget\" data-widget_type=\"heading.default\">\n\t\t\t\t\t<h2 class=\"elementor-heading-title elementor-size-default\">Unidade M\u00f3vel<\/h2>\t\t\t\t<\/div>\n\t\t\t\t<div class=\"elementor-element elementor-element-3222744 elementor-widget-divider--view-line elementor-widget elementor-widget-divider\" data-id=\"3222744\" data-element_type=\"widget\" data-widget_type=\"divider.default\">\n\t\t\t\t\t\t\t<div class=\"elementor-divider\">\n\t\t\t<span class=\"elementor-divider-separator\">\n\t\t\t\t\t\t<\/span>\n\t\t<\/div>\n\t\t\t\t\t\t<\/div>\n\t\t<div class=\"elementor-element elementor-element-21baae5 e-con-full e-flex e-con e-child\" data-id=\"21baae5\" data-element_type=\"container\">\n\t\t\t\t<div class=\"elementor-element elementor-element-26a3dae elementor-widget elementor-widget-text-editor\" data-id=\"26a3dae\" data-element_type=\"widget\" data-widget_type=\"text-editor.default\">\n\t\t\t\t\t\t\t\t\t<div><p class=\"v1MsoNormal\">Este \u00e9 um prot\u00f3tipo futuro para o aproveitamento de finos de carv\u00e3o em sua origem, ou seja, em florestas.<br \/>\u00c9 poss\u00edvel\u00a0 a moagem e a extrus\u00e3o de finos de carv\u00e3o, reduzindo o desperd\u00edcio de material nas pr\u00f3prias florestas.<\/p><\/div>\t\t\t\t\t\t\t\t<\/div>\n\t\t\t\t<div class=\"elementor-element elementor-element-e89e146 elementor-widget elementor-widget-image\" data-id=\"e89e146\" data-element_type=\"widget\" data-widget_type=\"image.default\">\n\t\t\t\t\t\t\t\t\t\t\t\t\t\t\t<img loading=\"lazy\" decoding=\"async\" width=\"800\" height=\"398\" src=\"https:\/\/oiweb4.com\/pnd-2473\/wp-content\/uploads\/2025\/07\/Captura-de-tela-2025-07-23-164613-1024x510.png\" class=\"attachment-large size-large wp-image-143\" alt=\"\" srcset=\"https:\/\/oiweb4.com\/pnd-2473\/wp-content\/uploads\/2025\/07\/Captura-de-tela-2025-07-23-164613-1024x510.png 1024w, https:\/\/oiweb4.com\/pnd-2473\/wp-content\/uploads\/2025\/07\/Captura-de-tela-2025-07-23-164613-300x150.png 300w, https:\/\/oiweb4.com\/pnd-2473\/wp-content\/uploads\/2025\/07\/Captura-de-tela-2025-07-23-164613-768x383.png 768w, https:\/\/oiweb4.com\/pnd-2473\/wp-content\/uploads\/2025\/07\/Captura-de-tela-2025-07-23-164613-1536x766.png 1536w, https:\/\/oiweb4.com\/pnd-2473\/wp-content\/uploads\/2025\/07\/Captura-de-tela-2025-07-23-164613.png 1695w\" sizes=\"(max-width: 800px) 100vw, 800px\" \/>\t\t\t\t\t\t\t\t\t\t\t\t\t\t\t<\/div>\n\t\t\t\t<\/div>\n\t\t\t\t<\/div>\n\t\t\t\t\t<\/div>\n\t\t\t\t<\/div>\n\t\t\t\t<\/div>\n\t\t","protected":false},"excerpt":{"rendered":"<p>Laborat\u00f3rio e Plantas Industriais de Extrus\u00e3o At\u00e9 50kg | Testes de Conceito A grande variedade de materiais que podem ser processados com extrus\u00e3o\u00a0 torna imposs\u00edvel garantir a adequa\u00e7\u00e3o da m\u00e1quina e seu desempenho sem a realiza\u00e7\u00e3o pr\u00e9via de testes laboratoriais e semi-industriais.\u00a0 Nossas provas de conceito s\u00e3o realizadas em laborat\u00f3rio, onde aceitamos at\u00e9 50 kg [&hellip;]<\/p>\n","protected":false},"author":1,"featured_media":0,"parent":0,"menu_order":0,"comment_status":"closed","ping_status":"closed","template":"","meta":{"footnotes":""},"class_list":["post-265","page","type-page","status-publish","hentry"],"_links":{"self":[{"href":"https:\/\/oiweb4.com\/pnd-2473\/wp-json\/wp\/v2\/pages\/265","targetHints":{"allow":["GET"]}}],"collection":[{"href":"https:\/\/oiweb4.com\/pnd-2473\/wp-json\/wp\/v2\/pages"}],"about":[{"href":"https:\/\/oiweb4.com\/pnd-2473\/wp-json\/wp\/v2\/types\/page"}],"author":[{"embeddable":true,"href":"https:\/\/oiweb4.com\/pnd-2473\/wp-json\/wp\/v2\/users\/1"}],"replies":[{"embeddable":true,"href":"https:\/\/oiweb4.com\/pnd-2473\/wp-json\/wp\/v2\/comments?post=265"}],"version-history":[{"count":70,"href":"https:\/\/oiweb4.com\/pnd-2473\/wp-json\/wp\/v2\/pages\/265\/revisions"}],"predecessor-version":[{"id":674,"href":"https:\/\/oiweb4.com\/pnd-2473\/wp-json\/wp\/v2\/pages\/265\/revisions\/674"}],"wp:attachment":[{"href":"https:\/\/oiweb4.com\/pnd-2473\/wp-json\/wp\/v2\/media?parent=265"}],"curies":[{"name":"wp","href":"https:\/\/api.w.org\/{rel}","templated":true}]}}