{"id":984,"date":"2026-03-11T17:54:55","date_gmt":"2026-03-11T20:54:55","guid":{"rendered":"https:\/\/oiweb4.com\/pnd-2419\/?page_id=984"},"modified":"2026-03-16T15:11:43","modified_gmt":"2026-03-16T18:11:43","slug":"certifications","status":"publish","type":"page","link":"https:\/\/oiweb4.com\/pnd-2419\/certifications\/","title":{"rendered":"Certifications"},"content":{"rendered":"\t\t<div data-elementor-type=\"wp-page\" data-elementor-id=\"984\" class=\"elementor elementor-984\" data-elementor-post-type=\"page\">\n\t\t\t\t<div class=\"elementor-element elementor-element-499bb6a e-flex e-con-boxed wpr-particle-no wpr-jarallax-no wpr-parallax-no wpr-sticky-section-no e-con e-parent\" data-id=\"499bb6a\" data-element_type=\"container\">\n\t\t\t\t\t<div class=\"e-con-inner\">\n\t\t\t\t<div class=\"elementor-element elementor-element-d4b3d4d elementor-widget elementor-widget-spacer\" data-id=\"d4b3d4d\" data-element_type=\"widget\" data-widget_type=\"spacer.default\">\n\t\t\t\t\t\t\t<div class=\"elementor-spacer\">\n\t\t\t<div class=\"elementor-spacer-inner\"><\/div>\n\t\t<\/div>\n\t\t\t\t\t\t<\/div>\n\t\t\t\t\t<\/div>\n\t\t\t\t<\/div>\n\t\t<div class=\"elementor-element elementor-element-a724ded e-flex e-con-boxed wpr-particle-no wpr-jarallax-no wpr-parallax-no wpr-sticky-section-no e-con e-parent\" data-id=\"a724ded\" data-element_type=\"container\">\n\t\t\t\t\t<div class=\"e-con-inner\">\n\t\t\t\t<div class=\"elementor-element elementor-element-9e5b61a elementor-widget elementor-widget-heading\" data-id=\"9e5b61a\" data-element_type=\"widget\" data-widget_type=\"heading.default\">\n\t\t\t\t\t<h2 class=\"elementor-heading-title elementor-size-default\">We Are Certified<\/h2>\t\t\t\t<\/div>\n\t\t\t\t\t<\/div>\n\t\t\t\t<\/div>\n\t\t<div class=\"elementor-element elementor-element-0028d5d e-flex e-con-boxed wpr-particle-no wpr-jarallax-no wpr-parallax-no wpr-sticky-section-no e-con e-parent\" data-id=\"0028d5d\" data-element_type=\"container\">\n\t\t\t\t\t<div class=\"e-con-inner\">\n\t\t\t\t<div class=\"elementor-element elementor-element-4d53f8d elementor-widget elementor-widget-spacer\" data-id=\"4d53f8d\" data-element_type=\"widget\" data-widget_type=\"spacer.default\">\n\t\t\t\t\t\t\t<div class=\"elementor-spacer\">\n\t\t\t<div class=\"elementor-spacer-inner\"><\/div>\n\t\t<\/div>\n\t\t\t\t\t\t<\/div>\n\t\t\t\t\t<\/div>\n\t\t\t\t<\/div>\n\t\t<div class=\"elementor-element elementor-element-bb1dc16 e-grid e-con-boxed wpr-particle-no wpr-jarallax-no wpr-parallax-no wpr-sticky-section-no e-con e-parent\" data-id=\"bb1dc16\" data-element_type=\"container\">\n\t\t\t\t\t<div class=\"e-con-inner\">\n\t\t\t\t<div class=\"elementor-element elementor-element-9de1e01 elementor-widget elementor-widget-text-editor\" data-id=\"9de1e01\" data-element_type=\"widget\" data-widget_type=\"text-editor.default\">\n\t\t\t\t\t\t\t\t\t<p>Sorobras holds the <strong data-start=\"244\" data-end=\"298\">S.I.F. seal (Brazilian Federal Inspection Service)<\/strong>, a control system administered by the <strong data-start=\"337\" data-end=\"395\">Brazilian Ministry of Agriculture and Livestock (MAPA)<\/strong> designed to ensure the quality and safety of animal-origin products (whether edible or non-edible) intended for both domestic and international markets.<\/p><p><span style=\"text-decoration: underline;\"><a href=\"https:\/\/www.gov.br\/agricultura\/pt-br\/acesso-a-informacao\/transparencia\/2018\/sif#:~:text=Servi\u00e7o de Inspe\u00e7\u00e3o Federal - SIF&amp;text=e vinculado ao Departamento de, bem como de produtos importados\" data-wplink-url-error=\"true\">https:\/\/www.gov.br\/agricultura\/pt-br\/acesso-a-informacao\/transparencia\/2018\/sif#:~:text=Servi\u00e7o de Inspe\u00e7\u00e3o Federal &#8211; SIF&amp;text=e vinculado ao Departamento de, bem como de produtos importados<\/a><\/span><\/p>\t\t\t\t\t\t\t\t<\/div>\n\t\t\t\t<div class=\"elementor-element elementor-element-652e7aa elementor-widget elementor-widget-image\" data-id=\"652e7aa\" data-element_type=\"widget\" data-widget_type=\"image.default\">\n\t\t\t\t\t\t\t\t\t\t\t\t\t\t\t<img fetchpriority=\"high\" decoding=\"async\" width=\"300\" height=\"212\" src=\"https:\/\/oiweb4.com\/pnd-2419\/wp-content\/uploads\/2025\/08\/selo-sif-300x212.webp\" class=\"attachment-medium size-medium wp-image-356\" alt=\"\" srcset=\"https:\/\/oiweb4.com\/pnd-2419\/wp-content\/uploads\/2025\/08\/selo-sif-300x212.webp 300w, https:\/\/oiweb4.com\/pnd-2419\/wp-content\/uploads\/2025\/08\/selo-sif.webp 750w\" sizes=\"(max-width: 300px) 100vw, 300px\" \/>\t\t\t\t\t\t\t\t\t\t\t\t\t\t\t<\/div>\n\t\t\t\t\t<\/div>\n\t\t\t\t<\/div>\n\t\t<div class=\"elementor-element elementor-element-7c6b236 e-flex e-con-boxed wpr-particle-no wpr-jarallax-no wpr-parallax-no wpr-sticky-section-no e-con e-parent\" data-id=\"7c6b236\" data-element_type=\"container\">\n\t\t\t\t\t<div class=\"e-con-inner\">\n\t\t\t\t<div class=\"elementor-element elementor-element-a4f8c76 elementor-widget-divider--view-line elementor-widget elementor-widget-divider\" data-id=\"a4f8c76\" data-element_type=\"widget\" data-widget_type=\"divider.default\">\n\t\t\t\t\t\t\t<div class=\"elementor-divider\">\n\t\t\t<span class=\"elementor-divider-separator\">\n\t\t\t\t\t\t<\/span>\n\t\t<\/div>\n\t\t\t\t\t\t<\/div>\n\t\t\t\t\t<\/div>\n\t\t\t\t<\/div>\n\t\t<div class=\"elementor-element elementor-element-9a51d38 e-grid e-con-boxed wpr-particle-no wpr-jarallax-no wpr-parallax-no wpr-sticky-section-no e-con e-parent\" data-id=\"9a51d38\" data-element_type=\"container\">\n\t\t\t\t\t<div class=\"e-con-inner\">\n\t\t\t\t<div class=\"elementor-element elementor-element-d200ff4 elementor-widget elementor-widget-text-editor\" data-id=\"d200ff4\" data-element_type=\"widget\" data-widget_type=\"text-editor.default\">\n\t\t\t\t\t\t\t\t\t<p data-start=\"555\" data-end=\"719\">The <strong data-start=\"559\" data-end=\"589\">Self-Control Program (PAC)<\/strong> is a set of mandatory procedures that companies in the Brazilian food sector must implement to ensure product safety and quality.<\/p><p data-start=\"721\" data-end=\"1093\">Within the context of the biotechnology and laboratory supply industry, the PAC demonstrates <strong data-start=\"814\" data-end=\"909\">technical rigor, organizational structure, and commitment to Brazilian sanitary regulations<\/strong>, consisting of three main components: <strong data-start=\"948\" data-end=\"1092\">GMP (Good Manufacturing Practices), SSOP (Sanitation Standard Operating Procedures), and HACCP (Hazard Analysis and Critical Control Points)<\/strong>.<\/p>\t\t\t\t\t\t\t\t<\/div>\n\t\t\t\t<div class=\"elementor-element elementor-element-a85017c elementor-widget elementor-widget-image\" data-id=\"a85017c\" data-element_type=\"widget\" data-widget_type=\"image.default\">\n\t\t\t\t\t\t\t\t\t\t\t\t\t\t\t<img decoding=\"async\" width=\"300\" height=\"300\" src=\"https:\/\/oiweb4.com\/pnd-2419\/wp-content\/uploads\/2026\/03\/PAC-300x300.png\" class=\"attachment-medium size-medium wp-image-712\" alt=\"\" srcset=\"https:\/\/oiweb4.com\/pnd-2419\/wp-content\/uploads\/2026\/03\/PAC-300x300.png 300w, https:\/\/oiweb4.com\/pnd-2419\/wp-content\/uploads\/2026\/03\/PAC-150x150.png 150w, https:\/\/oiweb4.com\/pnd-2419\/wp-content\/uploads\/2026\/03\/PAC-768x768.png 768w, https:\/\/oiweb4.com\/pnd-2419\/wp-content\/uploads\/2026\/03\/PAC.png 1024w\" sizes=\"(max-width: 300px) 100vw, 300px\" \/>\t\t\t\t\t\t\t\t\t\t\t\t\t\t\t<\/div>\n\t\t\t\t\t<\/div>\n\t\t\t\t<\/div>\n\t\t<div class=\"elementor-element elementor-element-dcf1645 e-flex e-con-boxed wpr-particle-no wpr-jarallax-no wpr-parallax-no wpr-sticky-section-no e-con e-parent\" data-id=\"dcf1645\" data-element_type=\"container\">\n\t\t\t\t\t<div class=\"e-con-inner\">\n\t\t\t\t<div class=\"elementor-element elementor-element-09a2f57 elementor-widget-divider--view-line elementor-widget elementor-widget-divider\" data-id=\"09a2f57\" data-element_type=\"widget\" data-widget_type=\"divider.default\">\n\t\t\t\t\t\t\t<div class=\"elementor-divider\">\n\t\t\t<span class=\"elementor-divider-separator\">\n\t\t\t\t\t\t<\/span>\n\t\t<\/div>\n\t\t\t\t\t\t<\/div>\n\t\t\t\t\t<\/div>\n\t\t\t\t<\/div>\n\t\t<div class=\"elementor-element elementor-element-ef032f5 e-grid e-con-boxed wpr-particle-no wpr-jarallax-no wpr-parallax-no wpr-sticky-section-no e-con e-parent\" data-id=\"ef032f5\" data-element_type=\"container\">\n\t\t\t\t\t<div class=\"e-con-inner\">\n\t\t\t\t<div class=\"elementor-element elementor-element-f3375fc elementor-widget elementor-widget-text-editor\" data-id=\"f3375fc\" data-element_type=\"widget\" data-widget_type=\"text-editor.default\">\n\t\t\t\t\t\t\t\t\t<p data-start=\"1100\" data-end=\"1376\">Our products are exported using the <strong data-start=\"1136\" data-end=\"1180\">International Sanitary Certificate (CSI)<\/strong>, the official sanitary document (issued in printed or electronic format) provided by the competent authority for the national or international transit of raw materials and animal-origin products.<\/p><p data-start=\"1378\" data-end=\"1522\">This certification complies with the sanitary, technical, and legal requirements established by <strong data-start=\"1474\" data-end=\"1521\">MAPA Ordinance No. 431, of October 19, 2021<\/strong>.<\/p><p><span style=\"text-decoration: underline;\"><a href=\"https:\/\/www.gov.br\/agricultura\/pt-br\/internacional\/portugues\/exportacao\/animal\/origem-animal\/certificacao-sanitaria\">https:\/\/www.gov.br\/agricultura\/pt-br\/internacional\/portugues\/exportacao\/animal\/origem-animal\/certificacao-sanitaria<\/a><\/span><\/p>\t\t\t\t\t\t\t\t<\/div>\n\t\t\t\t<div class=\"elementor-element elementor-element-d921138 elementor-widget elementor-widget-image\" data-id=\"d921138\" data-element_type=\"widget\" data-widget_type=\"image.default\">\n\t\t\t\t\t\t\t\t\t\t\t\t\t\t\t<img decoding=\"async\" width=\"300\" height=\"200\" src=\"https:\/\/oiweb4.com\/pnd-2419\/wp-content\/uploads\/2026\/03\/CSI-300x200.png\" class=\"attachment-medium size-medium wp-image-724\" alt=\"\" srcset=\"https:\/\/oiweb4.com\/pnd-2419\/wp-content\/uploads\/2026\/03\/CSI-300x200.png 300w, https:\/\/oiweb4.com\/pnd-2419\/wp-content\/uploads\/2026\/03\/CSI-1024x683.png 1024w, https:\/\/oiweb4.com\/pnd-2419\/wp-content\/uploads\/2026\/03\/CSI-768x512.png 768w, https:\/\/oiweb4.com\/pnd-2419\/wp-content\/uploads\/2026\/03\/CSI.png 1536w\" sizes=\"(max-width: 300px) 100vw, 300px\" \/>\t\t\t\t\t\t\t\t\t\t\t\t\t\t\t<\/div>\n\t\t\t\t\t<\/div>\n\t\t\t\t<\/div>\n\t\t<div class=\"elementor-element elementor-element-1cfc560 e-flex e-con-boxed wpr-particle-no wpr-jarallax-no wpr-parallax-no wpr-sticky-section-no e-con e-parent\" data-id=\"1cfc560\" data-element_type=\"container\">\n\t\t\t\t\t<div class=\"e-con-inner\">\n\t\t\t\t<div class=\"elementor-element elementor-element-b964749 elementor-widget-divider--view-line elementor-widget elementor-widget-divider\" data-id=\"b964749\" data-element_type=\"widget\" data-widget_type=\"divider.default\">\n\t\t\t\t\t\t\t<div class=\"elementor-divider\">\n\t\t\t<span class=\"elementor-divider-separator\">\n\t\t\t\t\t\t<\/span>\n\t\t<\/div>\n\t\t\t\t\t\t<\/div>\n\t\t\t\t\t<\/div>\n\t\t\t\t<\/div>\n\t\t<div class=\"elementor-element elementor-element-37c4e19 e-flex e-con-boxed wpr-particle-no wpr-jarallax-no wpr-parallax-no wpr-sticky-section-no e-con e-parent\" data-id=\"37c4e19\" data-element_type=\"container\">\n\t\t\t\t\t<div class=\"e-con-inner\">\n\t\t\t\t<div class=\"elementor-element elementor-element-81889fc elementor-widget elementor-widget-spacer\" data-id=\"81889fc\" data-element_type=\"widget\" data-widget_type=\"spacer.default\">\n\t\t\t\t\t\t\t<div class=\"elementor-spacer\">\n\t\t\t<div class=\"elementor-spacer-inner\"><\/div>\n\t\t<\/div>\n\t\t\t\t\t\t<\/div>\n\t\t\t\t\t<\/div>\n\t\t\t\t<\/div>\n\t\t<div class=\"elementor-element elementor-element-bfeed78 e-flex e-con-boxed wpr-particle-no wpr-jarallax-no wpr-parallax-no wpr-sticky-section-no e-con e-parent\" data-id=\"bfeed78\" data-element_type=\"container\">\n\t\t\t\t\t<div class=\"e-con-inner\">\n\t\t\t\t<div class=\"elementor-element elementor-element-f3a547c elementor-widget elementor-widget-heading\" data-id=\"f3a547c\" data-element_type=\"widget\" data-widget_type=\"heading.default\">\n\t\t\t\t\t<h2 class=\"elementor-heading-title elementor-size-default\">New Opportunities and Strategic Cooperation<\/h2>\t\t\t\t<\/div>\n\t\t\t\t\t<\/div>\n\t\t\t\t<\/div>\n\t\t<div class=\"elementor-element elementor-element-d78b2f9 e-flex e-con-boxed wpr-particle-no wpr-jarallax-no wpr-parallax-no wpr-sticky-section-no e-con e-parent\" data-id=\"d78b2f9\" data-element_type=\"container\">\n\t\t\t\t\t<div class=\"e-con-inner\">\n\t\t\t\t<div class=\"elementor-element elementor-element-4a61929 elementor-widget elementor-widget-text-editor\" data-id=\"4a61929\" data-element_type=\"widget\" data-widget_type=\"text-editor.default\">\n\t\t\t\t\t\t\t\t\t<p data-start=\"1577\" data-end=\"1864\">If you represent a <strong data-start=\"1596\" data-end=\"1699\">company or institution located in a country that does not yet have a specific agreement with Brazil<\/strong>, or that <strong data-start=\"1709\" data-end=\"1825\">does not currently accept the standard Brazilian International Sanitary Certificate (CSI) for Fetal Bovine Serum<\/strong>, we still encourage you to contact us.<\/p><p data-start=\"1866\" data-end=\"2200\">We have a strong interest in <strong data-start=\"1895\" data-end=\"1963\">establishing solid relationships with new international partners<\/strong> and are prepared to engage with <strong data-start=\"1996\" data-end=\"2041\">local regulatory and sanitary authorities<\/strong> to jointly explore technical and regulatory solutions that may enable the <strong data-start=\"2116\" data-end=\"2199\">opening of new markets and the development of long-term commercial partnerships<\/strong>.<\/p><p data-start=\"2202\" data-end=\"2338\" data-is-last-node=\"\" data-is-only-node=\"\">We remain open to <strong data-start=\"2220\" data-end=\"2337\">exploring alternatives and opportunities that mutually benefit our business and the advancement of global science<\/strong>.<\/p>\t\t\t\t\t\t\t\t<\/div>\n\t\t\t\t<div class=\"elementor-element elementor-element-9fd6aea elementor-widget elementor-widget-spacer\" data-id=\"9fd6aea\" data-element_type=\"widget\" data-widget_type=\"spacer.default\">\n\t\t\t\t\t\t\t<div class=\"elementor-spacer\">\n\t\t\t<div class=\"elementor-spacer-inner\"><\/div>\n\t\t<\/div>\n\t\t\t\t\t\t<\/div>\n\t\t\t\t\t<\/div>\n\t\t\t\t<\/div>\n\t\t\t\t<\/div>\n\t\t","protected":false},"excerpt":{"rendered":"<p>We Are Certified Sorobras holds the S.I.F. seal (Brazilian Federal Inspection Service), a control system administered by the Brazilian Ministry of Agriculture and Livestock (MAPA) designed to ensure the quality and safety of animal-origin products (whether edible or non-edible) intended for both domestic and international markets. https:\/\/www.gov.br\/agricultura\/pt-br\/acesso-a-informacao\/transparencia\/2018\/sif#:~:text=Servi\u00e7o de Inspe\u00e7\u00e3o Federal &#8211; SIF&amp;text=e vinculado ao Departamento de, bem como de produtos importados The Self-Control Program (PAC) is a set of mandatory procedures that companies in the Brazilian food sector must implement to ensure product safety and quality. Within the context of the biotechnology and laboratory supply industry, the PAC demonstrates technical rigor, organizational structure, and commitment to Brazilian sanitary regulations, consisting of three main components: GMP (Good Manufacturing Practices), SSOP (Sanitation Standard Operating Procedures), and HACCP (Hazard Analysis and Critical Control Points). Our products are exported using the International Sanitary Certificate (CSI), the official sanitary document (issued in printed or electronic format) provided by the competent authority for the national or international transit of raw materials and animal-origin products. This certification complies with the sanitary, technical, and legal requirements established by MAPA Ordinance No. 431, of October 19, 2021. https:\/\/www.gov.br\/agricultura\/pt-br\/internacional\/portugues\/exportacao\/animal\/origem-animal\/certificacao-sanitaria New Opportunities and Strategic Cooperation If you represent a company or institution located in a country that does not yet have a specific agreement with Brazil, or that does not currently accept the standard Brazilian International Sanitary Certificate (CSI) for Fetal Bovine Serum, we still encourage you to contact us. We have a strong interest in establishing solid relationships with new international partners and are prepared to engage with local regulatory and sanitary authorities to jointly explore technical and regulatory solutions that may enable the opening of new markets and the development of long-term commercial partnerships. We remain open to exploring alternatives and opportunities that mutually benefit our business and the advancement of global science.<\/p>\n","protected":false},"author":1,"featured_media":0,"parent":0,"menu_order":0,"comment_status":"closed","ping_status":"closed","template":"","meta":{"footnotes":""},"class_list":["post-984","page","type-page","status-publish","hentry"],"_links":{"self":[{"href":"https:\/\/oiweb4.com\/pnd-2419\/wp-json\/wp\/v2\/pages\/984","targetHints":{"allow":["GET"]}}],"collection":[{"href":"https:\/\/oiweb4.com\/pnd-2419\/wp-json\/wp\/v2\/pages"}],"about":[{"href":"https:\/\/oiweb4.com\/pnd-2419\/wp-json\/wp\/v2\/types\/page"}],"author":[{"embeddable":true,"href":"https:\/\/oiweb4.com\/pnd-2419\/wp-json\/wp\/v2\/users\/1"}],"replies":[{"embeddable":true,"href":"https:\/\/oiweb4.com\/pnd-2419\/wp-json\/wp\/v2\/comments?post=984"}],"version-history":[{"count":29,"href":"https:\/\/oiweb4.com\/pnd-2419\/wp-json\/wp\/v2\/pages\/984\/revisions"}],"predecessor-version":[{"id":1219,"href":"https:\/\/oiweb4.com\/pnd-2419\/wp-json\/wp\/v2\/pages\/984\/revisions\/1219"}],"wp:attachment":[{"href":"https:\/\/oiweb4.com\/pnd-2419\/wp-json\/wp\/v2\/media?parent=984"}],"curies":[{"name":"wp","href":"https:\/\/api.w.org\/{rel}","templated":true}]}}