{"id":1247,"date":"2026-03-16T15:42:07","date_gmt":"2026-03-16T18:42:07","guid":{"rendered":"https:\/\/oiweb4.com\/pnd-2419\/?page_id=1247"},"modified":"2026-03-16T15:43:41","modified_gmt":"2026-03-16T18:43:41","slug":"produtos","status":"publish","type":"page","link":"https:\/\/oiweb4.com\/pnd-2419\/pt\/produtos\/","title":{"rendered":"Produtos"},"content":{"rendered":"\t\t<div data-elementor-type=\"wp-page\" data-elementor-id=\"1247\" class=\"elementor elementor-1247\" data-elementor-post-type=\"page\">\n\t\t\t\t\t\t<section class=\"elementor-section elementor-top-section elementor-element elementor-element-39529f5a elementor-section-boxed elementor-section-height-default elementor-section-height-default wpr-particle-no wpr-jarallax-no wpr-parallax-no wpr-sticky-section-no\" data-id=\"39529f5a\" data-element_type=\"section\" data-settings=\"{&quot;background_background&quot;:&quot;classic&quot;}\">\n\t\t\t\t\t\t\t<div class=\"elementor-background-overlay\"><\/div>\n\t\t\t\t\t\t\t<div class=\"elementor-container elementor-column-gap-default\">\n\t\t\t\t\t<div class=\"elementor-column elementor-col-100 elementor-top-column elementor-element elementor-element-1832cf77\" data-id=\"1832cf77\" data-element_type=\"column\">\n\t\t\t<div class=\"elementor-widget-wrap elementor-element-populated\">\n\t\t\t\t\t\t<div class=\"elementor-element elementor-element-42808e62 elementor-widget elementor-widget-heading\" data-id=\"42808e62\" data-element_type=\"widget\" data-widget_type=\"heading.default\">\n\t\t\t\t\t<h2 class=\"elementor-heading-title elementor-size-default\">Produtos<\/h2>\t\t\t\t<\/div>\n\t\t\t\t\t<\/div>\n\t\t<\/div>\n\t\t\t\t\t<\/div>\n\t\t<\/section>\n\t\t\t\t<section class=\"elementor-section elementor-top-section elementor-element elementor-element-6055f97b elementor-section-boxed elementor-section-height-default elementor-section-height-default wpr-particle-no wpr-jarallax-no wpr-parallax-no wpr-sticky-section-no\" data-id=\"6055f97b\" data-element_type=\"section\" data-settings=\"{&quot;background_background&quot;:&quot;classic&quot;}\">\n\t\t\t\t\t\t<div class=\"elementor-container elementor-column-gap-default\">\n\t\t\t\t\t<div class=\"elementor-column elementor-col-100 elementor-top-column elementor-element elementor-element-124df699\" data-id=\"124df699\" data-element_type=\"column\">\n\t\t\t<div class=\"elementor-widget-wrap elementor-element-populated\">\n\t\t\t\t\t\t<section class=\"elementor-section elementor-inner-section elementor-element elementor-element-69df1607 elementor-section-boxed elementor-section-height-default elementor-section-height-default wpr-particle-no wpr-jarallax-no wpr-parallax-no wpr-sticky-section-no\" data-id=\"69df1607\" data-element_type=\"section\">\n\t\t\t\t\t\t<div class=\"elementor-container elementor-column-gap-default\">\n\t\t\t\t\t<div class=\"elementor-column elementor-col-100 elementor-inner-column elementor-element elementor-element-2cab686b\" data-id=\"2cab686b\" data-element_type=\"column\" data-settings=\"{&quot;background_background&quot;:&quot;classic&quot;}\">\n\t\t\t<div class=\"elementor-widget-wrap elementor-element-populated\">\n\t\t\t\t\t\t<div class=\"elementor-element elementor-element-39b3b081 elementor-widget elementor-widget-heading\" data-id=\"39b3b081\" data-element_type=\"widget\" data-widget_type=\"heading.default\">\n\t\t\t\t\t<h2 class=\"elementor-heading-title elementor-size-default\">Excel\u00eancia na produ\u00e7\u00e3o, confian\u00e7a global.<\/h2>\t\t\t\t<\/div>\n\t\t\t\t\t<\/div>\n\t\t<\/div>\n\t\t\t\t\t<\/div>\n\t\t<\/section>\n\t\t\t\t<div class=\"elementor-element elementor-element-461a434 elementor-widget elementor-widget-image\" data-id=\"461a434\" data-element_type=\"widget\" data-widget_type=\"image.default\">\n\t\t\t\t\t\t\t\t\t\t\t\t\t\t\t<img fetchpriority=\"high\" decoding=\"async\" width=\"1080\" height=\"720\" src=\"https:\/\/oiweb4.com\/pnd-2419\/wp-content\/uploads\/2025\/07\/two-modern-scientists-doing-research-in-laboratory.jpg\" class=\"attachment-full size-full wp-image-117\" alt=\"\" srcset=\"https:\/\/oiweb4.com\/pnd-2419\/wp-content\/uploads\/2025\/07\/two-modern-scientists-doing-research-in-laboratory.jpg 1080w, https:\/\/oiweb4.com\/pnd-2419\/wp-content\/uploads\/2025\/07\/two-modern-scientists-doing-research-in-laboratory-300x200.jpg 300w, https:\/\/oiweb4.com\/pnd-2419\/wp-content\/uploads\/2025\/07\/two-modern-scientists-doing-research-in-laboratory-1024x683.jpg 1024w, https:\/\/oiweb4.com\/pnd-2419\/wp-content\/uploads\/2025\/07\/two-modern-scientists-doing-research-in-laboratory-768x512.jpg 768w\" sizes=\"(max-width: 1080px) 100vw, 1080px\" \/>\t\t\t\t\t\t\t\t\t\t\t\t\t\t\t<\/div>\n\t\t\t\t\t<\/div>\n\t\t<\/div>\n\t\t\t\t\t<\/div>\n\t\t<\/section>\n\t\t<div class=\"elementor-element elementor-element-1348a1a e-flex e-con-boxed wpr-particle-no wpr-jarallax-no wpr-parallax-no wpr-sticky-section-no e-con e-parent\" data-id=\"1348a1a\" data-element_type=\"container\">\n\t\t\t\t\t<div class=\"e-con-inner\">\n\t\t\t\t<div class=\"elementor-element elementor-element-02acb71 elementor-widget elementor-widget-spacer\" data-id=\"02acb71\" data-element_type=\"widget\" data-widget_type=\"spacer.default\">\n\t\t\t\t\t\t\t<div class=\"elementor-spacer\">\n\t\t\t<div class=\"elementor-spacer-inner\"><\/div>\n\t\t<\/div>\n\t\t\t\t\t\t<\/div>\n\t\t\t\t\t<\/div>\n\t\t\t\t<\/div>\n\t\t<div class=\"elementor-element elementor-element-8382cc9 e-flex e-con-boxed wpr-particle-no wpr-jarallax-no wpr-parallax-no wpr-sticky-section-no e-con e-parent\" data-id=\"8382cc9\" data-element_type=\"container\">\n\t\t\t\t\t<div class=\"e-con-inner\">\n\t\t\t\t<div class=\"elementor-element elementor-element-2d497c7 elementor-widget elementor-widget-text-editor\" data-id=\"2d497c7\" data-element_type=\"widget\" data-widget_type=\"text-editor.default\">\n\t\t\t\t\t\t\t\t\t<p>A Sorobr\u00e1s \u00e9 uma empresa brasileira especializada na produ\u00e7\u00e3o de Soro Fetal Bovino (SFB) com rastreabilidade total, controle rigoroso e seguran\u00e7a biol\u00f3gica, voltada aos setores de pesquisa, diagn\u00f3stico e biotecnologia.<\/p><p>Fundada por especialistas em gen\u00e9tica m\u00e9dica e qu\u00edmica laboratorial, une experi\u00eancia t\u00e9cnica, inova\u00e7\u00e3o e compromisso \u00e9tico para oferecer produtos confi\u00e1veis e de alto desempenho. Nossa planta \u00e9 habilitada pelo MAPA (SIF) e autorizada a exportar para mercados exigentes como Uni\u00e3o Europeia e China, seguindo padr\u00f5es internacionais em todas as etapas \u2014 da coleta ao envase. Cada lote \u00e9 testado com rigor para garantir pureza, esterilidade e consist\u00eancia.<\/p><p>Comprometida com a qualidade, biosseguran\u00e7a e sustentabilidade, a Sorobras entrega excel\u00eancia t\u00e9cnica com responsabilidade e transpar\u00eancia, contribuindo para o avan\u00e7o da ci\u00eancia e da sa\u00fade no Brasil e no mundo.<\/p>\t\t\t\t\t\t\t\t<\/div>\n\t\t\t\t\t<\/div>\n\t\t\t\t<\/div>\n\t\t\t\t<section class=\"elementor-section elementor-top-section elementor-element elementor-element-10c26bc7 elementor-section-boxed elementor-section-height-default elementor-section-height-default wpr-particle-no wpr-jarallax-no wpr-parallax-no wpr-sticky-section-no\" data-id=\"10c26bc7\" data-element_type=\"section\" data-settings=\"{&quot;background_background&quot;:&quot;gradient&quot;}\">\n\t\t\t\t\t\t<div class=\"elementor-container elementor-column-gap-default\">\n\t\t\t\t\t<div class=\"elementor-column elementor-col-50 elementor-top-column elementor-element elementor-element-621972bb elementor-invisible\" data-id=\"621972bb\" data-element_type=\"column\" data-settings=\"{&quot;animation&quot;:&quot;slideInUp&quot;,&quot;animation_delay&quot;:720}\">\n\t\t\t<div class=\"elementor-widget-wrap elementor-element-populated\">\n\t\t\t\t\t\t<div class=\"elementor-element elementor-element-388e1b7 ekit-equal-height-enable elementor-widget elementor-widget-elementskit-icon-box\" data-id=\"388e1b7\" data-element_type=\"widget\" data-widget_type=\"elementskit-icon-box.default\">\n\t\t\t\t\t<div class=\"ekit-wid-con\" >        <!-- link opening -->\n                <a href=\"#\" class=\"ekit_global_links\">\n                <!-- end link opening -->\n\n        <div class=\"elementskit-infobox text-left text- icon-lef-right-aligin elementor-animation-  gradient-active  hover_from_top\">\n                            <div class=\"elementskit-box-header\">\n                <div class=\"elementskit-info-box-icon text-center\">\n                    <img decoding=\"async\" width=\"255\" height=\"349\" src=\"https:\/\/oiweb4.com\/pnd-2419\/wp-content\/uploads\/2026\/03\/FIltrado2transparente.png\" class=\"attachment- size-\" alt=\"\" srcset=\"https:\/\/oiweb4.com\/pnd-2419\/wp-content\/uploads\/2026\/03\/FIltrado2transparente.png 255w, https:\/\/oiweb4.com\/pnd-2419\/wp-content\/uploads\/2026\/03\/FIltrado2transparente-219x300.png 219w\" sizes=\"(max-width: 255px) 100vw, 255px\" \/>                <\/div>\n          <\/div>\n                <div class=\"box-body\">\n                            <h4 class=\"elementskit-info-box-title\">\n                    Soro Filtrado                <\/h4>\n                        \t\t  \t<p>O Soro Fetal Bovino Filtrado 0,1 \u03bcm da Sorobras passa por filtra\u00e7\u00e3o est\u00e9ril tripla com membranas de 0,1 \u03bcm, em ambiente controlado e envase sob fluxo laminar Classe A, garantindo esterilidade e integridade. Cada lote \u00e9 testado conforme padr\u00f5es internacionais quanto \u00e0 pureza microbiol\u00f3gica, baixos n\u00edveis de endotoxinas e hemoglobina, par\u00e2metros f\u00edsico-qu\u00edmicos e aus\u00eancia de v\u00edrus e micoplasma. Com composi\u00e7\u00e3o ideal para promover viabilidade e crescimento celular, \u00e9 indicado para culturas de c\u00e9lulas variadas e outras aplica\u00e7\u00f5es cr\u00edticas em pesquisa e produ\u00e7\u00e3o biotecnol\u00f3gica. Oferece rastreabilidade completa, alto desempenho e confiabilidade.<\/p>\n                                <\/div>\n        \n        \n                <\/div>\n                <\/a>\n        <\/div>\t\t\t\t<\/div>\n\t\t\t\t\t<\/div>\n\t\t<\/div>\n\t\t\t\t<div class=\"elementor-column elementor-col-50 elementor-top-column elementor-element elementor-element-77e33bde elementor-invisible\" data-id=\"77e33bde\" data-element_type=\"column\" data-settings=\"{&quot;animation&quot;:&quot;slideInUp&quot;,&quot;animation_delay&quot;:360}\">\n\t\t\t<div class=\"elementor-widget-wrap elementor-element-populated\">\n\t\t\t\t\t\t<div class=\"elementor-element elementor-element-4e2111fe ekit-equal-height-disable elementor-widget elementor-widget-elementskit-icon-box\" data-id=\"4e2111fe\" data-element_type=\"widget\" data-widget_type=\"elementskit-icon-box.default\">\n\t\t\t\t\t<div class=\"ekit-wid-con\" >        <!-- link opening -->\n                <a href=\"#\" class=\"ekit_global_links\">\n                <!-- end link opening -->\n\n        <div class=\"elementskit-infobox text-left text- icon-lef-right-aligin elementor-animation-  gradient-active  hover_from_top\">\n                            <div class=\"elementskit-box-header\">\n                <div class=\"elementskit-info-box-icon text-center\">\n                    <img decoding=\"async\" width=\"264\" height=\"350\" src=\"https:\/\/oiweb4.com\/pnd-2419\/wp-content\/uploads\/2026\/03\/Cru2transparente.png\" class=\"attachment- size-\" alt=\"\" srcset=\"https:\/\/oiweb4.com\/pnd-2419\/wp-content\/uploads\/2026\/03\/Cru2transparente.png 264w, https:\/\/oiweb4.com\/pnd-2419\/wp-content\/uploads\/2026\/03\/Cru2transparente-226x300.png 226w\" sizes=\"(max-width: 264px) 100vw, 264px\" \/>                <\/div>\n          <\/div>\n                <div class=\"box-body\">\n                            <h4 class=\"elementskit-info-box-title\">\n                    Soro Cru                <\/h4>\n                        \t\t  \t<p>Nosso Soro Fetal Bovino Cru \u00e9 produzido a partir de mat\u00e9ria-prima coletada de forma controlada em frigor\u00edficos certificados e rigorosamente fiscalizados, com inspe\u00e7\u00e3o veterin\u00e1ria pr\u00e9 e p\u00f3s-morte conforme os protocolos do Minist\u00e9rio da Agricultura do Brasil, alinhados a padr\u00f5es internacionais. O soro \u00e9 processado em curto intervalo de tempo, sob condi\u00e7\u00f5es rigorosamente monitoradas, e congelado imediatamente, preservando sua composi\u00e7\u00e3o original rica em fatores de crescimento, albumina, horm\u00f4nios e micronutrientes. Cada lote possui rastreabilidade total e \u00e9 amplamente testado para garantir par\u00e2metros f\u00edsico-qu\u00edmicos ideais, aus\u00eancia de contaminantes e desempenho compat\u00edvel com as exig\u00eancias da cultura celular moderna e outras aplica\u00e7\u00f5es laboratoriais.\n<\/p>\n                                <\/div>\n        \n        \n                <\/div>\n                <\/a>\n        <\/div>\t\t\t\t<\/div>\n\t\t\t\t\t<\/div>\n\t\t<\/div>\n\t\t\t\t\t<\/div>\n\t\t<\/section>\n\t\t\t\t<\/div>\n\t\t","protected":false},"excerpt":{"rendered":"<p>Produtos Excel\u00eancia na produ\u00e7\u00e3o, confian\u00e7a global. A Sorobr\u00e1s \u00e9 uma empresa brasileira especializada na produ\u00e7\u00e3o de Soro Fetal Bovino (SFB) com rastreabilidade total, controle rigoroso e seguran\u00e7a biol\u00f3gica, voltada aos setores de pesquisa, diagn\u00f3stico e biotecnologia. Fundada por especialistas em gen\u00e9tica m\u00e9dica e qu\u00edmica laboratorial, une experi\u00eancia t\u00e9cnica, inova\u00e7\u00e3o e compromisso \u00e9tico para oferecer produtos confi\u00e1veis e de alto desempenho. Nossa planta \u00e9 habilitada pelo MAPA (SIF) e autorizada a exportar para mercados exigentes como Uni\u00e3o Europeia e China, seguindo padr\u00f5es internacionais em todas as etapas \u2014 da coleta ao envase. Cada lote \u00e9 testado com rigor para garantir pureza, esterilidade e consist\u00eancia. Comprometida com a qualidade, biosseguran\u00e7a e sustentabilidade, a Sorobras entrega excel\u00eancia t\u00e9cnica com responsabilidade e transpar\u00eancia, contribuindo para o avan\u00e7o da ci\u00eancia e da sa\u00fade no Brasil e no mundo. Soro Filtrado O Soro Fetal Bovino Filtrado 0,1 \u03bcm da Sorobras passa por filtra\u00e7\u00e3o est\u00e9ril tripla com membranas de 0,1 \u03bcm, em ambiente controlado e envase sob fluxo laminar Classe A, garantindo esterilidade e integridade. Cada lote \u00e9 testado conforme padr\u00f5es internacionais quanto \u00e0 pureza microbiol\u00f3gica, baixos n\u00edveis de endotoxinas e hemoglobina, par\u00e2metros f\u00edsico-qu\u00edmicos e aus\u00eancia de v\u00edrus e micoplasma. Com composi\u00e7\u00e3o ideal para promover viabilidade e crescimento celular, \u00e9 indicado para culturas de c\u00e9lulas variadas e outras aplica\u00e7\u00f5es cr\u00edticas em pesquisa e produ\u00e7\u00e3o biotecnol\u00f3gica. Oferece rastreabilidade completa, alto desempenho e confiabilidade. Soro Cru Nosso Soro Fetal Bovino Cru \u00e9 produzido a partir de mat\u00e9ria-prima coletada de forma controlada em frigor\u00edficos certificados e rigorosamente fiscalizados, com inspe\u00e7\u00e3o veterin\u00e1ria pr\u00e9 e p\u00f3s-morte conforme os protocolos do Minist\u00e9rio da Agricultura do Brasil, alinhados a padr\u00f5es internacionais. O soro \u00e9 processado em curto intervalo de tempo, sob condi\u00e7\u00f5es rigorosamente monitoradas, e congelado imediatamente, preservando sua composi\u00e7\u00e3o original rica em fatores de crescimento, albumina, horm\u00f4nios e micronutrientes. Cada lote possui rastreabilidade total e \u00e9 amplamente testado para garantir par\u00e2metros f\u00edsico-qu\u00edmicos ideais, aus\u00eancia de contaminantes e desempenho compat\u00edvel com as exig\u00eancias da cultura celular moderna e outras aplica\u00e7\u00f5es laboratoriais.<\/p>\n","protected":false},"author":1,"featured_media":0,"parent":0,"menu_order":0,"comment_status":"closed","ping_status":"closed","template":"","meta":{"footnotes":""},"class_list":["post-1247","page","type-page","status-publish","hentry"],"_links":{"self":[{"href":"https:\/\/oiweb4.com\/pnd-2419\/wp-json\/wp\/v2\/pages\/1247","targetHints":{"allow":["GET"]}}],"collection":[{"href":"https:\/\/oiweb4.com\/pnd-2419\/wp-json\/wp\/v2\/pages"}],"about":[{"href":"https:\/\/oiweb4.com\/pnd-2419\/wp-json\/wp\/v2\/types\/page"}],"author":[{"embeddable":true,"href":"https:\/\/oiweb4.com\/pnd-2419\/wp-json\/wp\/v2\/users\/1"}],"replies":[{"embeddable":true,"href":"https:\/\/oiweb4.com\/pnd-2419\/wp-json\/wp\/v2\/comments?post=1247"}],"version-history":[{"count":7,"href":"https:\/\/oiweb4.com\/pnd-2419\/wp-json\/wp\/v2\/pages\/1247\/revisions"}],"predecessor-version":[{"id":1254,"href":"https:\/\/oiweb4.com\/pnd-2419\/wp-json\/wp\/v2\/pages\/1247\/revisions\/1254"}],"wp:attachment":[{"href":"https:\/\/oiweb4.com\/pnd-2419\/wp-json\/wp\/v2\/media?parent=1247"}],"curies":[{"name":"wp","href":"https:\/\/api.w.org\/{rel}","templated":true}]}}