{"id":1231,"date":"2026-03-16T15:26:55","date_gmt":"2026-03-16T18:26:55","guid":{"rendered":"https:\/\/oiweb4.com\/pnd-2419\/?page_id=1231"},"modified":"2026-03-23T11:24:59","modified_gmt":"2026-03-23T14:24:59","slug":"associacoes","status":"publish","type":"page","link":"https:\/\/oiweb4.com\/pnd-2419\/pt\/associacoes\/","title":{"rendered":"Associa\u00e7\u00f5es"},"content":{"rendered":"\t\t<div data-elementor-type=\"wp-page\" data-elementor-id=\"1231\" class=\"elementor elementor-1231\" data-elementor-post-type=\"page\">\n\t\t\t\t<div class=\"elementor-element elementor-element-499bb6a e-flex e-con-boxed wpr-particle-no wpr-jarallax-no wpr-parallax-no wpr-sticky-section-no e-con e-parent\" data-id=\"499bb6a\" data-element_type=\"container\">\n\t\t\t\t\t<div class=\"e-con-inner\">\n\t\t\t\t<div class=\"elementor-element elementor-element-d4b3d4d elementor-widget elementor-widget-spacer\" data-id=\"d4b3d4d\" data-element_type=\"widget\" data-widget_type=\"spacer.default\">\n\t\t\t\t\t\t\t<div class=\"elementor-spacer\">\n\t\t\t<div class=\"elementor-spacer-inner\"><\/div>\n\t\t<\/div>\n\t\t\t\t\t\t<\/div>\n\t\t\t\t\t<\/div>\n\t\t\t\t<\/div>\n\t\t<div class=\"elementor-element elementor-element-a724ded e-flex e-con-boxed wpr-particle-no wpr-jarallax-no wpr-parallax-no wpr-sticky-section-no e-con e-parent\" data-id=\"a724ded\" data-element_type=\"container\">\n\t\t\t\t\t<div class=\"e-con-inner\">\n\t\t\t\t<div class=\"elementor-element elementor-element-9e5b61a elementor-widget elementor-widget-heading\" data-id=\"9e5b61a\" data-element_type=\"widget\" data-widget_type=\"heading.default\">\n\t\t\t\t\t<h2 class=\"elementor-heading-title elementor-size-default\">Associa\u00e7\u00f5es<\/h2>\t\t\t\t<\/div>\n\t\t\t\t\t<\/div>\n\t\t\t\t<\/div>\n\t\t<div class=\"elementor-element elementor-element-76d28e7 e-flex e-con-boxed wpr-particle-no wpr-jarallax-no wpr-parallax-no wpr-sticky-section-no e-con e-parent\" data-id=\"76d28e7\" data-element_type=\"container\">\n\t\t\t\t\t<div class=\"e-con-inner\">\n\t\t\t\t<div class=\"elementor-element elementor-element-7d01a17 elementor-widget elementor-widget-spacer\" data-id=\"7d01a17\" data-element_type=\"widget\" data-widget_type=\"spacer.default\">\n\t\t\t\t\t\t\t<div class=\"elementor-spacer\">\n\t\t\t<div class=\"elementor-spacer-inner\"><\/div>\n\t\t<\/div>\n\t\t\t\t\t\t<\/div>\n\t\t\t\t\t<\/div>\n\t\t\t\t<\/div>\n\t\t<div class=\"elementor-element elementor-element-bb1dc16 e-grid e-con-boxed wpr-particle-no wpr-jarallax-no wpr-parallax-no wpr-sticky-section-no e-con e-parent\" data-id=\"bb1dc16\" data-element_type=\"container\">\n\t\t\t\t\t<div class=\"e-con-inner\">\n\t\t\t\t<div class=\"elementor-element elementor-element-9de1e01 elementor-widget elementor-widget-text-editor\" data-id=\"9de1e01\" data-element_type=\"widget\" data-widget_type=\"text-editor.default\">\n\t\t\t\t\t\t\t\t\t<p style=\"text-align: center;\">Membro fundador da Associa\u00e7\u00e3o Brasileira dos Produtores de Soro Fetal Bovino, que promove o desenvolvimento da cadeia produtiva do Soro Fetal Bovino, interc\u00e2mbio t\u00e9cnico e parcerias estrat\u00e9gicas<\/p>\t\t\t\t\t\t\t\t<\/div>\n\t\t\t\t<div class=\"elementor-element elementor-element-652e7aa elementor-widget elementor-widget-image\" data-id=\"652e7aa\" data-element_type=\"widget\" data-widget_type=\"image.default\">\n\t\t\t\t\t\t\t\t\t\t\t\t\t\t\t<img fetchpriority=\"high\" decoding=\"async\" width=\"300\" height=\"200\" src=\"https:\/\/oiweb4.com\/pnd-2419\/wp-content\/uploads\/2026\/03\/ABPSFB-300x200.png\" class=\"attachment-medium size-medium wp-image-1012\" alt=\"\" srcset=\"https:\/\/oiweb4.com\/pnd-2419\/wp-content\/uploads\/2026\/03\/ABPSFB-300x200.png 300w, https:\/\/oiweb4.com\/pnd-2419\/wp-content\/uploads\/2026\/03\/ABPSFB-1024x683.png 1024w, https:\/\/oiweb4.com\/pnd-2419\/wp-content\/uploads\/2026\/03\/ABPSFB-768x512.png 768w, https:\/\/oiweb4.com\/pnd-2419\/wp-content\/uploads\/2026\/03\/ABPSFB.png 1536w\" sizes=\"(max-width: 300px) 100vw, 300px\" \/>\t\t\t\t\t\t\t\t\t\t\t\t\t\t\t<\/div>\n\t\t\t\t\t<\/div>\n\t\t\t\t<\/div>\n\t\t<div class=\"elementor-element elementor-element-7c6b236 e-flex e-con-boxed wpr-particle-no wpr-jarallax-no wpr-parallax-no wpr-sticky-section-no e-con e-parent\" data-id=\"7c6b236\" data-element_type=\"container\">\n\t\t\t\t\t<div class=\"e-con-inner\">\n\t\t\t\t<div class=\"elementor-element elementor-element-a4f8c76 elementor-widget-divider--view-line elementor-widget elementor-widget-divider\" data-id=\"a4f8c76\" data-element_type=\"widget\" data-widget_type=\"divider.default\">\n\t\t\t\t\t\t\t<div class=\"elementor-divider\">\n\t\t\t<span class=\"elementor-divider-separator\">\n\t\t\t\t\t\t<\/span>\n\t\t<\/div>\n\t\t\t\t\t\t<\/div>\n\t\t\t\t\t<\/div>\n\t\t\t\t<\/div>\n\t\t<div class=\"elementor-element elementor-element-9a51d38 e-grid e-con-boxed wpr-particle-no wpr-jarallax-no wpr-parallax-no wpr-sticky-section-no e-con e-parent\" data-id=\"9a51d38\" data-element_type=\"container\">\n\t\t\t\t\t<div class=\"e-con-inner\">\n\t\t\t\t<div class=\"elementor-element elementor-element-d200ff4 elementor-widget elementor-widget-text-editor\" data-id=\"d200ff4\" data-element_type=\"widget\" data-widget_type=\"text-editor.default\">\n\t\t\t\t\t\t\t\t\t<p style=\"text-align: center;\">Membro da Associa\u00e7\u00e3o Brasileira da Ind\u00fastria de Insumos Farmac\u00eauticos, entidade representativa das principais empresas produtoras de insumos farmac\u00eauticos e biotecnol\u00f3gicos do Brasil.<\/p><p><span style=\"text-decoration: underline;\"><a href=\"https:\/\/abiquifi.org.br\/associados\">https:\/\/abiquifi.org.br\/associados<\/a><\/span><\/p>\t\t\t\t\t\t\t\t<\/div>\n\t\t\t\t<div class=\"elementor-element elementor-element-a85017c elementor-widget elementor-widget-image\" data-id=\"a85017c\" data-element_type=\"widget\" data-widget_type=\"image.default\">\n\t\t\t\t\t\t\t\t\t\t\t\t\t\t\t<img decoding=\"async\" width=\"300\" height=\"200\" src=\"https:\/\/oiweb4.com\/pnd-2419\/wp-content\/uploads\/2026\/03\/abiquifi-300x200.png\" class=\"attachment-medium size-medium wp-image-1013\" alt=\"\" srcset=\"https:\/\/oiweb4.com\/pnd-2419\/wp-content\/uploads\/2026\/03\/abiquifi-300x200.png 300w, https:\/\/oiweb4.com\/pnd-2419\/wp-content\/uploads\/2026\/03\/abiquifi-1024x683.png 1024w, https:\/\/oiweb4.com\/pnd-2419\/wp-content\/uploads\/2026\/03\/abiquifi-768x512.png 768w, https:\/\/oiweb4.com\/pnd-2419\/wp-content\/uploads\/2026\/03\/abiquifi.png 1536w\" sizes=\"(max-width: 300px) 100vw, 300px\" \/>\t\t\t\t\t\t\t\t\t\t\t\t\t\t\t<\/div>\n\t\t\t\t\t<\/div>\n\t\t\t\t<\/div>\n\t\t<div class=\"elementor-element elementor-element-1cfc560 e-flex e-con-boxed wpr-particle-no wpr-jarallax-no wpr-parallax-no wpr-sticky-section-no e-con e-parent\" data-id=\"1cfc560\" data-element_type=\"container\">\n\t\t\t\t\t<div class=\"e-con-inner\">\n\t\t\t\t<div class=\"elementor-element elementor-element-b964749 elementor-widget-divider--view-line elementor-widget elementor-widget-divider\" data-id=\"b964749\" data-element_type=\"widget\" data-widget_type=\"divider.default\">\n\t\t\t\t\t\t\t<div class=\"elementor-divider\">\n\t\t\t<span class=\"elementor-divider-separator\">\n\t\t\t\t\t\t<\/span>\n\t\t<\/div>\n\t\t\t\t\t\t<\/div>\n\t\t\t\t\t<\/div>\n\t\t\t\t<\/div>\n\t\t<div class=\"elementor-element elementor-element-4691a22 e-flex e-con-boxed wpr-particle-no wpr-jarallax-no wpr-parallax-no wpr-sticky-section-no e-con e-parent\" data-id=\"4691a22\" data-element_type=\"container\">\n\t\t\t\t\t<div class=\"e-con-inner\">\n\t\t\t\t<div class=\"elementor-element elementor-element-a1b2953 elementor-widget elementor-widget-spacer\" data-id=\"a1b2953\" data-element_type=\"widget\" data-widget_type=\"spacer.default\">\n\t\t\t\t\t\t\t<div class=\"elementor-spacer\">\n\t\t\t<div class=\"elementor-spacer-inner\"><\/div>\n\t\t<\/div>\n\t\t\t\t\t\t<\/div>\n\t\t\t\t\t<\/div>\n\t\t\t\t<\/div>\n\t\t<div class=\"elementor-element elementor-element-bfeed78 e-flex e-con-boxed wpr-particle-no wpr-jarallax-no wpr-parallax-no wpr-sticky-section-no e-con e-parent\" data-id=\"bfeed78\" data-element_type=\"container\">\n\t\t\t\t\t<div class=\"e-con-inner\">\n\t\t\t\t<div class=\"elementor-element elementor-element-f3a547c elementor-widget elementor-widget-heading\" data-id=\"f3a547c\" data-element_type=\"widget\" data-widget_type=\"heading.default\">\n\t\t\t\t\t<h2 class=\"elementor-heading-title elementor-size-default\">Novas Oportunidades e Coopera\u00e7\u00e3o Estrat\u00e9gica<\/h2>\t\t\t\t<\/div>\n\t\t\t\t\t<\/div>\n\t\t\t\t<\/div>\n\t\t<div class=\"elementor-element elementor-element-d78b2f9 e-flex e-con-boxed wpr-particle-no wpr-jarallax-no wpr-parallax-no wpr-sticky-section-no e-con e-parent\" data-id=\"d78b2f9\" data-element_type=\"container\">\n\t\t\t\t\t<div class=\"e-con-inner\">\n\t\t\t\t<div class=\"elementor-element elementor-element-4a61929 elementor-widget elementor-widget-text-editor\" data-id=\"4a61929\" data-element_type=\"widget\" data-widget_type=\"text-editor.default\">\n\t\t\t\t\t\t\t\t\t<p>Se voc\u00ea representa uma empresa ou institui\u00e7\u00e3o localizada em um pa\u00eds que ainda n\u00e3o possui um acordo espec\u00edfico com o Brasil, ou que ainda n\u00e3o aceita o Certificado Sanit\u00e1rio Internacional (CSI) brasileiro padr\u00e3o para Soro Fetal Bovino, convidamos voc\u00ea a entrar em contato conosco mesmo assim. Temos forte interesse em estabelecer rela\u00e7\u00f5es s\u00f3lidas com novos parceiros internacionais, e estamos preparados para dialogar com autoridades regulat\u00f3rias e sanit\u00e1rias locais, buscando conjuntamente solu\u00e7\u00f5es t\u00e9cnicas e regulat\u00f3rias que possam viabilizar a abertura de novos mercados e parcerias comerciais duradouras. Estamos sempre abertos a explorar alternativas e oportunidades que beneficiem mutuamente nossos neg\u00f3cios e a ci\u00eancia global.<\/p>\t\t\t\t\t\t\t\t<\/div>\n\t\t\t\t<div class=\"elementor-element elementor-element-e1780b9 elementor-widget elementor-widget-spacer\" data-id=\"e1780b9\" data-element_type=\"widget\" data-widget_type=\"spacer.default\">\n\t\t\t\t\t\t\t<div class=\"elementor-spacer\">\n\t\t\t<div class=\"elementor-spacer-inner\"><\/div>\n\t\t<\/div>\n\t\t\t\t\t\t<\/div>\n\t\t\t\t\t<\/div>\n\t\t\t\t<\/div>\n\t\t\t\t<\/div>\n\t\t","protected":false},"excerpt":{"rendered":"<p>Associa\u00e7\u00f5es Membro fundador da Associa\u00e7\u00e3o Brasileira dos Produtores de Soro Fetal Bovino, que promove o desenvolvimento da cadeia produtiva do Soro Fetal Bovino, interc\u00e2mbio t\u00e9cnico e parcerias estrat\u00e9gicas Membro da Associa\u00e7\u00e3o Brasileira da Ind\u00fastria de Insumos Farmac\u00eauticos, entidade representativa das principais empresas produtoras de insumos farmac\u00eauticos e biotecnol\u00f3gicos do Brasil. https:\/\/abiquifi.org.br\/associados Novas Oportunidades e Coopera\u00e7\u00e3o Estrat\u00e9gica Se voc\u00ea representa uma empresa ou institui\u00e7\u00e3o localizada em um pa\u00eds que ainda n\u00e3o possui um acordo espec\u00edfico com o Brasil, ou que ainda n\u00e3o aceita o Certificado Sanit\u00e1rio Internacional (CSI) brasileiro padr\u00e3o para Soro Fetal Bovino, convidamos voc\u00ea a entrar em contato conosco mesmo assim. Temos forte interesse em estabelecer rela\u00e7\u00f5es s\u00f3lidas com novos parceiros internacionais, e estamos preparados para dialogar com autoridades regulat\u00f3rias e sanit\u00e1rias locais, buscando conjuntamente solu\u00e7\u00f5es t\u00e9cnicas e regulat\u00f3rias que possam viabilizar a abertura de novos mercados e parcerias comerciais duradouras. Estamos sempre abertos a explorar alternativas e oportunidades que beneficiem mutuamente nossos neg\u00f3cios e a ci\u00eancia global.<\/p>\n","protected":false},"author":1,"featured_media":0,"parent":0,"menu_order":0,"comment_status":"closed","ping_status":"closed","template":"","meta":{"footnotes":""},"class_list":["post-1231","page","type-page","status-publish","hentry"],"_links":{"self":[{"href":"https:\/\/oiweb4.com\/pnd-2419\/wp-json\/wp\/v2\/pages\/1231","targetHints":{"allow":["GET"]}}],"collection":[{"href":"https:\/\/oiweb4.com\/pnd-2419\/wp-json\/wp\/v2\/pages"}],"about":[{"href":"https:\/\/oiweb4.com\/pnd-2419\/wp-json\/wp\/v2\/types\/page"}],"author":[{"embeddable":true,"href":"https:\/\/oiweb4.com\/pnd-2419\/wp-json\/wp\/v2\/users\/1"}],"replies":[{"embeddable":true,"href":"https:\/\/oiweb4.com\/pnd-2419\/wp-json\/wp\/v2\/comments?post=1231"}],"version-history":[{"count":13,"href":"https:\/\/oiweb4.com\/pnd-2419\/wp-json\/wp\/v2\/pages\/1231\/revisions"}],"predecessor-version":[{"id":1437,"href":"https:\/\/oiweb4.com\/pnd-2419\/wp-json\/wp\/v2\/pages\/1231\/revisions\/1437"}],"wp:attachment":[{"href":"https:\/\/oiweb4.com\/pnd-2419\/wp-json\/wp\/v2\/media?parent=1231"}],"curies":[{"name":"wp","href":"https:\/\/api.w.org\/{rel}","templated":true}]}}