{"id":1212,"date":"2026-03-16T15:02:31","date_gmt":"2026-03-16T18:02:31","guid":{"rendered":"https:\/\/oiweb4.com\/pnd-2419\/?page_id=1212"},"modified":"2026-03-16T15:03:18","modified_gmt":"2026-03-16T18:03:18","slug":"certificacoes","status":"publish","type":"page","link":"https:\/\/oiweb4.com\/pnd-2419\/pt\/certificacoes\/","title":{"rendered":"Certifica\u00e7\u00f5es"},"content":{"rendered":"\t\t<div data-elementor-type=\"wp-page\" data-elementor-id=\"1212\" class=\"elementor elementor-1212\" data-elementor-post-type=\"page\">\n\t\t\t\t<div class=\"elementor-element elementor-element-499bb6a e-flex e-con-boxed wpr-particle-no wpr-jarallax-no wpr-parallax-no wpr-sticky-section-no e-con e-parent\" data-id=\"499bb6a\" data-element_type=\"container\">\n\t\t\t\t\t<div class=\"e-con-inner\">\n\t\t\t\t<div class=\"elementor-element elementor-element-d4b3d4d elementor-widget elementor-widget-spacer\" data-id=\"d4b3d4d\" data-element_type=\"widget\" data-widget_type=\"spacer.default\">\n\t\t\t\t\t\t\t<div class=\"elementor-spacer\">\n\t\t\t<div class=\"elementor-spacer-inner\"><\/div>\n\t\t<\/div>\n\t\t\t\t\t\t<\/div>\n\t\t\t\t\t<\/div>\n\t\t\t\t<\/div>\n\t\t<div class=\"elementor-element elementor-element-a724ded e-flex e-con-boxed wpr-particle-no wpr-jarallax-no wpr-parallax-no wpr-sticky-section-no e-con e-parent\" data-id=\"a724ded\" data-element_type=\"container\">\n\t\t\t\t\t<div class=\"e-con-inner\">\n\t\t\t\t<div class=\"elementor-element elementor-element-9e5b61a elementor-widget elementor-widget-heading\" data-id=\"9e5b61a\" data-element_type=\"widget\" data-widget_type=\"heading.default\">\n\t\t\t\t\t<h2 class=\"elementor-heading-title elementor-size-default\">Somos Certificados<\/h2>\t\t\t\t<\/div>\n\t\t\t\t\t<\/div>\n\t\t\t\t<\/div>\n\t\t<div class=\"elementor-element elementor-element-0028d5d e-flex e-con-boxed wpr-particle-no wpr-jarallax-no wpr-parallax-no wpr-sticky-section-no e-con e-parent\" data-id=\"0028d5d\" data-element_type=\"container\">\n\t\t\t\t\t<div class=\"e-con-inner\">\n\t\t\t\t<div class=\"elementor-element elementor-element-4d53f8d elementor-widget elementor-widget-spacer\" data-id=\"4d53f8d\" data-element_type=\"widget\" data-widget_type=\"spacer.default\">\n\t\t\t\t\t\t\t<div class=\"elementor-spacer\">\n\t\t\t<div class=\"elementor-spacer-inner\"><\/div>\n\t\t<\/div>\n\t\t\t\t\t\t<\/div>\n\t\t\t\t\t<\/div>\n\t\t\t\t<\/div>\n\t\t<div class=\"elementor-element elementor-element-bb1dc16 e-grid e-con-boxed wpr-particle-no wpr-jarallax-no wpr-parallax-no wpr-sticky-section-no e-con e-parent\" data-id=\"bb1dc16\" data-element_type=\"container\">\n\t\t\t\t\t<div class=\"e-con-inner\">\n\t\t\t\t<div class=\"elementor-element elementor-element-9de1e01 elementor-widget elementor-widget-text-editor\" data-id=\"9de1e01\" data-element_type=\"widget\" data-widget_type=\"text-editor.default\">\n\t\t\t\t\t\t\t\t\t<p>A Sorobras tem o selo S.I.F. (Servi\u00e7o de Inspe\u00e7\u00e3o Federal Brasileiro), um sistema de controle do Minist\u00e9rio da Agricultura e Pecu\u00e1ria do Brasil que visa assegurar a qualidade e seguran\u00e7a de produtos de origem animal (comest\u00edveis ou n\u00e3o) destinados ao mercado interno e externo.<\/p><p><span style=\"text-decoration: underline;\"><a href=\"https:\/\/www.gov.br\/agricultura\/pt-br\/acesso-a-informacao\/transparencia\/2018\/sif#:~:text=Servi\u00e7o de Inspe\u00e7\u00e3o Federal - SIF&amp;text=e vinculado ao Departamento de, bem como de produtos importados\" data-wplink-url-error=\"true\">https:\/\/www.gov.br\/agricultura\/pt-br\/acesso-a-informacao\/transparencia\/2018\/sif#:~:text=Servi\u00e7o de Inspe\u00e7\u00e3o Federal &#8211; SIF&amp;text=e vinculado ao Departamento de, bem como de produtos importados<\/a><\/span><\/p>\t\t\t\t\t\t\t\t<\/div>\n\t\t\t\t<div class=\"elementor-element elementor-element-652e7aa elementor-widget elementor-widget-image\" data-id=\"652e7aa\" data-element_type=\"widget\" data-widget_type=\"image.default\">\n\t\t\t\t\t\t\t\t\t\t\t\t\t\t\t<img fetchpriority=\"high\" decoding=\"async\" width=\"300\" height=\"212\" src=\"https:\/\/oiweb4.com\/pnd-2419\/wp-content\/uploads\/2025\/08\/selo-sif-300x212.webp\" class=\"attachment-medium size-medium wp-image-356\" alt=\"\" srcset=\"https:\/\/oiweb4.com\/pnd-2419\/wp-content\/uploads\/2025\/08\/selo-sif-300x212.webp 300w, https:\/\/oiweb4.com\/pnd-2419\/wp-content\/uploads\/2025\/08\/selo-sif.webp 750w\" sizes=\"(max-width: 300px) 100vw, 300px\" \/>\t\t\t\t\t\t\t\t\t\t\t\t\t\t\t<\/div>\n\t\t\t\t\t<\/div>\n\t\t\t\t<\/div>\n\t\t<div class=\"elementor-element elementor-element-7c6b236 e-flex e-con-boxed wpr-particle-no wpr-jarallax-no wpr-parallax-no wpr-sticky-section-no e-con e-parent\" data-id=\"7c6b236\" data-element_type=\"container\">\n\t\t\t\t\t<div class=\"e-con-inner\">\n\t\t\t\t<div class=\"elementor-element elementor-element-a4f8c76 elementor-widget-divider--view-line elementor-widget elementor-widget-divider\" data-id=\"a4f8c76\" data-element_type=\"widget\" data-widget_type=\"divider.default\">\n\t\t\t\t\t\t\t<div class=\"elementor-divider\">\n\t\t\t<span class=\"elementor-divider-separator\">\n\t\t\t\t\t\t<\/span>\n\t\t<\/div>\n\t\t\t\t\t\t<\/div>\n\t\t\t\t\t<\/div>\n\t\t\t\t<\/div>\n\t\t<div class=\"elementor-element elementor-element-9a51d38 e-grid e-con-boxed wpr-particle-no wpr-jarallax-no wpr-parallax-no wpr-sticky-section-no e-con e-parent\" data-id=\"9a51d38\" data-element_type=\"container\">\n\t\t\t\t\t<div class=\"e-con-inner\">\n\t\t\t\t<div class=\"elementor-element elementor-element-d200ff4 elementor-widget elementor-widget-text-editor\" data-id=\"d200ff4\" data-element_type=\"widget\" data-widget_type=\"text-editor.default\">\n\t\t\t\t\t\t\t\t\t<p>O Programa de Autocontrole (PAC) \u00e9 um conjunto de procedimentos obrigat\u00f3rios que as empresas do setor de alimentos no Brasil devem implementar para garantir a seguran\u00e7a e a qualidade dos produtos. No contexto da ind\u00fastria biotecnol\u00f3gica e de insumos laboratoriais, o PAC demonstra rigor t\u00e9cnico, organiza\u00e7\u00e3o e compromisso com as normas sanit\u00e1rias brasileiras, tendo como 3 componentes principais: BPF, PPHO e APPCC.<\/p>\t\t\t\t\t\t\t\t<\/div>\n\t\t\t\t<div class=\"elementor-element elementor-element-a85017c elementor-widget elementor-widget-image\" data-id=\"a85017c\" data-element_type=\"widget\" data-widget_type=\"image.default\">\n\t\t\t\t\t\t\t\t\t\t\t\t\t\t\t<img decoding=\"async\" width=\"300\" height=\"300\" src=\"https:\/\/oiweb4.com\/pnd-2419\/wp-content\/uploads\/2026\/03\/PAC-300x300.png\" class=\"attachment-medium size-medium wp-image-712\" alt=\"\" srcset=\"https:\/\/oiweb4.com\/pnd-2419\/wp-content\/uploads\/2026\/03\/PAC-300x300.png 300w, https:\/\/oiweb4.com\/pnd-2419\/wp-content\/uploads\/2026\/03\/PAC-150x150.png 150w, https:\/\/oiweb4.com\/pnd-2419\/wp-content\/uploads\/2026\/03\/PAC-768x768.png 768w, https:\/\/oiweb4.com\/pnd-2419\/wp-content\/uploads\/2026\/03\/PAC.png 1024w\" sizes=\"(max-width: 300px) 100vw, 300px\" \/>\t\t\t\t\t\t\t\t\t\t\t\t\t\t\t<\/div>\n\t\t\t\t\t<\/div>\n\t\t\t\t<\/div>\n\t\t<div class=\"elementor-element elementor-element-dcf1645 e-flex e-con-boxed wpr-particle-no wpr-jarallax-no wpr-parallax-no wpr-sticky-section-no e-con e-parent\" data-id=\"dcf1645\" data-element_type=\"container\">\n\t\t\t\t\t<div class=\"e-con-inner\">\n\t\t\t\t<div class=\"elementor-element elementor-element-09a2f57 elementor-widget-divider--view-line elementor-widget elementor-widget-divider\" data-id=\"09a2f57\" data-element_type=\"widget\" data-widget_type=\"divider.default\">\n\t\t\t\t\t\t\t<div class=\"elementor-divider\">\n\t\t\t<span class=\"elementor-divider-separator\">\n\t\t\t\t\t\t<\/span>\n\t\t<\/div>\n\t\t\t\t\t\t<\/div>\n\t\t\t\t\t<\/div>\n\t\t\t\t<\/div>\n\t\t<div class=\"elementor-element elementor-element-ef032f5 e-grid e-con-boxed wpr-particle-no wpr-jarallax-no wpr-parallax-no wpr-sticky-section-no e-con e-parent\" data-id=\"ef032f5\" data-element_type=\"container\">\n\t\t\t\t\t<div class=\"e-con-inner\">\n\t\t\t\t<div class=\"elementor-element elementor-element-f3375fc elementor-widget elementor-widget-text-editor\" data-id=\"f3375fc\" data-element_type=\"widget\" data-widget_type=\"text-editor.default\">\n\t\t\t\t\t\t\t\t\t<p>Nossos produtos s\u00e3o exportados usando o Certificado Sanit\u00e1rio Internacional, o documento sanit\u00e1rio oficial (impresso ou em formato eletr\u00f4nico) emitido por autoridade competente, para o tr\u00e2nsito nacional ou internacional de mat\u00e9rias-primas e de produtos de origem animal, em atendimento aos requisitos sanit\u00e1rios, t\u00e9cnicos e legais previstos, institu\u00eddos pela Portaria MAPA n\u00ba 431, de 19 de outubro de 2021.<\/p><p><span style=\"text-decoration: underline;\"><a href=\"https:\/\/www.gov.br\/agricultura\/pt-br\/internacional\/portugues\/exportacao\/animal\/origem-animal\/certificacao-sanitaria\">https:\/\/www.gov.br\/agricultura\/pt-br\/internacional\/portugues\/exportacao\/animal\/origem-animal\/certificacao-sanitaria<\/a><\/span><\/p>\t\t\t\t\t\t\t\t<\/div>\n\t\t\t\t<div class=\"elementor-element elementor-element-d921138 elementor-widget elementor-widget-image\" data-id=\"d921138\" data-element_type=\"widget\" data-widget_type=\"image.default\">\n\t\t\t\t\t\t\t\t\t\t\t\t\t\t\t<img decoding=\"async\" width=\"300\" height=\"200\" src=\"https:\/\/oiweb4.com\/pnd-2419\/wp-content\/uploads\/2026\/03\/CSI-300x200.png\" class=\"attachment-medium size-medium wp-image-724\" alt=\"\" srcset=\"https:\/\/oiweb4.com\/pnd-2419\/wp-content\/uploads\/2026\/03\/CSI-300x200.png 300w, https:\/\/oiweb4.com\/pnd-2419\/wp-content\/uploads\/2026\/03\/CSI-1024x683.png 1024w, https:\/\/oiweb4.com\/pnd-2419\/wp-content\/uploads\/2026\/03\/CSI-768x512.png 768w, https:\/\/oiweb4.com\/pnd-2419\/wp-content\/uploads\/2026\/03\/CSI.png 1536w\" sizes=\"(max-width: 300px) 100vw, 300px\" \/>\t\t\t\t\t\t\t\t\t\t\t\t\t\t\t<\/div>\n\t\t\t\t\t<\/div>\n\t\t\t\t<\/div>\n\t\t<div class=\"elementor-element elementor-element-1cfc560 e-flex e-con-boxed wpr-particle-no wpr-jarallax-no wpr-parallax-no wpr-sticky-section-no e-con e-parent\" data-id=\"1cfc560\" data-element_type=\"container\">\n\t\t\t\t\t<div class=\"e-con-inner\">\n\t\t\t\t<div class=\"elementor-element elementor-element-b964749 elementor-widget-divider--view-line elementor-widget elementor-widget-divider\" data-id=\"b964749\" data-element_type=\"widget\" data-widget_type=\"divider.default\">\n\t\t\t\t\t\t\t<div class=\"elementor-divider\">\n\t\t\t<span class=\"elementor-divider-separator\">\n\t\t\t\t\t\t<\/span>\n\t\t<\/div>\n\t\t\t\t\t\t<\/div>\n\t\t\t\t\t<\/div>\n\t\t\t\t<\/div>\n\t\t<div class=\"elementor-element elementor-element-37c4e19 e-flex e-con-boxed wpr-particle-no wpr-jarallax-no wpr-parallax-no wpr-sticky-section-no e-con e-parent\" data-id=\"37c4e19\" data-element_type=\"container\">\n\t\t\t\t\t<div class=\"e-con-inner\">\n\t\t\t\t<div class=\"elementor-element elementor-element-81889fc elementor-widget elementor-widget-spacer\" data-id=\"81889fc\" data-element_type=\"widget\" data-widget_type=\"spacer.default\">\n\t\t\t\t\t\t\t<div class=\"elementor-spacer\">\n\t\t\t<div class=\"elementor-spacer-inner\"><\/div>\n\t\t<\/div>\n\t\t\t\t\t\t<\/div>\n\t\t\t\t\t<\/div>\n\t\t\t\t<\/div>\n\t\t<div class=\"elementor-element elementor-element-bfeed78 e-flex e-con-boxed wpr-particle-no wpr-jarallax-no wpr-parallax-no wpr-sticky-section-no e-con e-parent\" data-id=\"bfeed78\" data-element_type=\"container\">\n\t\t\t\t\t<div class=\"e-con-inner\">\n\t\t\t\t<div class=\"elementor-element elementor-element-f3a547c elementor-widget elementor-widget-heading\" data-id=\"f3a547c\" data-element_type=\"widget\" data-widget_type=\"heading.default\">\n\t\t\t\t\t<h2 class=\"elementor-heading-title elementor-size-default\">Novas Oportunidades e Coopera\u00e7\u00e3o Estrat\u00e9gica<\/h2>\t\t\t\t<\/div>\n\t\t\t\t\t<\/div>\n\t\t\t\t<\/div>\n\t\t<div class=\"elementor-element elementor-element-d78b2f9 e-flex e-con-boxed wpr-particle-no wpr-jarallax-no wpr-parallax-no wpr-sticky-section-no e-con e-parent\" data-id=\"d78b2f9\" data-element_type=\"container\">\n\t\t\t\t\t<div class=\"e-con-inner\">\n\t\t\t\t<div class=\"elementor-element elementor-element-4a61929 elementor-widget elementor-widget-text-editor\" data-id=\"4a61929\" data-element_type=\"widget\" data-widget_type=\"text-editor.default\">\n\t\t\t\t\t\t\t\t\t<p>Se voc\u00ea representa uma empresa ou institui\u00e7\u00e3o localizada em um pa\u00eds que ainda n\u00e3o possui um acordo espec\u00edfico com o Brasil, ou que ainda n\u00e3o aceita o Certificado Sanit\u00e1rio Internacional (CSI) brasileiro padr\u00e3o para Soro Fetal Bovino, convidamos voc\u00ea a entrar em contato conosco mesmo assim. Temos forte interesse em estabelecer rela\u00e7\u00f5es s\u00f3lidas com novos parceiros internacionais, e estamos preparados para dialogar com autoridades regulat\u00f3rias e sanit\u00e1rias locais, buscando conjuntamente solu\u00e7\u00f5es t\u00e9cnicas e regulat\u00f3rias que possam viabilizar a abertura de novos mercados e parcerias comerciais duradouras. Estamos sempre abertos a explorar alternativas e oportunidades que beneficiem mutuamente nossos neg\u00f3cios e a ci\u00eancia global.<\/p>\t\t\t\t\t\t\t\t<\/div>\n\t\t\t\t<div class=\"elementor-element elementor-element-9fd6aea elementor-widget elementor-widget-spacer\" data-id=\"9fd6aea\" data-element_type=\"widget\" data-widget_type=\"spacer.default\">\n\t\t\t\t\t\t\t<div class=\"elementor-spacer\">\n\t\t\t<div class=\"elementor-spacer-inner\"><\/div>\n\t\t<\/div>\n\t\t\t\t\t\t<\/div>\n\t\t\t\t\t<\/div>\n\t\t\t\t<\/div>\n\t\t\t\t<\/div>\n\t\t","protected":false},"excerpt":{"rendered":"<p>Somos Certificados A Sorobras tem o selo S.I.F. (Servi\u00e7o de Inspe\u00e7\u00e3o Federal Brasileiro), um sistema de controle do Minist\u00e9rio da Agricultura e Pecu\u00e1ria do Brasil que visa assegurar a qualidade e seguran\u00e7a de produtos de origem animal (comest\u00edveis ou n\u00e3o) destinados ao mercado interno e externo. https:\/\/www.gov.br\/agricultura\/pt-br\/acesso-a-informacao\/transparencia\/2018\/sif#:~:text=Servi\u00e7o de Inspe\u00e7\u00e3o Federal &#8211; SIF&amp;text=e vinculado ao Departamento de, bem como de produtos importados O Programa de Autocontrole (PAC) \u00e9 um conjunto de procedimentos obrigat\u00f3rios que as empresas do setor de alimentos no Brasil devem implementar para garantir a seguran\u00e7a e a qualidade dos produtos. No contexto da ind\u00fastria biotecnol\u00f3gica e de insumos laboratoriais, o PAC demonstra rigor t\u00e9cnico, organiza\u00e7\u00e3o e compromisso com as normas sanit\u00e1rias brasileiras, tendo como 3 componentes principais: BPF, PPHO e APPCC. Nossos produtos s\u00e3o exportados usando o Certificado Sanit\u00e1rio Internacional, o documento sanit\u00e1rio oficial (impresso ou em formato eletr\u00f4nico) emitido por autoridade competente, para o tr\u00e2nsito nacional ou internacional de mat\u00e9rias-primas e de produtos de origem animal, em atendimento aos requisitos sanit\u00e1rios, t\u00e9cnicos e legais previstos, institu\u00eddos pela Portaria MAPA n\u00ba 431, de 19 de outubro de 2021. https:\/\/www.gov.br\/agricultura\/pt-br\/internacional\/portugues\/exportacao\/animal\/origem-animal\/certificacao-sanitaria Novas Oportunidades e Coopera\u00e7\u00e3o Estrat\u00e9gica Se voc\u00ea representa uma empresa ou institui\u00e7\u00e3o localizada em um pa\u00eds que ainda n\u00e3o possui um acordo espec\u00edfico com o Brasil, ou que ainda n\u00e3o aceita o Certificado Sanit\u00e1rio Internacional (CSI) brasileiro padr\u00e3o para Soro Fetal Bovino, convidamos voc\u00ea a entrar em contato conosco mesmo assim. Temos forte interesse em estabelecer rela\u00e7\u00f5es s\u00f3lidas com novos parceiros internacionais, e estamos preparados para dialogar com autoridades regulat\u00f3rias e sanit\u00e1rias locais, buscando conjuntamente solu\u00e7\u00f5es t\u00e9cnicas e regulat\u00f3rias que possam viabilizar a abertura de novos mercados e parcerias comerciais duradouras. Estamos sempre abertos a explorar alternativas e oportunidades que beneficiem mutuamente nossos neg\u00f3cios e a ci\u00eancia global.<\/p>\n","protected":false},"author":1,"featured_media":0,"parent":0,"menu_order":0,"comment_status":"closed","ping_status":"closed","template":"","meta":{"footnotes":""},"class_list":["post-1212","page","type-page","status-publish","hentry"],"_links":{"self":[{"href":"https:\/\/oiweb4.com\/pnd-2419\/wp-json\/wp\/v2\/pages\/1212","targetHints":{"allow":["GET"]}}],"collection":[{"href":"https:\/\/oiweb4.com\/pnd-2419\/wp-json\/wp\/v2\/pages"}],"about":[{"href":"https:\/\/oiweb4.com\/pnd-2419\/wp-json\/wp\/v2\/types\/page"}],"author":[{"embeddable":true,"href":"https:\/\/oiweb4.com\/pnd-2419\/wp-json\/wp\/v2\/users\/1"}],"replies":[{"embeddable":true,"href":"https:\/\/oiweb4.com\/pnd-2419\/wp-json\/wp\/v2\/comments?post=1212"}],"version-history":[{"count":4,"href":"https:\/\/oiweb4.com\/pnd-2419\/wp-json\/wp\/v2\/pages\/1212\/revisions"}],"predecessor-version":[{"id":1216,"href":"https:\/\/oiweb4.com\/pnd-2419\/wp-json\/wp\/v2\/pages\/1212\/revisions\/1216"}],"wp:attachment":[{"href":"https:\/\/oiweb4.com\/pnd-2419\/wp-json\/wp\/v2\/media?parent=1212"}],"curies":[{"name":"wp","href":"https:\/\/api.w.org\/{rel}","templated":true}]}}