{"id":1207,"date":"2026-03-16T14:59:53","date_gmt":"2026-03-16T17:59:53","guid":{"rendered":"https:\/\/oiweb4.com\/pnd-2419\/?page_id=1207"},"modified":"2026-03-16T15:01:40","modified_gmt":"2026-03-16T18:01:40","slug":"%e8%ae%a4%e8%af%81","status":"publish","type":"page","link":"https:\/\/oiweb4.com\/pnd-2419\/zh\/%e8%ae%a4%e8%af%81\/","title":{"rendered":"\u8ba4\u8bc1"},"content":{"rendered":"\t\t<div data-elementor-type=\"wp-page\" data-elementor-id=\"1207\" class=\"elementor elementor-1207\" data-elementor-post-type=\"page\">\n\t\t\t\t<div class=\"elementor-element elementor-element-499bb6a e-flex e-con-boxed wpr-particle-no wpr-jarallax-no wpr-parallax-no wpr-sticky-section-no e-con e-parent\" data-id=\"499bb6a\" data-element_type=\"container\">\n\t\t\t\t\t<div class=\"e-con-inner\">\n\t\t\t\t<div class=\"elementor-element elementor-element-d4b3d4d elementor-widget elementor-widget-spacer\" data-id=\"d4b3d4d\" data-element_type=\"widget\" data-widget_type=\"spacer.default\">\n\t\t\t\t\t\t\t<div class=\"elementor-spacer\">\n\t\t\t<div class=\"elementor-spacer-inner\"><\/div>\n\t\t<\/div>\n\t\t\t\t\t\t<\/div>\n\t\t\t\t\t<\/div>\n\t\t\t\t<\/div>\n\t\t<div class=\"elementor-element elementor-element-a724ded e-flex e-con-boxed wpr-particle-no wpr-jarallax-no wpr-parallax-no wpr-sticky-section-no e-con e-parent\" data-id=\"a724ded\" data-element_type=\"container\">\n\t\t\t\t\t<div class=\"e-con-inner\">\n\t\t\t\t<div class=\"elementor-element elementor-element-9e5b61a elementor-widget elementor-widget-heading\" data-id=\"9e5b61a\" data-element_type=\"widget\" data-widget_type=\"heading.default\">\n\t\t\t\t\t<h2 class=\"elementor-heading-title elementor-size-default\">\u6211\u4eec\u7684\u8ba4\u8bc1<\/h2>\t\t\t\t<\/div>\n\t\t\t\t\t<\/div>\n\t\t\t\t<\/div>\n\t\t<div class=\"elementor-element elementor-element-0028d5d e-flex e-con-boxed wpr-particle-no wpr-jarallax-no wpr-parallax-no wpr-sticky-section-no e-con e-parent\" data-id=\"0028d5d\" data-element_type=\"container\">\n\t\t\t\t\t<div class=\"e-con-inner\">\n\t\t\t\t<div class=\"elementor-element elementor-element-4d53f8d elementor-widget elementor-widget-spacer\" data-id=\"4d53f8d\" data-element_type=\"widget\" data-widget_type=\"spacer.default\">\n\t\t\t\t\t\t\t<div class=\"elementor-spacer\">\n\t\t\t<div class=\"elementor-spacer-inner\"><\/div>\n\t\t<\/div>\n\t\t\t\t\t\t<\/div>\n\t\t\t\t\t<\/div>\n\t\t\t\t<\/div>\n\t\t<div class=\"elementor-element elementor-element-bb1dc16 e-grid e-con-boxed wpr-particle-no wpr-jarallax-no wpr-parallax-no wpr-sticky-section-no e-con e-parent\" data-id=\"bb1dc16\" data-element_type=\"container\">\n\t\t\t\t\t<div class=\"e-con-inner\">\n\t\t\t\t<div class=\"elementor-element elementor-element-9de1e01 elementor-widget elementor-widget-text-editor\" data-id=\"9de1e01\" data-element_type=\"widget\" data-widget_type=\"text-editor.default\">\n\t\t\t\t\t\t\t\t\t<p>Sorobras \u5df2\u83b7\u5f97 <strong data-start=\"214\" data-end=\"236\">S.I.F.\uff08\u5df4\u897f\u8054\u90a6\u68c0\u9a8c\u670d\u52a1\uff09\u8ba4\u8bc1<\/strong>\u3002\u8be5\u8ba4\u8bc1\u4f53\u7cfb\u7531 <strong data-start=\"244\" data-end=\"263\">\u5df4\u897f\u519c\u4e1a\u4e0e\u755c\u7267\u4e1a\u90e8\uff08MAPA\uff09<\/strong> \u76d1\u7ba1\uff0c\u65e8\u5728\u786e\u4fdd\u52a8\u7269\u6765\u6e90\u4ea7\u54c1\uff08\u65e0\u8bba\u53ef\u98df\u7528\u6216\u4e0d\u53ef\u98df\u7528\uff09\u5728\u751f\u4ea7\u8fc7\u7a0b\u4e2d\u7684 <strong data-start=\"297\" data-end=\"307\">\u8d28\u91cf\u4e0e\u5b89\u5168\u6027<\/strong>\uff0c\u9002\u7528\u4e8e\u56fd\u5185\u53ca\u56fd\u9645\u5e02\u573a\u3002<\/p><p><span style=\"text-decoration: underline;\"><a href=\"https:\/\/www.gov.br\/agricultura\/pt-br\/acesso-a-informacao\/transparencia\/2018\/sif#:~:text=Servi\u00e7o de Inspe\u00e7\u00e3o Federal - SIF&amp;text=e vinculado ao Departamento de, bem como de produtos importados\" data-wplink-url-error=\"true\">https:\/\/www.gov.br\/agricultura\/pt-br\/acesso-a-informacao\/transparencia\/2018\/sif#:~:text=Servi\u00e7o de Inspe\u00e7\u00e3o Federal &#8211; SIF&amp;text=e vinculado ao Departamento de, bem como de produtos importados<\/a><\/span><\/p>\t\t\t\t\t\t\t\t<\/div>\n\t\t\t\t<div class=\"elementor-element elementor-element-652e7aa elementor-widget elementor-widget-image\" data-id=\"652e7aa\" data-element_type=\"widget\" data-widget_type=\"image.default\">\n\t\t\t\t\t\t\t\t\t\t\t\t\t\t\t<img fetchpriority=\"high\" decoding=\"async\" width=\"300\" height=\"212\" src=\"https:\/\/oiweb4.com\/pnd-2419\/wp-content\/uploads\/2025\/08\/selo-sif-300x212.webp\" class=\"attachment-medium size-medium wp-image-356\" alt=\"\" srcset=\"https:\/\/oiweb4.com\/pnd-2419\/wp-content\/uploads\/2025\/08\/selo-sif-300x212.webp 300w, https:\/\/oiweb4.com\/pnd-2419\/wp-content\/uploads\/2025\/08\/selo-sif.webp 750w\" sizes=\"(max-width: 300px) 100vw, 300px\" \/>\t\t\t\t\t\t\t\t\t\t\t\t\t\t\t<\/div>\n\t\t\t\t\t<\/div>\n\t\t\t\t<\/div>\n\t\t<div class=\"elementor-element elementor-element-7c6b236 e-flex e-con-boxed wpr-particle-no wpr-jarallax-no wpr-parallax-no wpr-sticky-section-no e-con e-parent\" data-id=\"7c6b236\" data-element_type=\"container\">\n\t\t\t\t\t<div class=\"e-con-inner\">\n\t\t\t\t<div class=\"elementor-element elementor-element-a4f8c76 elementor-widget-divider--view-line elementor-widget elementor-widget-divider\" data-id=\"a4f8c76\" data-element_type=\"widget\" data-widget_type=\"divider.default\">\n\t\t\t\t\t\t\t<div class=\"elementor-divider\">\n\t\t\t<span class=\"elementor-divider-separator\">\n\t\t\t\t\t\t<\/span>\n\t\t<\/div>\n\t\t\t\t\t\t<\/div>\n\t\t\t\t\t<\/div>\n\t\t\t\t<\/div>\n\t\t<div class=\"elementor-element elementor-element-9a51d38 e-grid e-con-boxed wpr-particle-no wpr-jarallax-no wpr-parallax-no wpr-sticky-section-no e-con e-parent\" data-id=\"9a51d38\" data-element_type=\"container\">\n\t\t\t\t\t<div class=\"e-con-inner\">\n\t\t\t\t<div class=\"elementor-element elementor-element-d200ff4 elementor-widget elementor-widget-text-editor\" data-id=\"d200ff4\" data-element_type=\"widget\" data-widget_type=\"text-editor.default\">\n\t\t\t\t\t\t\t\t\t<p data-start=\"326\" data-end=\"377\"><strong data-start=\"326\" data-end=\"341\">\u81ea\u6211\u63a7\u5236\u8ba1\u5212\uff08PAC\uff09<\/strong> \u662f\u5df4\u897f\u98df\u54c1\u884c\u4e1a\u4f01\u4e1a\u5fc5\u987b\u5b9e\u65bd\u7684\u4e00\u5957\u5f3a\u5236\u6027\u7a0b\u5e8f\uff0c\u7528\u4e8e\u786e\u4fdd\u4ea7\u54c1\u7684\u5b89\u5168\u4e0e\u8d28\u91cf\u3002<\/p><p data-start=\"379\" data-end=\"518\">\u5728\u751f\u7269\u6280\u672f\u548c\u5b9e\u9a8c\u5ba4\u539f\u6750\u6599\u884c\u4e1a\u4e2d\uff0cPAC \u4f53\u73b0\u4e86\u4f01\u4e1a\u5728 <strong data-start=\"406\" data-end=\"431\">\u6280\u672f\u89c4\u8303\u3001\u7ec4\u7ec7\u7ba1\u7406\u4ee5\u53ca\u5bf9\u5df4\u897f\u536b\u751f\u6cd5\u89c4\u7684\u9075\u5faa<\/strong>\u65b9\u9762\u7684\u4e25\u683c\u6807\u51c6\u3002\u8be5\u4f53\u7cfb\u4e3b\u8981\u7531\u4e09\u4e2a\u6838\u5fc3\u7ec4\u6210\u90e8\u5206\u6784\u6210\uff1a<br data-start=\"456\" data-end=\"459\" \/><strong data-start=\"459\" data-end=\"474\">BPF\uff08\u826f\u597d\u751f\u4ea7\u89c4\u8303\uff09<\/strong>\u3001<strong data-start=\"475\" data-end=\"493\">PPHO\uff08\u64cd\u4f5c\u536b\u751f\u6807\u51c6\u7a0b\u5e8f\uff09<\/strong> \u548c <strong data-start=\"496\" data-end=\"517\">APPCC\uff08\u5371\u5bb3\u5206\u6790\u4e0e\u5173\u952e\u63a7\u5236\u70b9\uff09<\/strong><\/p>\t\t\t\t\t\t\t\t<\/div>\n\t\t\t\t<div class=\"elementor-element elementor-element-a85017c elementor-widget elementor-widget-image\" data-id=\"a85017c\" data-element_type=\"widget\" data-widget_type=\"image.default\">\n\t\t\t\t\t\t\t\t\t\t\t\t\t\t\t<img decoding=\"async\" width=\"300\" height=\"300\" src=\"https:\/\/oiweb4.com\/pnd-2419\/wp-content\/uploads\/2026\/03\/PAC-300x300.png\" class=\"attachment-medium size-medium wp-image-712\" alt=\"\" srcset=\"https:\/\/oiweb4.com\/pnd-2419\/wp-content\/uploads\/2026\/03\/PAC-300x300.png 300w, https:\/\/oiweb4.com\/pnd-2419\/wp-content\/uploads\/2026\/03\/PAC-150x150.png 150w, https:\/\/oiweb4.com\/pnd-2419\/wp-content\/uploads\/2026\/03\/PAC-768x768.png 768w, https:\/\/oiweb4.com\/pnd-2419\/wp-content\/uploads\/2026\/03\/PAC.png 1024w\" sizes=\"(max-width: 300px) 100vw, 300px\" \/>\t\t\t\t\t\t\t\t\t\t\t\t\t\t\t<\/div>\n\t\t\t\t\t<\/div>\n\t\t\t\t<\/div>\n\t\t<div class=\"elementor-element elementor-element-dcf1645 e-flex e-con-boxed wpr-particle-no wpr-jarallax-no wpr-parallax-no wpr-sticky-section-no e-con e-parent\" data-id=\"dcf1645\" data-element_type=\"container\">\n\t\t\t\t\t<div class=\"e-con-inner\">\n\t\t\t\t<div class=\"elementor-element elementor-element-09a2f57 elementor-widget-divider--view-line elementor-widget elementor-widget-divider\" data-id=\"09a2f57\" data-element_type=\"widget\" data-widget_type=\"divider.default\">\n\t\t\t\t\t\t\t<div class=\"elementor-divider\">\n\t\t\t<span class=\"elementor-divider-separator\">\n\t\t\t\t\t\t<\/span>\n\t\t<\/div>\n\t\t\t\t\t\t<\/div>\n\t\t\t\t\t<\/div>\n\t\t\t\t<\/div>\n\t\t<div class=\"elementor-element elementor-element-ef032f5 e-grid e-con-boxed wpr-particle-no wpr-jarallax-no wpr-parallax-no wpr-sticky-section-no e-con e-parent\" data-id=\"ef032f5\" data-element_type=\"container\">\n\t\t\t\t\t<div class=\"e-con-inner\">\n\t\t\t\t<div class=\"elementor-element elementor-element-f3375fc elementor-widget elementor-widget-text-editor\" data-id=\"f3375fc\" data-element_type=\"widget\" data-widget_type=\"text-editor.default\">\n\t\t\t\t\t\t\t\t\t<p data-start=\"525\" data-end=\"612\">\u6211\u4eec\u7684\u4ea7\u54c1\u901a\u8fc7 <strong data-start=\"533\" data-end=\"548\">\u56fd\u9645\u536b\u751f\u8bc1\u4e66\uff08CSI\uff09<\/strong> \u8fdb\u884c\u51fa\u53e3\u3002\u8be5\u8bc1\u4e66\u662f\u7531\u4e3b\u7ba1\u673a\u6784\u7b7e\u53d1\u7684\u5b98\u65b9\u536b\u751f\u6587\u4ef6\uff08\u7eb8\u8d28\u6216\u7535\u5b50\u5f62\u5f0f\uff09\uff0c\u7528\u4e8e\u52a8\u7269\u6765\u6e90\u539f\u6750\u6599\u53ca\u4ea7\u54c1\u5728\u56fd\u5185\u6216\u56fd\u9645\u8fd0\u8f93\u8fc7\u7a0b\u4e2d\u7684\u76d1\u7ba1\u4e0e\u8ba4\u8bc1\u3002<\/p><p data-start=\"614\" data-end=\"673\">\u8be5\u8ba4\u8bc1\u4f53\u7cfb\u7b26\u5408 <strong data-start=\"622\" data-end=\"657\">2021 \u5e74 10 \u6708 19 \u65e5\u7b2c 431 \u53f7 MAPA \u6cd5\u4ee4<\/strong> \u6240\u89c4\u5b9a\u7684\u536b\u751f\u3001\u6280\u672f\u53ca\u6cd5\u5f8b\u8981\u6c42\u3002<\/p><p><span style=\"text-decoration: underline;\"><a href=\"https:\/\/www.gov.br\/agricultura\/pt-br\/internacional\/portugues\/exportacao\/animal\/origem-animal\/certificacao-sanitaria\">https:\/\/www.gov.br\/agricultura\/pt-br\/internacional\/portugues\/exportacao\/animal\/origem-animal\/certificacao-sanitaria<\/a><\/span><\/p>\t\t\t\t\t\t\t\t<\/div>\n\t\t\t\t<div class=\"elementor-element elementor-element-d921138 elementor-widget elementor-widget-image\" data-id=\"d921138\" data-element_type=\"widget\" data-widget_type=\"image.default\">\n\t\t\t\t\t\t\t\t\t\t\t\t\t\t\t<img decoding=\"async\" width=\"300\" height=\"200\" src=\"https:\/\/oiweb4.com\/pnd-2419\/wp-content\/uploads\/2026\/03\/CSI-300x200.png\" class=\"attachment-medium size-medium wp-image-724\" alt=\"\" srcset=\"https:\/\/oiweb4.com\/pnd-2419\/wp-content\/uploads\/2026\/03\/CSI-300x200.png 300w, https:\/\/oiweb4.com\/pnd-2419\/wp-content\/uploads\/2026\/03\/CSI-1024x683.png 1024w, https:\/\/oiweb4.com\/pnd-2419\/wp-content\/uploads\/2026\/03\/CSI-768x512.png 768w, https:\/\/oiweb4.com\/pnd-2419\/wp-content\/uploads\/2026\/03\/CSI.png 1536w\" sizes=\"(max-width: 300px) 100vw, 300px\" \/>\t\t\t\t\t\t\t\t\t\t\t\t\t\t\t<\/div>\n\t\t\t\t\t<\/div>\n\t\t\t\t<\/div>\n\t\t<div class=\"elementor-element elementor-element-1cfc560 e-flex e-con-boxed wpr-particle-no wpr-jarallax-no wpr-parallax-no wpr-sticky-section-no e-con e-parent\" data-id=\"1cfc560\" data-element_type=\"container\">\n\t\t\t\t\t<div class=\"e-con-inner\">\n\t\t\t\t<div class=\"elementor-element elementor-element-b964749 elementor-widget-divider--view-line elementor-widget elementor-widget-divider\" data-id=\"b964749\" data-element_type=\"widget\" data-widget_type=\"divider.default\">\n\t\t\t\t\t\t\t<div class=\"elementor-divider\">\n\t\t\t<span class=\"elementor-divider-separator\">\n\t\t\t\t\t\t<\/span>\n\t\t<\/div>\n\t\t\t\t\t\t<\/div>\n\t\t\t\t\t<\/div>\n\t\t\t\t<\/div>\n\t\t<div class=\"elementor-element elementor-element-37c4e19 e-flex e-con-boxed wpr-particle-no wpr-jarallax-no wpr-parallax-no wpr-sticky-section-no e-con e-parent\" data-id=\"37c4e19\" data-element_type=\"container\">\n\t\t\t\t\t<div class=\"e-con-inner\">\n\t\t\t\t<div class=\"elementor-element elementor-element-81889fc elementor-widget elementor-widget-spacer\" data-id=\"81889fc\" data-element_type=\"widget\" data-widget_type=\"spacer.default\">\n\t\t\t\t\t\t\t<div class=\"elementor-spacer\">\n\t\t\t<div class=\"elementor-spacer-inner\"><\/div>\n\t\t<\/div>\n\t\t\t\t\t\t<\/div>\n\t\t\t\t\t<\/div>\n\t\t\t\t<\/div>\n\t\t<div class=\"elementor-element elementor-element-bfeed78 e-flex e-con-boxed wpr-particle-no wpr-jarallax-no wpr-parallax-no wpr-sticky-section-no e-con e-parent\" data-id=\"bfeed78\" data-element_type=\"container\">\n\t\t\t\t\t<div class=\"e-con-inner\">\n\t\t\t\t<div class=\"elementor-element elementor-element-f3a547c elementor-widget elementor-widget-heading\" data-id=\"f3a547c\" data-element_type=\"widget\" data-widget_type=\"heading.default\">\n\t\t\t\t\t<h2 class=\"elementor-heading-title elementor-size-default\">\u65b0\u673a\u9047\u4e0e\u6218\u7565\u5408\u4f5c<\/h2>\t\t\t\t<\/div>\n\t\t\t\t\t<\/div>\n\t\t\t\t<\/div>\n\t\t<div class=\"elementor-element elementor-element-d78b2f9 e-flex e-con-boxed wpr-particle-no wpr-jarallax-no wpr-parallax-no wpr-sticky-section-no e-con e-parent\" data-id=\"d78b2f9\" data-element_type=\"container\">\n\t\t\t\t\t<div class=\"e-con-inner\">\n\t\t\t\t<div class=\"elementor-element elementor-element-4a61929 elementor-widget elementor-widget-text-editor\" data-id=\"4a61929\" data-element_type=\"widget\" data-widget_type=\"text-editor.default\">\n\t\t\t\t\t\t\t\t\t<p data-start=\"693\" data-end=\"774\">\u5982\u679c\u60a8\u4ee3\u8868\u7684\u4f01\u4e1a\u6216\u673a\u6784\u6240\u5728\u56fd\u5bb6 <strong data-start=\"709\" data-end=\"724\">\u5c1a\u672a\u4e0e\u5df4\u897f\u5efa\u7acb\u76f8\u5173\u534f\u8bae<\/strong>\uff0c\u6216\u76ee\u524d <strong data-start=\"729\" data-end=\"757\">\u5c1a\u672a\u63a5\u53d7\u5df4\u897f\u6807\u51c6\u7684\u80ce\u725b\u8840\u6e05\u56fd\u9645\u536b\u751f\u8bc1\u4e66\uff08CSI\uff09<\/strong>\uff0c\u6211\u4eec\u4ecd\u8bda\u631a\u9080\u8bf7\u60a8\u4e0e\u6211\u4eec\u53d6\u5f97\u8054\u7cfb\u3002<\/p><p data-start=\"776\" data-end=\"881\">\u6211\u4eec\u975e\u5e38\u91cd\u89c6\u4e0e <strong data-start=\"784\" data-end=\"807\">\u65b0\u7684\u56fd\u9645\u5408\u4f5c\u4f19\u4f34\u5efa\u7acb\u957f\u671f\u7a33\u5b9a\u7684\u5408\u4f5c\u5173\u7cfb<\/strong>\uff0c\u5e76\u613f\u610f\u4e0e\u5f53\u5730 <strong data-start=\"815\" data-end=\"828\">\u76d1\u7ba1\u548c\u536b\u751f\u4e3b\u7ba1\u673a\u6784<\/strong> \u5f00\u5c55\u6c9f\u901a\u5408\u4f5c\uff0c\u5171\u540c\u63a2\u7d22\u6280\u672f\u4e0e\u76d1\u7ba1\u5c42\u9762\u7684\u89e3\u51b3\u65b9\u6848\uff0c\u4ee5\u63a8\u52a8 <strong data-start=\"857\" data-end=\"880\">\u65b0\u5e02\u573a\u7684\u5f00\u653e\u4ee5\u53ca\u957f\u671f\u5546\u4e1a\u5408\u4f5c\u5173\u7cfb\u7684\u5efa\u7acb<\/strong>\u3002<\/p><p data-start=\"883\" data-end=\"951\" data-is-last-node=\"\" data-is-only-node=\"\">Sorobras \u59cb\u7ec8\u81f4\u529b\u4e8e\u5bfb\u627e <strong data-start=\"900\" data-end=\"913\">\u4e92\u5229\u5171\u8d62\u7684\u5408\u4f5c\u673a\u4f1a<\/strong>\uff0c\u5728\u63a8\u52a8\u4f01\u4e1a\u53d1\u5c55\u7684\u540c\u65f6\uff0c\u4e5f\u4e3a <strong data-start=\"928\" data-end=\"946\">\u5168\u7403\u751f\u547d\u79d1\u5b66\u4e0e\u751f\u7269\u6280\u672f\u7684\u53d1\u5c55<\/strong>\u4f5c\u51fa\u8d21\u732e\u3002<\/p>\t\t\t\t\t\t\t\t<\/div>\n\t\t\t\t<div class=\"elementor-element elementor-element-9fd6aea elementor-widget elementor-widget-spacer\" data-id=\"9fd6aea\" data-element_type=\"widget\" data-widget_type=\"spacer.default\">\n\t\t\t\t\t\t\t<div class=\"elementor-spacer\">\n\t\t\t<div class=\"elementor-spacer-inner\"><\/div>\n\t\t<\/div>\n\t\t\t\t\t\t<\/div>\n\t\t\t\t\t<\/div>\n\t\t\t\t<\/div>\n\t\t\t\t<\/div>\n\t\t","protected":false},"excerpt":{"rendered":"<p>\u6211\u4eec\u7684\u8ba4\u8bc1 Sorobras \u5df2\u83b7\u5f97 S.I.F.\uff08\u5df4\u897f\u8054\u90a6\u68c0\u9a8c\u670d\u52a1\uff09\u8ba4\u8bc1\u3002\u8be5\u8ba4\u8bc1\u4f53\u7cfb\u7531 \u5df4\u897f\u519c\u4e1a\u4e0e\u755c\u7267\u4e1a\u90e8\uff08MAPA\uff09 \u76d1\u7ba1\uff0c\u65e8\u5728\u786e\u4fdd\u52a8\u7269\u6765\u6e90\u4ea7\u54c1\uff08\u65e0\u8bba\u53ef\u98df\u7528\u6216\u4e0d\u53ef\u98df\u7528\uff09\u5728\u751f\u4ea7\u8fc7\u7a0b\u4e2d\u7684 \u8d28\u91cf\u4e0e\u5b89\u5168\u6027\uff0c\u9002\u7528\u4e8e\u56fd\u5185\u53ca\u56fd\u9645\u5e02\u573a\u3002 https:\/\/www.gov.br\/agricultura\/pt-br\/acesso-a-informacao\/transparencia\/2018\/sif#:~:text=Servi\u00e7o de Inspe\u00e7\u00e3o Federal &#8211; SIF&amp;text=e vinculado ao Departamento de, bem como de produtos importados \u81ea\u6211\u63a7\u5236\u8ba1\u5212\uff08PAC\uff09 \u662f\u5df4\u897f\u98df\u54c1\u884c\u4e1a\u4f01\u4e1a\u5fc5\u987b\u5b9e\u65bd\u7684\u4e00\u5957\u5f3a\u5236\u6027\u7a0b\u5e8f\uff0c\u7528\u4e8e\u786e\u4fdd\u4ea7\u54c1\u7684\u5b89\u5168\u4e0e\u8d28\u91cf\u3002 \u5728\u751f\u7269\u6280\u672f\u548c\u5b9e\u9a8c\u5ba4\u539f\u6750\u6599\u884c\u4e1a\u4e2d\uff0cPAC \u4f53\u73b0\u4e86\u4f01\u4e1a\u5728 \u6280\u672f\u89c4\u8303\u3001\u7ec4\u7ec7\u7ba1\u7406\u4ee5\u53ca\u5bf9\u5df4\u897f\u536b\u751f\u6cd5\u89c4\u7684\u9075\u5faa\u65b9\u9762\u7684\u4e25\u683c\u6807\u51c6\u3002\u8be5\u4f53\u7cfb\u4e3b\u8981\u7531\u4e09\u4e2a\u6838\u5fc3\u7ec4\u6210\u90e8\u5206\u6784\u6210\uff1aBPF\uff08\u826f\u597d\u751f\u4ea7\u89c4\u8303\uff09\u3001PPHO\uff08\u64cd\u4f5c\u536b\u751f\u6807\u51c6\u7a0b\u5e8f\uff09 \u548c APPCC\uff08\u5371\u5bb3\u5206\u6790\u4e0e\u5173\u952e\u63a7\u5236\u70b9\uff09 \u6211\u4eec\u7684\u4ea7\u54c1\u901a\u8fc7 \u56fd\u9645\u536b\u751f\u8bc1\u4e66\uff08CSI\uff09 \u8fdb\u884c\u51fa\u53e3\u3002\u8be5\u8bc1\u4e66\u662f\u7531\u4e3b\u7ba1\u673a\u6784\u7b7e\u53d1\u7684\u5b98\u65b9\u536b\u751f\u6587\u4ef6\uff08\u7eb8\u8d28\u6216\u7535\u5b50\u5f62\u5f0f\uff09\uff0c\u7528\u4e8e\u52a8\u7269\u6765\u6e90\u539f\u6750\u6599\u53ca\u4ea7\u54c1\u5728\u56fd\u5185\u6216\u56fd\u9645\u8fd0\u8f93\u8fc7\u7a0b\u4e2d\u7684\u76d1\u7ba1\u4e0e\u8ba4\u8bc1\u3002 \u8be5\u8ba4\u8bc1\u4f53\u7cfb\u7b26\u5408 2021 \u5e74 10 \u6708 19 \u65e5\u7b2c 431 \u53f7 MAPA \u6cd5\u4ee4 \u6240\u89c4\u5b9a\u7684\u536b\u751f\u3001\u6280\u672f\u53ca\u6cd5\u5f8b\u8981\u6c42\u3002 https:\/\/www.gov.br\/agricultura\/pt-br\/internacional\/portugues\/exportacao\/animal\/origem-animal\/certificacao-sanitaria \u65b0\u673a\u9047\u4e0e\u6218\u7565\u5408\u4f5c \u5982\u679c\u60a8\u4ee3\u8868\u7684\u4f01\u4e1a\u6216\u673a\u6784\u6240\u5728\u56fd\u5bb6 \u5c1a\u672a\u4e0e\u5df4\u897f\u5efa\u7acb\u76f8\u5173\u534f\u8bae\uff0c\u6216\u76ee\u524d \u5c1a\u672a\u63a5\u53d7\u5df4\u897f\u6807\u51c6\u7684\u80ce\u725b\u8840\u6e05\u56fd\u9645\u536b\u751f\u8bc1\u4e66\uff08CSI\uff09\uff0c\u6211\u4eec\u4ecd\u8bda\u631a\u9080\u8bf7\u60a8\u4e0e\u6211\u4eec\u53d6\u5f97\u8054\u7cfb\u3002 \u6211\u4eec\u975e\u5e38\u91cd\u89c6\u4e0e \u65b0\u7684\u56fd\u9645\u5408\u4f5c\u4f19\u4f34\u5efa\u7acb\u957f\u671f\u7a33\u5b9a\u7684\u5408\u4f5c\u5173\u7cfb\uff0c\u5e76\u613f\u610f\u4e0e\u5f53\u5730 \u76d1\u7ba1\u548c\u536b\u751f\u4e3b\u7ba1\u673a\u6784 \u5f00\u5c55\u6c9f\u901a\u5408\u4f5c\uff0c\u5171\u540c\u63a2\u7d22\u6280\u672f\u4e0e\u76d1\u7ba1\u5c42\u9762\u7684\u89e3\u51b3\u65b9\u6848\uff0c\u4ee5\u63a8\u52a8 \u65b0\u5e02\u573a\u7684\u5f00\u653e\u4ee5\u53ca\u957f\u671f\u5546\u4e1a\u5408\u4f5c\u5173\u7cfb\u7684\u5efa\u7acb\u3002 Sorobras \u59cb\u7ec8\u81f4\u529b\u4e8e\u5bfb\u627e \u4e92\u5229\u5171\u8d62\u7684\u5408\u4f5c\u673a\u4f1a\uff0c\u5728\u63a8\u52a8\u4f01\u4e1a\u53d1\u5c55\u7684\u540c\u65f6\uff0c\u4e5f\u4e3a \u5168\u7403\u751f\u547d\u79d1\u5b66\u4e0e\u751f\u7269\u6280\u672f\u7684\u53d1\u5c55\u4f5c\u51fa\u8d21\u732e\u3002<\/p>\n","protected":false},"author":1,"featured_media":0,"parent":0,"menu_order":0,"comment_status":"closed","ping_status":"closed","template":"","meta":{"footnotes":""},"class_list":["post-1207","page","type-page","status-publish","hentry"],"_links":{"self":[{"href":"https:\/\/oiweb4.com\/pnd-2419\/wp-json\/wp\/v2\/pages\/1207","targetHints":{"allow":["GET"]}}],"collection":[{"href":"https:\/\/oiweb4.com\/pnd-2419\/wp-json\/wp\/v2\/pages"}],"about":[{"href":"https:\/\/oiweb4.com\/pnd-2419\/wp-json\/wp\/v2\/types\/page"}],"author":[{"embeddable":true,"href":"https:\/\/oiweb4.com\/pnd-2419\/wp-json\/wp\/v2\/users\/1"}],"replies":[{"embeddable":true,"href":"https:\/\/oiweb4.com\/pnd-2419\/wp-json\/wp\/v2\/comments?post=1207"}],"version-history":[{"count":4,"href":"https:\/\/oiweb4.com\/pnd-2419\/wp-json\/wp\/v2\/pages\/1207\/revisions"}],"predecessor-version":[{"id":1211,"href":"https:\/\/oiweb4.com\/pnd-2419\/wp-json\/wp\/v2\/pages\/1207\/revisions\/1211"}],"wp:attachment":[{"href":"https:\/\/oiweb4.com\/pnd-2419\/wp-json\/wp\/v2\/media?parent=1207"}],"curies":[{"name":"wp","href":"https:\/\/api.w.org\/{rel}","templated":true}]}}