{"id":1202,"date":"2026-03-16T14:43:38","date_gmt":"2026-03-16T17:43:38","guid":{"rendered":"https:\/\/oiweb4.com\/pnd-2419\/?page_id=1202"},"modified":"2026-03-16T14:44:28","modified_gmt":"2026-03-16T17:44:28","slug":"certificaciones","status":"publish","type":"page","link":"https:\/\/oiweb4.com\/pnd-2419\/es\/certificaciones\/","title":{"rendered":"Certificaciones"},"content":{"rendered":"\t\t<div data-elementor-type=\"wp-page\" data-elementor-id=\"1202\" class=\"elementor elementor-1202\" data-elementor-post-type=\"page\">\n\t\t\t\t<div class=\"elementor-element elementor-element-499bb6a e-flex e-con-boxed wpr-particle-no wpr-jarallax-no wpr-parallax-no wpr-sticky-section-no e-con e-parent\" data-id=\"499bb6a\" data-element_type=\"container\">\n\t\t\t\t\t<div class=\"e-con-inner\">\n\t\t\t\t<div class=\"elementor-element elementor-element-d4b3d4d elementor-widget elementor-widget-spacer\" data-id=\"d4b3d4d\" data-element_type=\"widget\" data-widget_type=\"spacer.default\">\n\t\t\t\t\t\t\t<div class=\"elementor-spacer\">\n\t\t\t<div class=\"elementor-spacer-inner\"><\/div>\n\t\t<\/div>\n\t\t\t\t\t\t<\/div>\n\t\t\t\t\t<\/div>\n\t\t\t\t<\/div>\n\t\t<div class=\"elementor-element elementor-element-a724ded e-flex e-con-boxed wpr-particle-no wpr-jarallax-no wpr-parallax-no wpr-sticky-section-no e-con e-parent\" data-id=\"a724ded\" data-element_type=\"container\">\n\t\t\t\t\t<div class=\"e-con-inner\">\n\t\t\t\t<div class=\"elementor-element elementor-element-9e5b61a elementor-widget elementor-widget-heading\" data-id=\"9e5b61a\" data-element_type=\"widget\" data-widget_type=\"heading.default\">\n\t\t\t\t\t<h2 class=\"elementor-heading-title elementor-size-default\">Estamos Certificados<\/h2>\t\t\t\t<\/div>\n\t\t\t\t\t<\/div>\n\t\t\t\t<\/div>\n\t\t<div class=\"elementor-element elementor-element-0028d5d e-flex e-con-boxed wpr-particle-no wpr-jarallax-no wpr-parallax-no wpr-sticky-section-no e-con e-parent\" data-id=\"0028d5d\" data-element_type=\"container\">\n\t\t\t\t\t<div class=\"e-con-inner\">\n\t\t\t\t<div class=\"elementor-element elementor-element-4d53f8d elementor-widget elementor-widget-spacer\" data-id=\"4d53f8d\" data-element_type=\"widget\" data-widget_type=\"spacer.default\">\n\t\t\t\t\t\t\t<div class=\"elementor-spacer\">\n\t\t\t<div class=\"elementor-spacer-inner\"><\/div>\n\t\t<\/div>\n\t\t\t\t\t\t<\/div>\n\t\t\t\t\t<\/div>\n\t\t\t\t<\/div>\n\t\t<div class=\"elementor-element elementor-element-bb1dc16 e-grid e-con-boxed wpr-particle-no wpr-jarallax-no wpr-parallax-no wpr-sticky-section-no e-con e-parent\" data-id=\"bb1dc16\" data-element_type=\"container\">\n\t\t\t\t\t<div class=\"e-con-inner\">\n\t\t\t\t<div class=\"elementor-element elementor-element-9de1e01 elementor-widget elementor-widget-text-editor\" data-id=\"9de1e01\" data-element_type=\"widget\" data-widget_type=\"text-editor.default\">\n\t\t\t\t\t\t\t\t\t<p><strong data-start=\"8\" data-end=\"90\">Sorobras cuenta con el sello S.I.F. (Servicio de Inspecci\u00f3n Federal de Brasil)<\/strong>, un sistema de control del <strong data-start=\"118\" data-end=\"169\" data-is-only-node=\"\">Ministerio de Agricultura y Ganader\u00eda de Brasil<\/strong> que tiene como objetivo garantizar la calidad y la seguridad de los productos de origen animal (comestibles o no comestibles) destinados tanto al mercado interno como al internacional.<\/p><p><span style=\"text-decoration: underline;\"><a href=\"https:\/\/www.gov.br\/agricultura\/pt-br\/acesso-a-informacao\/transparencia\/2018\/sif#:~:text=Servi\u00e7o de Inspe\u00e7\u00e3o Federal - SIF&amp;text=e vinculado ao Departamento de, bem como de produtos importados\" data-wplink-url-error=\"true\">https:\/\/www.gov.br\/agricultura\/pt-br\/acesso-a-informacao\/transparencia\/2018\/sif#:~:text=Servi\u00e7o de Inspe\u00e7\u00e3o Federal &#8211; SIF&amp;text=e vinculado ao Departamento de, bem como de produtos importados<\/a><\/span><\/p>\t\t\t\t\t\t\t\t<\/div>\n\t\t\t\t<div class=\"elementor-element elementor-element-652e7aa elementor-widget elementor-widget-image\" data-id=\"652e7aa\" data-element_type=\"widget\" data-widget_type=\"image.default\">\n\t\t\t\t\t\t\t\t\t\t\t\t\t\t\t<img fetchpriority=\"high\" decoding=\"async\" width=\"300\" height=\"212\" src=\"https:\/\/oiweb4.com\/pnd-2419\/wp-content\/uploads\/2025\/08\/selo-sif-300x212.webp\" class=\"attachment-medium size-medium wp-image-356\" alt=\"\" srcset=\"https:\/\/oiweb4.com\/pnd-2419\/wp-content\/uploads\/2025\/08\/selo-sif-300x212.webp 300w, https:\/\/oiweb4.com\/pnd-2419\/wp-content\/uploads\/2025\/08\/selo-sif.webp 750w\" sizes=\"(max-width: 300px) 100vw, 300px\" \/>\t\t\t\t\t\t\t\t\t\t\t\t\t\t\t<\/div>\n\t\t\t\t\t<\/div>\n\t\t\t\t<\/div>\n\t\t<div class=\"elementor-element elementor-element-7c6b236 e-flex e-con-boxed wpr-particle-no wpr-jarallax-no wpr-parallax-no wpr-sticky-section-no e-con e-parent\" data-id=\"7c6b236\" data-element_type=\"container\">\n\t\t\t\t\t<div class=\"e-con-inner\">\n\t\t\t\t<div class=\"elementor-element elementor-element-a4f8c76 elementor-widget-divider--view-line elementor-widget elementor-widget-divider\" data-id=\"a4f8c76\" data-element_type=\"widget\" data-widget_type=\"divider.default\">\n\t\t\t\t\t\t\t<div class=\"elementor-divider\">\n\t\t\t<span class=\"elementor-divider-separator\">\n\t\t\t\t\t\t<\/span>\n\t\t<\/div>\n\t\t\t\t\t\t<\/div>\n\t\t\t\t\t<\/div>\n\t\t\t\t<\/div>\n\t\t<div class=\"elementor-element elementor-element-9a51d38 e-grid e-con-boxed wpr-particle-no wpr-jarallax-no wpr-parallax-no wpr-sticky-section-no e-con e-parent\" data-id=\"9a51d38\" data-element_type=\"container\">\n\t\t\t\t\t<div class=\"e-con-inner\">\n\t\t\t\t<div class=\"elementor-element elementor-element-d200ff4 elementor-widget elementor-widget-text-editor\" data-id=\"d200ff4\" data-element_type=\"widget\" data-widget_type=\"text-editor.default\">\n\t\t\t\t\t\t\t\t\t<p data-start=\"8\" data-end=\"218\">El <strong data-start=\"11\" data-end=\"44\">Programa de Autocontrol (PAC)<\/strong> es un conjunto de procedimientos obligatorios que las empresas del sector alimentario en Brasil deben implementar para garantizar la seguridad y la calidad de los productos.<\/p><p data-start=\"220\" data-end=\"596\" data-is-last-node=\"\" data-is-only-node=\"\">En el contexto de la industria biotecnol\u00f3gica y de insumos de laboratorio, el PAC demuestra <strong data-start=\"312\" data-end=\"393\">rigor t\u00e9cnico, organizaci\u00f3n y compromiso con las normas sanitarias brasile\u00f1as<\/strong>, teniendo como tres componentes principales: <strong data-start=\"439\" data-end=\"595\">BPF (Buenas Pr\u00e1cticas de Fabricaci\u00f3n), PPHO (Procedimientos Est\u00e1ndar de Higiene Operacional) y APPCC (An\u00e1lisis de Peligros y Puntos Cr\u00edticos de Control)<\/strong>.<\/p>\t\t\t\t\t\t\t\t<\/div>\n\t\t\t\t<div class=\"elementor-element elementor-element-a85017c elementor-widget elementor-widget-image\" data-id=\"a85017c\" data-element_type=\"widget\" data-widget_type=\"image.default\">\n\t\t\t\t\t\t\t\t\t\t\t\t\t\t\t<img decoding=\"async\" width=\"300\" height=\"300\" src=\"https:\/\/oiweb4.com\/pnd-2419\/wp-content\/uploads\/2026\/03\/PAC-300x300.png\" class=\"attachment-medium size-medium wp-image-712\" alt=\"\" srcset=\"https:\/\/oiweb4.com\/pnd-2419\/wp-content\/uploads\/2026\/03\/PAC-300x300.png 300w, https:\/\/oiweb4.com\/pnd-2419\/wp-content\/uploads\/2026\/03\/PAC-150x150.png 150w, https:\/\/oiweb4.com\/pnd-2419\/wp-content\/uploads\/2026\/03\/PAC-768x768.png 768w, https:\/\/oiweb4.com\/pnd-2419\/wp-content\/uploads\/2026\/03\/PAC.png 1024w\" sizes=\"(max-width: 300px) 100vw, 300px\" \/>\t\t\t\t\t\t\t\t\t\t\t\t\t\t\t<\/div>\n\t\t\t\t\t<\/div>\n\t\t\t\t<\/div>\n\t\t<div class=\"elementor-element elementor-element-dcf1645 e-flex e-con-boxed wpr-particle-no wpr-jarallax-no wpr-parallax-no wpr-sticky-section-no e-con e-parent\" data-id=\"dcf1645\" data-element_type=\"container\">\n\t\t\t\t\t<div class=\"e-con-inner\">\n\t\t\t\t<div class=\"elementor-element elementor-element-09a2f57 elementor-widget-divider--view-line elementor-widget elementor-widget-divider\" data-id=\"09a2f57\" data-element_type=\"widget\" data-widget_type=\"divider.default\">\n\t\t\t\t\t\t\t<div class=\"elementor-divider\">\n\t\t\t<span class=\"elementor-divider-separator\">\n\t\t\t\t\t\t<\/span>\n\t\t<\/div>\n\t\t\t\t\t\t<\/div>\n\t\t\t\t\t<\/div>\n\t\t\t\t<\/div>\n\t\t<div class=\"elementor-element elementor-element-ef032f5 e-grid e-con-boxed wpr-particle-no wpr-jarallax-no wpr-parallax-no wpr-sticky-section-no e-con e-parent\" data-id=\"ef032f5\" data-element_type=\"container\">\n\t\t\t\t\t<div class=\"e-con-inner\">\n\t\t\t\t<div class=\"elementor-element elementor-element-f3375fc elementor-widget elementor-widget-text-editor\" data-id=\"f3375fc\" data-element_type=\"widget\" data-widget_type=\"text-editor.default\">\n\t\t\t\t\t\t\t\t\t<p>Nuestros productos se exportan utilizando el <strong data-start=\"53\" data-end=\"98\">Certificado Sanitario Internacional (CSI)<\/strong>, el documento sanitario oficial (impreso o en formato electr\u00f3nico) emitido por la autoridad competente para el tr\u00e1nsito nacional o internacional de materias primas y productos de origen animal, en cumplimiento de los requisitos sanitarios, t\u00e9cnicos y legales establecidos por la <strong data-start=\"378\" data-end=\"429\">Ordenanza MAPA n\u00ba 431, de 19 de octubre de 2021<\/strong>.<\/p><p><span style=\"text-decoration: underline;\"><a href=\"https:\/\/www.gov.br\/agricultura\/pt-br\/internacional\/portugues\/exportacao\/animal\/origem-animal\/certificacao-sanitaria\">https:\/\/www.gov.br\/agricultura\/pt-br\/internacional\/portugues\/exportacao\/animal\/origem-animal\/certificacao-sanitaria<\/a><\/span><\/p>\t\t\t\t\t\t\t\t<\/div>\n\t\t\t\t<div class=\"elementor-element elementor-element-d921138 elementor-widget elementor-widget-image\" data-id=\"d921138\" data-element_type=\"widget\" data-widget_type=\"image.default\">\n\t\t\t\t\t\t\t\t\t\t\t\t\t\t\t<img decoding=\"async\" width=\"300\" height=\"200\" src=\"https:\/\/oiweb4.com\/pnd-2419\/wp-content\/uploads\/2026\/03\/CSI-300x200.png\" class=\"attachment-medium size-medium wp-image-724\" alt=\"\" srcset=\"https:\/\/oiweb4.com\/pnd-2419\/wp-content\/uploads\/2026\/03\/CSI-300x200.png 300w, https:\/\/oiweb4.com\/pnd-2419\/wp-content\/uploads\/2026\/03\/CSI-1024x683.png 1024w, https:\/\/oiweb4.com\/pnd-2419\/wp-content\/uploads\/2026\/03\/CSI-768x512.png 768w, https:\/\/oiweb4.com\/pnd-2419\/wp-content\/uploads\/2026\/03\/CSI.png 1536w\" sizes=\"(max-width: 300px) 100vw, 300px\" \/>\t\t\t\t\t\t\t\t\t\t\t\t\t\t\t<\/div>\n\t\t\t\t\t<\/div>\n\t\t\t\t<\/div>\n\t\t<div class=\"elementor-element elementor-element-1cfc560 e-flex e-con-boxed wpr-particle-no wpr-jarallax-no wpr-parallax-no wpr-sticky-section-no e-con e-parent\" data-id=\"1cfc560\" data-element_type=\"container\">\n\t\t\t\t\t<div class=\"e-con-inner\">\n\t\t\t\t<div class=\"elementor-element elementor-element-b964749 elementor-widget-divider--view-line elementor-widget elementor-widget-divider\" data-id=\"b964749\" data-element_type=\"widget\" data-widget_type=\"divider.default\">\n\t\t\t\t\t\t\t<div class=\"elementor-divider\">\n\t\t\t<span class=\"elementor-divider-separator\">\n\t\t\t\t\t\t<\/span>\n\t\t<\/div>\n\t\t\t\t\t\t<\/div>\n\t\t\t\t\t<\/div>\n\t\t\t\t<\/div>\n\t\t<div class=\"elementor-element elementor-element-37c4e19 e-flex e-con-boxed wpr-particle-no wpr-jarallax-no wpr-parallax-no wpr-sticky-section-no e-con e-parent\" data-id=\"37c4e19\" data-element_type=\"container\">\n\t\t\t\t\t<div class=\"e-con-inner\">\n\t\t\t\t<div class=\"elementor-element elementor-element-81889fc elementor-widget elementor-widget-spacer\" data-id=\"81889fc\" data-element_type=\"widget\" data-widget_type=\"spacer.default\">\n\t\t\t\t\t\t\t<div class=\"elementor-spacer\">\n\t\t\t<div class=\"elementor-spacer-inner\"><\/div>\n\t\t<\/div>\n\t\t\t\t\t\t<\/div>\n\t\t\t\t\t<\/div>\n\t\t\t\t<\/div>\n\t\t<div class=\"elementor-element elementor-element-bfeed78 e-flex e-con-boxed wpr-particle-no wpr-jarallax-no wpr-parallax-no wpr-sticky-section-no e-con e-parent\" data-id=\"bfeed78\" data-element_type=\"container\">\n\t\t\t\t\t<div class=\"e-con-inner\">\n\t\t\t\t<div class=\"elementor-element elementor-element-f3a547c elementor-widget elementor-widget-heading\" data-id=\"f3a547c\" data-element_type=\"widget\" data-widget_type=\"heading.default\">\n\t\t\t\t\t<h2 class=\"elementor-heading-title elementor-size-default\">Nuevas Oportunidades y Cooperaci\u00f3n Estrat\u00e9gica<\/h2>\t\t\t\t<\/div>\n\t\t\t\t\t<\/div>\n\t\t\t\t<\/div>\n\t\t<div class=\"elementor-element elementor-element-d78b2f9 e-flex e-con-boxed wpr-particle-no wpr-jarallax-no wpr-parallax-no wpr-sticky-section-no e-con e-parent\" data-id=\"d78b2f9\" data-element_type=\"container\">\n\t\t\t\t\t<div class=\"e-con-inner\">\n\t\t\t\t<div class=\"elementor-element elementor-element-4a61929 elementor-widget elementor-widget-text-editor\" data-id=\"4a61929\" data-element_type=\"widget\" data-widget_type=\"text-editor.default\">\n\t\t\t\t\t\t\t\t\t<p data-start=\"8\" data-end=\"315\">Si usted representa a una <strong data-start=\"34\" data-end=\"133\">empresa o instituci\u00f3n ubicada en un pa\u00eds que a\u00fan no cuenta con un acuerdo espec\u00edfico con Brasil<\/strong>, o que todav\u00eda <strong data-start=\"149\" data-end=\"250\">no acepta el Certificado Sanitario Internacional (CSI) brasile\u00f1o est\u00e1ndar para Suero Fetal Bovino<\/strong>, lo invitamos a ponerse en contacto con nosotros de todos modos.<\/p><p data-start=\"317\" data-end=\"647\">Tenemos un fuerte inter\u00e9s en <strong data-start=\"346\" data-end=\"413\">establecer relaciones s\u00f3lidas con nuevos socios internacionales<\/strong> y estamos preparados para dialogar con <strong data-start=\"453\" data-end=\"502\">autoridades regulatorias y sanitarias locales<\/strong>, buscando conjuntamente soluciones t\u00e9cnicas y regulatorias que permitan la apertura de <strong data-start=\"590\" data-end=\"646\">nuevos mercados y asociaciones comerciales duraderas<\/strong>.<\/p><p data-start=\"649\" data-end=\"797\" data-is-last-node=\"\" data-is-only-node=\"\">Estamos siempre abiertos a <strong data-start=\"676\" data-end=\"796\">explorar alternativas y oportunidades que beneficien mutuamente a nuestros negocios y al avance de la ciencia global<\/strong>.<\/p>\t\t\t\t\t\t\t\t<\/div>\n\t\t\t\t<div class=\"elementor-element elementor-element-9fd6aea elementor-widget elementor-widget-spacer\" data-id=\"9fd6aea\" data-element_type=\"widget\" data-widget_type=\"spacer.default\">\n\t\t\t\t\t\t\t<div class=\"elementor-spacer\">\n\t\t\t<div class=\"elementor-spacer-inner\"><\/div>\n\t\t<\/div>\n\t\t\t\t\t\t<\/div>\n\t\t\t\t\t<\/div>\n\t\t\t\t<\/div>\n\t\t\t\t<\/div>\n\t\t","protected":false},"excerpt":{"rendered":"<p>Estamos Certificados Sorobras cuenta con el sello S.I.F. (Servicio de Inspecci\u00f3n Federal de Brasil), un sistema de control del Ministerio de Agricultura y Ganader\u00eda de Brasil que tiene como objetivo garantizar la calidad y la seguridad de los productos de origen animal (comestibles o no comestibles) destinados tanto al mercado interno como al internacional. https:\/\/www.gov.br\/agricultura\/pt-br\/acesso-a-informacao\/transparencia\/2018\/sif#:~:text=Servi\u00e7o de Inspe\u00e7\u00e3o Federal &#8211; SIF&amp;text=e vinculado ao Departamento de, bem como de produtos importados El Programa de Autocontrol (PAC) es un conjunto de procedimientos obligatorios que las empresas del sector alimentario en Brasil deben implementar para garantizar la seguridad y la calidad de los productos. En el contexto de la industria biotecnol\u00f3gica y de insumos de laboratorio, el PAC demuestra rigor t\u00e9cnico, organizaci\u00f3n y compromiso con las normas sanitarias brasile\u00f1as, teniendo como tres componentes principales: BPF (Buenas Pr\u00e1cticas de Fabricaci\u00f3n), PPHO (Procedimientos Est\u00e1ndar de Higiene Operacional) y APPCC (An\u00e1lisis de Peligros y Puntos Cr\u00edticos de Control). Nuestros productos se exportan utilizando el Certificado Sanitario Internacional (CSI), el documento sanitario oficial (impreso o en formato electr\u00f3nico) emitido por la autoridad competente para el tr\u00e1nsito nacional o internacional de materias primas y productos de origen animal, en cumplimiento de los requisitos sanitarios, t\u00e9cnicos y legales establecidos por la Ordenanza MAPA n\u00ba 431, de 19 de octubre de 2021. https:\/\/www.gov.br\/agricultura\/pt-br\/internacional\/portugues\/exportacao\/animal\/origem-animal\/certificacao-sanitaria Nuevas Oportunidades y Cooperaci\u00f3n Estrat\u00e9gica Si usted representa a una empresa o instituci\u00f3n ubicada en un pa\u00eds que a\u00fan no cuenta con un acuerdo espec\u00edfico con Brasil, o que todav\u00eda no acepta el Certificado Sanitario Internacional (CSI) brasile\u00f1o est\u00e1ndar para Suero Fetal Bovino, lo invitamos a ponerse en contacto con nosotros de todos modos. Tenemos un fuerte inter\u00e9s en establecer relaciones s\u00f3lidas con nuevos socios internacionales y estamos preparados para dialogar con autoridades regulatorias y sanitarias locales, buscando conjuntamente soluciones t\u00e9cnicas y regulatorias que permitan la apertura de nuevos mercados y asociaciones comerciales duraderas. Estamos siempre abiertos a explorar alternativas y oportunidades que beneficien mutuamente a nuestros negocios y al avance de la ciencia global.<\/p>\n","protected":false},"author":1,"featured_media":0,"parent":0,"menu_order":0,"comment_status":"closed","ping_status":"closed","template":"","meta":{"footnotes":""},"class_list":["post-1202","page","type-page","status-publish","hentry"],"_links":{"self":[{"href":"https:\/\/oiweb4.com\/pnd-2419\/wp-json\/wp\/v2\/pages\/1202","targetHints":{"allow":["GET"]}}],"collection":[{"href":"https:\/\/oiweb4.com\/pnd-2419\/wp-json\/wp\/v2\/pages"}],"about":[{"href":"https:\/\/oiweb4.com\/pnd-2419\/wp-json\/wp\/v2\/types\/page"}],"author":[{"embeddable":true,"href":"https:\/\/oiweb4.com\/pnd-2419\/wp-json\/wp\/v2\/users\/1"}],"replies":[{"embeddable":true,"href":"https:\/\/oiweb4.com\/pnd-2419\/wp-json\/wp\/v2\/comments?post=1202"}],"version-history":[{"count":4,"href":"https:\/\/oiweb4.com\/pnd-2419\/wp-json\/wp\/v2\/pages\/1202\/revisions"}],"predecessor-version":[{"id":1206,"href":"https:\/\/oiweb4.com\/pnd-2419\/wp-json\/wp\/v2\/pages\/1202\/revisions\/1206"}],"wp:attachment":[{"href":"https:\/\/oiweb4.com\/pnd-2419\/wp-json\/wp\/v2\/media?parent=1202"}],"curies":[{"name":"wp","href":"https:\/\/api.w.org\/{rel}","templated":true}]}}