{"id":1181,"date":"2026-03-16T14:14:22","date_gmt":"2026-03-16T17:14:22","guid":{"rendered":"https:\/\/oiweb4.com\/pnd-2419\/?page_id=1181"},"modified":"2026-03-16T14:18:04","modified_gmt":"2026-03-16T17:18:04","slug":"habilitaciones","status":"publish","type":"page","link":"https:\/\/oiweb4.com\/pnd-2419\/es\/habilitaciones\/","title":{"rendered":"Habilitaciones"},"content":{"rendered":"\t\t<div data-elementor-type=\"wp-page\" data-elementor-id=\"1181\" class=\"elementor elementor-1181\" data-elementor-post-type=\"page\">\n\t\t\t\t<div class=\"elementor-element elementor-element-499bb6a e-flex e-con-boxed wpr-particle-no wpr-jarallax-no wpr-parallax-no wpr-sticky-section-no e-con e-parent\" data-id=\"499bb6a\" data-element_type=\"container\">\n\t\t\t\t\t<div class=\"e-con-inner\">\n\t\t\t\t<div class=\"elementor-element elementor-element-d4b3d4d elementor-widget elementor-widget-spacer\" data-id=\"d4b3d4d\" data-element_type=\"widget\" data-widget_type=\"spacer.default\">\n\t\t\t\t\t\t\t<div class=\"elementor-spacer\">\n\t\t\t<div class=\"elementor-spacer-inner\"><\/div>\n\t\t<\/div>\n\t\t\t\t\t\t<\/div>\n\t\t\t\t\t<\/div>\n\t\t\t\t<\/div>\n\t\t<div class=\"elementor-element elementor-element-a724ded e-flex e-con-boxed wpr-particle-no wpr-jarallax-no wpr-parallax-no wpr-sticky-section-no e-con e-parent\" data-id=\"a724ded\" data-element_type=\"container\">\n\t\t\t\t\t<div class=\"e-con-inner\">\n\t\t\t\t<div class=\"elementor-element elementor-element-9e5b61a elementor-widget elementor-widget-heading\" data-id=\"9e5b61a\" data-element_type=\"widget\" data-widget_type=\"heading.default\">\n\t\t\t\t\t<h2 class=\"elementor-heading-title elementor-size-default\">Nuestras Habilitaciones<\/h2>\t\t\t\t<\/div>\n\t\t\t\t\t<\/div>\n\t\t\t\t<\/div>\n\t\t<div class=\"elementor-element elementor-element-4754f60 e-flex e-con-boxed wpr-particle-no wpr-jarallax-no wpr-parallax-no wpr-sticky-section-no e-con e-parent\" data-id=\"4754f60\" data-element_type=\"container\">\n\t\t\t\t\t<div class=\"e-con-inner\">\n\t\t\t\t<div class=\"elementor-element elementor-element-3c1011e elementor-widget elementor-widget-spacer\" data-id=\"3c1011e\" data-element_type=\"widget\" data-widget_type=\"spacer.default\">\n\t\t\t\t\t\t\t<div class=\"elementor-spacer\">\n\t\t\t<div class=\"elementor-spacer-inner\"><\/div>\n\t\t<\/div>\n\t\t\t\t\t\t<\/div>\n\t\t\t\t\t<\/div>\n\t\t\t\t<\/div>\n\t\t<div class=\"elementor-element elementor-element-bb1dc16 e-grid e-con-boxed wpr-particle-no wpr-jarallax-no wpr-parallax-no wpr-sticky-section-no e-con e-parent\" data-id=\"bb1dc16\" data-element_type=\"container\">\n\t\t\t\t\t<div class=\"e-con-inner\">\n\t\t\t\t<div class=\"elementor-element elementor-element-9de1e01 elementor-widget elementor-widget-text-editor\" data-id=\"9de1e01\" data-element_type=\"widget\" data-widget_type=\"text-editor.default\">\n\t\t\t\t\t\t\t\t\t<p data-start=\"8\" data-end=\"342\">Nuestra empresa cuenta con <strong data-start=\"35\" data-end=\"115\">habilitaci\u00f3n oficial para exportar Suero Fetal Bovino (SFB) al mercado chino<\/strong>, cumpliendo plenamente con los requisitos establecidos en los acuerdos bilaterales entre el <strong data-start=\"208\" data-end=\"282\">Ministerio de Agricultura, Ganader\u00eda y Abastecimiento de Brasil (MAPA)<\/strong> y la <strong data-start=\"288\" data-end=\"341\">Administraci\u00f3n General de Aduanas de China (GACC)<\/strong>.<\/p><p data-start=\"344\" data-end=\"608\" data-is-last-node=\"\" data-is-only-node=\"\">Esta habilitaci\u00f3n certifica la <strong data-start=\"375\" data-end=\"443\">conformidad t\u00e9cnica y sanitaria de nuestros procesos productivos<\/strong>, garantizando <strong data-start=\"458\" data-end=\"480\">trazabilidad total<\/strong>, estrictos protocolos de <strong data-start=\"506\" data-end=\"522\">bioseguridad<\/strong> y la emisi\u00f3n de los <strong data-start=\"543\" data-end=\"607\">certificados espec\u00edficos exigidos por las autoridades chinas<\/strong>.<\/p>\t\t\t\t\t\t\t\t<\/div>\n\t\t\t\t<div class=\"elementor-element elementor-element-652e7aa elementor-widget elementor-widget-image\" data-id=\"652e7aa\" data-element_type=\"widget\" data-widget_type=\"image.default\">\n\t\t\t\t\t\t\t\t\t\t\t\t\t\t\t<img fetchpriority=\"high\" decoding=\"async\" width=\"265\" height=\"278\" src=\"https:\/\/oiweb4.com\/pnd-2419\/wp-content\/uploads\/2025\/12\/Captura-de-tela-2025-12-18-183251.png\" class=\"attachment-medium size-medium wp-image-554\" alt=\"\" \/>\t\t\t\t\t\t\t\t\t\t\t\t\t\t\t<\/div>\n\t\t\t\t\t<\/div>\n\t\t\t\t<\/div>\n\t\t<div class=\"elementor-element elementor-element-7c6b236 e-flex e-con-boxed wpr-particle-no wpr-jarallax-no wpr-parallax-no wpr-sticky-section-no e-con e-parent\" data-id=\"7c6b236\" data-element_type=\"container\">\n\t\t\t\t\t<div class=\"e-con-inner\">\n\t\t\t\t<div class=\"elementor-element elementor-element-a4f8c76 elementor-widget-divider--view-line elementor-widget elementor-widget-divider\" data-id=\"a4f8c76\" data-element_type=\"widget\" data-widget_type=\"divider.default\">\n\t\t\t\t\t\t\t<div class=\"elementor-divider\">\n\t\t\t<span class=\"elementor-divider-separator\">\n\t\t\t\t\t\t<\/span>\n\t\t<\/div>\n\t\t\t\t\t\t<\/div>\n\t\t\t\t\t<\/div>\n\t\t\t\t<\/div>\n\t\t<div class=\"elementor-element elementor-element-9a51d38 e-grid e-con-boxed wpr-particle-no wpr-jarallax-no wpr-parallax-no wpr-sticky-section-no e-con e-parent\" data-id=\"9a51d38\" data-element_type=\"container\">\n\t\t\t\t\t<div class=\"e-con-inner\">\n\t\t\t\t<div class=\"elementor-element elementor-element-d200ff4 elementor-widget elementor-widget-text-editor\" data-id=\"d200ff4\" data-element_type=\"widget\" data-widget_type=\"text-editor.default\">\n\t\t\t\t\t\t\t\t\t<p data-start=\"8\" data-end=\"256\">Nuestra empresa cuenta con <strong data-start=\"35\" data-end=\"120\">habilitaci\u00f3n espec\u00edfica para exportar Suero Fetal Bovino (SFB) a la Uni\u00f3n Europea<\/strong>, lo que demuestra la conformidad t\u00e9cnica y sanitaria de nuestros procesos con los estrictos est\u00e1ndares exigidos por el mercado europeo.<\/p><p data-start=\"258\" data-end=\"439\">Cumplimos plenamente con los requisitos regulatorios establecidos por las <strong data-start=\"332\" data-end=\"369\">autoridades europeas y brasile\u00f1as<\/strong>, garantizando <strong data-start=\"384\" data-end=\"436\">trazabilidad, bioseguridad y calidad consistente<\/strong>.<\/p><p data-start=\"441\" data-end=\"633\" data-is-last-node=\"\" data-is-only-node=\"\">Este cumplimiento permite la emisi\u00f3n del <strong data-start=\"482\" data-end=\"527\">Certificado Sanitario Internacional (CSI)<\/strong> espec\u00edfico para el bloque europeo, asegurando <strong data-start=\"574\" data-end=\"632\">confianza y tranquilidad a nuestros socios comerciales<\/strong>.<\/p>\t\t\t\t\t\t\t\t<\/div>\n\t\t\t\t<div class=\"elementor-element elementor-element-a85017c elementor-widget elementor-widget-image\" data-id=\"a85017c\" data-element_type=\"widget\" data-widget_type=\"image.default\">\n\t\t\t\t\t\t\t\t\t\t\t\t\t\t\t<img decoding=\"async\" width=\"273\" height=\"274\" src=\"https:\/\/oiweb4.com\/pnd-2419\/wp-content\/uploads\/2025\/12\/Captura-de-tela-2025-12-18-183558.png\" class=\"attachment-medium size-medium wp-image-558\" alt=\"\" srcset=\"https:\/\/oiweb4.com\/pnd-2419\/wp-content\/uploads\/2025\/12\/Captura-de-tela-2025-12-18-183558.png 273w, https:\/\/oiweb4.com\/pnd-2419\/wp-content\/uploads\/2025\/12\/Captura-de-tela-2025-12-18-183558-150x150.png 150w\" sizes=\"(max-width: 273px) 100vw, 273px\" \/>\t\t\t\t\t\t\t\t\t\t\t\t\t\t\t<\/div>\n\t\t\t\t\t<\/div>\n\t\t\t\t<\/div>\n\t\t<div class=\"elementor-element elementor-element-dcf1645 e-flex e-con-boxed wpr-particle-no wpr-jarallax-no wpr-parallax-no wpr-sticky-section-no e-con e-parent\" data-id=\"dcf1645\" data-element_type=\"container\">\n\t\t\t\t\t<div class=\"e-con-inner\">\n\t\t\t\t<div class=\"elementor-element elementor-element-09a2f57 elementor-widget-divider--view-line elementor-widget elementor-widget-divider\" data-id=\"09a2f57\" data-element_type=\"widget\" data-widget_type=\"divider.default\">\n\t\t\t\t\t\t\t<div class=\"elementor-divider\">\n\t\t\t<span class=\"elementor-divider-separator\">\n\t\t\t\t\t\t<\/span>\n\t\t<\/div>\n\t\t\t\t\t\t<\/div>\n\t\t\t\t\t<\/div>\n\t\t\t\t<\/div>\n\t\t<div class=\"elementor-element elementor-element-ef032f5 e-grid e-con-boxed wpr-particle-no wpr-jarallax-no wpr-parallax-no wpr-sticky-section-no e-con e-parent\" data-id=\"ef032f5\" data-element_type=\"container\">\n\t\t\t\t\t<div class=\"e-con-inner\">\n\t\t\t\t<div class=\"elementor-element elementor-element-f3375fc elementor-widget elementor-widget-text-editor\" data-id=\"f3375fc\" data-element_type=\"widget\" data-widget_type=\"text-editor.default\">\n\t\t\t\t\t\t\t\t\t<p data-start=\"8\" data-end=\"246\">Estamos habilitados para la llamada <strong data-start=\"44\" data-end=\"80\">\u201cLista General\u201d o \u201cLista Brasil\u201d<\/strong>, lo que nos permite exportar a diversos pa\u00edses que aceptan directamente el <strong data-start=\"156\" data-end=\"201\">Certificado Sanitario Internacional (CSI)<\/strong> est\u00e1ndar brasile\u00f1o, emitido por el <strong data-start=\"237\" data-end=\"245\">MAPA<\/strong>.<\/p><p data-start=\"248\" data-end=\"504\" data-is-last-node=\"\" data-is-only-node=\"\">Esta habilitaci\u00f3n simplificada se deriva de la <strong data-start=\"295\" data-end=\"374\">confianza de estos mercados en el sistema sanitario y regulatorio brasile\u00f1o<\/strong>, proporcionando mayor agilidad en las negociaciones comerciales, emisi\u00f3n documental r\u00e1pida y procesos de exportaci\u00f3n m\u00e1s simples.<\/p>\t\t\t\t\t\t\t\t<\/div>\n\t\t\t\t<div class=\"elementor-element elementor-element-d921138 elementor-widget elementor-widget-image\" data-id=\"d921138\" data-element_type=\"widget\" data-widget_type=\"image.default\">\n\t\t\t\t\t\t\t\t\t\t\t\t\t\t\t<img decoding=\"async\" width=\"300\" height=\"300\" src=\"https:\/\/oiweb4.com\/pnd-2419\/wp-content\/uploads\/2026\/03\/ChatGPT-Image-Mar-11-2026-06_42_26-PM-300x300.png\" class=\"attachment-medium size-medium wp-image-1037\" alt=\"\" srcset=\"https:\/\/oiweb4.com\/pnd-2419\/wp-content\/uploads\/2026\/03\/ChatGPT-Image-Mar-11-2026-06_42_26-PM-300x300.png 300w, https:\/\/oiweb4.com\/pnd-2419\/wp-content\/uploads\/2026\/03\/ChatGPT-Image-Mar-11-2026-06_42_26-PM-150x150.png 150w, https:\/\/oiweb4.com\/pnd-2419\/wp-content\/uploads\/2026\/03\/ChatGPT-Image-Mar-11-2026-06_42_26-PM-768x768.png 768w, https:\/\/oiweb4.com\/pnd-2419\/wp-content\/uploads\/2026\/03\/ChatGPT-Image-Mar-11-2026-06_42_26-PM.png 1024w\" sizes=\"(max-width: 300px) 100vw, 300px\" \/>\t\t\t\t\t\t\t\t\t\t\t\t\t\t\t<\/div>\n\t\t\t\t\t<\/div>\n\t\t\t\t<\/div>\n\t\t<div class=\"elementor-element elementor-element-1cfc560 e-flex e-con-boxed wpr-particle-no wpr-jarallax-no wpr-parallax-no wpr-sticky-section-no e-con e-parent\" data-id=\"1cfc560\" data-element_type=\"container\">\n\t\t\t\t\t<div class=\"e-con-inner\">\n\t\t\t\t<div class=\"elementor-element elementor-element-b964749 elementor-widget-divider--view-line elementor-widget elementor-widget-divider\" data-id=\"b964749\" data-element_type=\"widget\" data-widget_type=\"divider.default\">\n\t\t\t\t\t\t\t<div class=\"elementor-divider\">\n\t\t\t<span class=\"elementor-divider-separator\">\n\t\t\t\t\t\t<\/span>\n\t\t<\/div>\n\t\t\t\t\t\t<\/div>\n\t\t\t\t\t<\/div>\n\t\t\t\t<\/div>\n\t\t<div class=\"elementor-element elementor-element-bb68bca e-flex e-con-boxed wpr-particle-no wpr-jarallax-no wpr-parallax-no wpr-sticky-section-no e-con e-parent\" data-id=\"bb68bca\" data-element_type=\"container\">\n\t\t\t\t\t<div class=\"e-con-inner\">\n\t\t\t\t<div class=\"elementor-element elementor-element-0b12ad9 elementor-widget elementor-widget-spacer\" data-id=\"0b12ad9\" data-element_type=\"widget\" data-widget_type=\"spacer.default\">\n\t\t\t\t\t\t\t<div class=\"elementor-spacer\">\n\t\t\t<div class=\"elementor-spacer-inner\"><\/div>\n\t\t<\/div>\n\t\t\t\t\t\t<\/div>\n\t\t\t\t\t<\/div>\n\t\t\t\t<\/div>\n\t\t<div class=\"elementor-element elementor-element-bfeed78 e-flex e-con-boxed wpr-particle-no wpr-jarallax-no wpr-parallax-no wpr-sticky-section-no e-con e-parent\" data-id=\"bfeed78\" data-element_type=\"container\">\n\t\t\t\t\t<div class=\"e-con-inner\">\n\t\t\t\t<div class=\"elementor-element elementor-element-f3a547c elementor-widget elementor-widget-heading\" data-id=\"f3a547c\" data-element_type=\"widget\" data-widget_type=\"heading.default\">\n\t\t\t\t\t<h2 class=\"elementor-heading-title elementor-size-default\">Nuevas Oportunidades y Cooperaci\u00f3n Estrat\u00e9gica<\/h2>\t\t\t\t<\/div>\n\t\t\t\t\t<\/div>\n\t\t\t\t<\/div>\n\t\t<div class=\"elementor-element elementor-element-d78b2f9 e-flex e-con-boxed wpr-particle-no wpr-jarallax-no wpr-parallax-no wpr-sticky-section-no e-con e-parent\" data-id=\"d78b2f9\" data-element_type=\"container\">\n\t\t\t\t\t<div class=\"e-con-inner\">\n\t\t\t\t<div class=\"elementor-element elementor-element-4a61929 elementor-widget elementor-widget-text-editor\" data-id=\"4a61929\" data-element_type=\"widget\" data-widget_type=\"text-editor.default\">\n\t\t\t\t\t\t\t\t\t<p data-start=\"8\" data-end=\"315\">Si usted representa a una <strong data-start=\"34\" data-end=\"133\">empresa o instituci\u00f3n ubicada en un pa\u00eds que a\u00fan no cuenta con un acuerdo espec\u00edfico con Brasil<\/strong>, o que todav\u00eda <strong data-start=\"149\" data-end=\"250\">no acepta el Certificado Sanitario Internacional (CSI) brasile\u00f1o est\u00e1ndar para Suero Fetal Bovino<\/strong>, lo invitamos a ponerse en contacto con nosotros de todos modos.<\/p><p data-start=\"317\" data-end=\"647\">Tenemos un fuerte inter\u00e9s en <strong data-start=\"346\" data-end=\"413\">establecer relaciones s\u00f3lidas con nuevos socios internacionales<\/strong> y estamos preparados para dialogar con <strong data-start=\"453\" data-end=\"502\">autoridades regulatorias y sanitarias locales<\/strong>, buscando conjuntamente soluciones t\u00e9cnicas y regulatorias que permitan la apertura de <strong data-start=\"590\" data-end=\"646\">nuevos mercados y asociaciones comerciales duraderas<\/strong>.<\/p><p data-start=\"649\" data-end=\"797\" data-is-last-node=\"\" data-is-only-node=\"\">Estamos siempre abiertos a <strong data-start=\"676\" data-end=\"796\">explorar alternativas y oportunidades que beneficien mutuamente a nuestros negocios y al avance de la ciencia global<\/strong>.<\/p>\t\t\t\t\t\t\t\t<\/div>\n\t\t\t\t<div class=\"elementor-element elementor-element-3d88ea0 elementor-widget elementor-widget-spacer\" data-id=\"3d88ea0\" data-element_type=\"widget\" data-widget_type=\"spacer.default\">\n\t\t\t\t\t\t\t<div class=\"elementor-spacer\">\n\t\t\t<div class=\"elementor-spacer-inner\"><\/div>\n\t\t<\/div>\n\t\t\t\t\t\t<\/div>\n\t\t\t\t\t<\/div>\n\t\t\t\t<\/div>\n\t\t\t\t<\/div>\n\t\t","protected":false},"excerpt":{"rendered":"<p>Nuestras Habilitaciones Nuestra empresa cuenta con habilitaci\u00f3n oficial para exportar Suero Fetal Bovino (SFB) al mercado chino, cumpliendo plenamente con los requisitos establecidos en los acuerdos bilaterales entre el Ministerio de Agricultura, Ganader\u00eda y Abastecimiento de Brasil (MAPA) y la Administraci\u00f3n General de Aduanas de China (GACC). Esta habilitaci\u00f3n certifica la conformidad t\u00e9cnica y sanitaria de nuestros procesos productivos, garantizando trazabilidad total, estrictos protocolos de bioseguridad y la emisi\u00f3n de los certificados espec\u00edficos exigidos por las autoridades chinas. Nuestra empresa cuenta con habilitaci\u00f3n espec\u00edfica para exportar Suero Fetal Bovino (SFB) a la Uni\u00f3n Europea, lo que demuestra la conformidad t\u00e9cnica y sanitaria de nuestros procesos con los estrictos est\u00e1ndares exigidos por el mercado europeo. Cumplimos plenamente con los requisitos regulatorios establecidos por las autoridades europeas y brasile\u00f1as, garantizando trazabilidad, bioseguridad y calidad consistente. Este cumplimiento permite la emisi\u00f3n del Certificado Sanitario Internacional (CSI) espec\u00edfico para el bloque europeo, asegurando confianza y tranquilidad a nuestros socios comerciales. Estamos habilitados para la llamada \u201cLista General\u201d o \u201cLista Brasil\u201d, lo que nos permite exportar a diversos pa\u00edses que aceptan directamente el Certificado Sanitario Internacional (CSI) est\u00e1ndar brasile\u00f1o, emitido por el MAPA. Esta habilitaci\u00f3n simplificada se deriva de la confianza de estos mercados en el sistema sanitario y regulatorio brasile\u00f1o, proporcionando mayor agilidad en las negociaciones comerciales, emisi\u00f3n documental r\u00e1pida y procesos de exportaci\u00f3n m\u00e1s simples. Nuevas Oportunidades y Cooperaci\u00f3n Estrat\u00e9gica Si usted representa a una empresa o instituci\u00f3n ubicada en un pa\u00eds que a\u00fan no cuenta con un acuerdo espec\u00edfico con Brasil, o que todav\u00eda no acepta el Certificado Sanitario Internacional (CSI) brasile\u00f1o est\u00e1ndar para Suero Fetal Bovino, lo invitamos a ponerse en contacto con nosotros de todos modos. Tenemos un fuerte inter\u00e9s en establecer relaciones s\u00f3lidas con nuevos socios internacionales y estamos preparados para dialogar con autoridades regulatorias y sanitarias locales, buscando conjuntamente soluciones t\u00e9cnicas y regulatorias que permitan la apertura de nuevos mercados y asociaciones comerciales duraderas. Estamos siempre abiertos a explorar alternativas y oportunidades que beneficien mutuamente a nuestros negocios y al avance de la ciencia global.<\/p>\n","protected":false},"author":1,"featured_media":0,"parent":0,"menu_order":0,"comment_status":"closed","ping_status":"closed","template":"","meta":{"footnotes":""},"class_list":["post-1181","page","type-page","status-publish","hentry"],"_links":{"self":[{"href":"https:\/\/oiweb4.com\/pnd-2419\/wp-json\/wp\/v2\/pages\/1181","targetHints":{"allow":["GET"]}}],"collection":[{"href":"https:\/\/oiweb4.com\/pnd-2419\/wp-json\/wp\/v2\/pages"}],"about":[{"href":"https:\/\/oiweb4.com\/pnd-2419\/wp-json\/wp\/v2\/types\/page"}],"author":[{"embeddable":true,"href":"https:\/\/oiweb4.com\/pnd-2419\/wp-json\/wp\/v2\/users\/1"}],"replies":[{"embeddable":true,"href":"https:\/\/oiweb4.com\/pnd-2419\/wp-json\/wp\/v2\/comments?post=1181"}],"version-history":[{"count":5,"href":"https:\/\/oiweb4.com\/pnd-2419\/wp-json\/wp\/v2\/pages\/1181\/revisions"}],"predecessor-version":[{"id":1188,"href":"https:\/\/oiweb4.com\/pnd-2419\/wp-json\/wp\/v2\/pages\/1181\/revisions\/1188"}],"wp:attachment":[{"href":"https:\/\/oiweb4.com\/pnd-2419\/wp-json\/wp\/v2\/media?parent=1181"}],"curies":[{"name":"wp","href":"https:\/\/api.w.org\/{rel}","templated":true}]}}