{"id":9,"date":"2025-05-12T14:48:32","date_gmt":"2025-05-12T17:48:32","guid":{"rendered":"https:\/\/oiweb4.com\/ituvprefeitura\/?page_id=9"},"modified":"2025-05-12T16:07:36","modified_gmt":"2025-05-12T19:07:36","slug":"home","status":"publish","type":"page","link":"https:\/\/oiweb4.com\/ituvprefeitura\/","title":{"rendered":"Home"},"content":{"rendered":"\t\t<div data-elementor-type=\"wp-page\" data-elementor-id=\"9\" class=\"elementor elementor-9\" data-elementor-post-type=\"page\">\n\t\t\t\t<div class=\"elementor-element elementor-element-00231bc e-con-full e-flex e-con e-parent\" data-id=\"00231bc\" data-element_type=\"container\">\n\t\t\t\t<div class=\"elementor-element elementor-element-9d10599 elementor-pagination-position-inside elementor-widget elementor-widget-image-carousel\" data-id=\"9d10599\" data-element_type=\"widget\" data-settings=\"{&quot;slides_to_show&quot;:&quot;1&quot;,&quot;navigation&quot;:&quot;dots&quot;,&quot;autoplay&quot;:&quot;yes&quot;,&quot;pause_on_hover&quot;:&quot;yes&quot;,&quot;pause_on_interaction&quot;:&quot;yes&quot;,&quot;autoplay_speed&quot;:5000,&quot;infinite&quot;:&quot;yes&quot;,&quot;effect&quot;:&quot;slide&quot;,&quot;speed&quot;:500}\" data-widget_type=\"image-carousel.default\">\n\t\t\t\t<div class=\"elementor-widget-container\">\n\t\t\t\t\t\t\t<div class=\"elementor-image-carousel-wrapper swiper\" role=\"region\" aria-roledescription=\"carousel\" aria-label=\"Carrossel de imagens\" dir=\"ltr\">\n\t\t\t<div class=\"elementor-image-carousel swiper-wrapper\" aria-live=\"off\">\n\t\t\t\t\t\t\t\t<div class=\"swiper-slide\" role=\"group\" aria-roledescription=\"slide\" aria-label=\"1 de 3\"><figure class=\"swiper-slide-inner\"><img decoding=\"async\" class=\"swiper-slide-image\" src=\"https:\/\/oiweb4.com\/ituvprefeitura\/wp-content\/uploads\/2025\/05\/whatsapp-image-2024-07-04-at-16-57-24-2-1538x484-1.jpeg\" alt=\"whatsapp-image-2024-07-04-at-16-57-24-2-1538x484\" \/><\/figure><\/div><div class=\"swiper-slide\" role=\"group\" aria-roledescription=\"slide\" aria-label=\"2 de 3\"><figure class=\"swiper-slide-inner\"><img decoding=\"async\" class=\"swiper-slide-image\" src=\"https:\/\/oiweb4.com\/ituvprefeitura\/wp-content\/uploads\/2025\/05\/artes-concurso-site-1538x484-1.png\" alt=\"artes-concurso-site-1538x484\" \/><\/figure><\/div><div class=\"swiper-slide\" role=\"group\" aria-roledescription=\"slide\" aria-label=\"3 de 3\"><figure class=\"swiper-slide-inner\"><img decoding=\"async\" class=\"swiper-slide-image\" src=\"https:\/\/oiweb4.com\/ituvprefeitura\/wp-content\/uploads\/2025\/05\/projeto-revitaliza-ituverava-1538x484-1.png\" alt=\"projeto-revitaliza-ituverava-1538x484\" \/><\/figure><\/div>\t\t\t<\/div>\n\t\t\t\t\t\t\t\n\t\t\t\t\t\t\t\t\t<div class=\"swiper-pagination\"><\/div>\n\t\t\t\t\t\t\t\t\t<\/div>\n\t\t\t\t\t\t<\/div>\n\t\t\t\t<\/div>\n\t\t\t\t<\/div>\n\t\t<div class=\"elementor-element elementor-element-9c58990 e-flex e-con-boxed e-con e-parent\" data-id=\"9c58990\" data-element_type=\"container\">\n\t\t\t\t\t<div class=\"e-con-inner\">\n\t\t\t\t<div class=\"elementor-element elementor-element-6049b7c elementor-grid-3 elementor-grid-tablet-2 elementor-grid-mobile-1 elementor-posts--thumbnail-top elementor-card-shadow-yes elementor-posts__hover-gradient elementor-widget elementor-widget-posts\" data-id=\"6049b7c\" data-element_type=\"widget\" data-settings=\"{&quot;cards_columns&quot;:&quot;3&quot;,&quot;cards_columns_tablet&quot;:&quot;2&quot;,&quot;cards_columns_mobile&quot;:&quot;1&quot;,&quot;cards_row_gap&quot;:{&quot;unit&quot;:&quot;px&quot;,&quot;size&quot;:35,&quot;sizes&quot;:[]},&quot;cards_row_gap_tablet&quot;:{&quot;unit&quot;:&quot;px&quot;,&quot;size&quot;:&quot;&quot;,&quot;sizes&quot;:[]},&quot;cards_row_gap_mobile&quot;:{&quot;unit&quot;:&quot;px&quot;,&quot;size&quot;:&quot;&quot;,&quot;sizes&quot;:[]}}\" data-widget_type=\"posts.cards\">\n\t\t\t\t<div class=\"elementor-widget-container\">\n\t\t\t\t\t\t\t<div class=\"elementor-posts-container elementor-posts elementor-posts--skin-cards elementor-grid\">\n\t\t\t\t<article class=\"elementor-post elementor-grid-item post-27 post type-post status-publish format-standard has-post-thumbnail hentry category-sem-categoria\">\n\t\t\t<div class=\"elementor-post__card\">\n\t\t\t\t<a class=\"elementor-post__thumbnail__link\" href=\"https:\/\/oiweb4.com\/ituvprefeitura\/mais-uma-noticia\/\" tabindex=\"-1\" ><div class=\"elementor-post__thumbnail\"><img decoding=\"async\" width=\"300\" height=\"94\" src=\"https:\/\/oiweb4.com\/ituvprefeitura\/wp-content\/uploads\/2025\/05\/projeto-revitaliza-ituverava-1538x484-1-300x94.png\" class=\"attachment-medium size-medium wp-image-12\" alt=\"\" srcset=\"https:\/\/oiweb4.com\/ituvprefeitura\/wp-content\/uploads\/2025\/05\/projeto-revitaliza-ituverava-1538x484-1-300x94.png 300w, https:\/\/oiweb4.com\/ituvprefeitura\/wp-content\/uploads\/2025\/05\/projeto-revitaliza-ituverava-1538x484-1-1024x322.png 1024w, https:\/\/oiweb4.com\/ituvprefeitura\/wp-content\/uploads\/2025\/05\/projeto-revitaliza-ituverava-1538x484-1-768x242.png 768w, https:\/\/oiweb4.com\/ituvprefeitura\/wp-content\/uploads\/2025\/05\/projeto-revitaliza-ituverava-1538x484-1-1536x483.png 1536w, https:\/\/oiweb4.com\/ituvprefeitura\/wp-content\/uploads\/2025\/05\/projeto-revitaliza-ituverava-1538x484-1.png 1538w\" sizes=\"(max-width: 300px) 100vw, 300px\" \/><\/div><\/a>\n\t\t\t\t<div class=\"elementor-post__text\">\n\t\t\t\t<h3 class=\"elementor-post__title\">\n\t\t\t<a href=\"https:\/\/oiweb4.com\/ituvprefeitura\/mais-uma-noticia\/\" >\n\t\t\t\tMais uma not\u00edcia!\t\t\t<\/a>\n\t\t<\/h3>\n\t\t\n\t\t<a class=\"elementor-post__read-more\" href=\"https:\/\/oiweb4.com\/ituvprefeitura\/mais-uma-noticia\/\" aria-label=\"Read more about Mais uma not\u00edcia!\" tabindex=\"-1\" >\n\t\t\tLer Sobre \u00bb\t\t<\/a>\n\n\t\t\t\t<\/div>\n\t\t\t\t<div class=\"elementor-post__meta-data\">\n\t\t\t\t\t<span class=\"elementor-post-date\">\n\t\t\t12 de maio de 2025\t\t<\/span>\n\t\t\t\t<\/div>\n\t\t\t\t\t<\/div>\n\t\t<\/article>\n\t\t\t\t<article class=\"elementor-post elementor-grid-item post-19 post type-post status-publish format-standard has-post-thumbnail hentry category-sem-categoria\">\n\t\t\t<div class=\"elementor-post__card\">\n\t\t\t\t<a class=\"elementor-post__thumbnail__link\" href=\"https:\/\/oiweb4.com\/ituvprefeitura\/essa-noticia-e-diferente-so-tem-a-mesma-imagem\/\" tabindex=\"-1\" ><div class=\"elementor-post__thumbnail\"><img fetchpriority=\"high\" decoding=\"async\" width=\"300\" height=\"300\" src=\"https:\/\/oiweb4.com\/ituvprefeitura\/wp-content\/uploads\/2025\/05\/arte-pnab-ituverava-300x300.jpeg\" class=\"attachment-medium size-medium wp-image-17\" alt=\"\" srcset=\"https:\/\/oiweb4.com\/ituvprefeitura\/wp-content\/uploads\/2025\/05\/arte-pnab-ituverava-300x300.jpeg 300w, https:\/\/oiweb4.com\/ituvprefeitura\/wp-content\/uploads\/2025\/05\/arte-pnab-ituverava-1024x1024.jpeg 1024w, https:\/\/oiweb4.com\/ituvprefeitura\/wp-content\/uploads\/2025\/05\/arte-pnab-ituverava-150x150.jpeg 150w, https:\/\/oiweb4.com\/ituvprefeitura\/wp-content\/uploads\/2025\/05\/arte-pnab-ituverava-768x768.jpeg 768w, https:\/\/oiweb4.com\/ituvprefeitura\/wp-content\/uploads\/2025\/05\/arte-pnab-ituverava.jpeg 1080w\" sizes=\"(max-width: 300px) 100vw, 300px\" \/><\/div><\/a>\n\t\t\t\t<div class=\"elementor-post__text\">\n\t\t\t\t<h3 class=\"elementor-post__title\">\n\t\t\t<a href=\"https:\/\/oiweb4.com\/ituvprefeitura\/essa-noticia-e-diferente-so-tem-a-mesma-imagem\/\" >\n\t\t\t\tEssa not\u00edcia \u00e9 diferente, s\u00f3 tem a mesma imagem\t\t\t<\/a>\n\t\t<\/h3>\n\t\t\n\t\t<a class=\"elementor-post__read-more\" href=\"https:\/\/oiweb4.com\/ituvprefeitura\/essa-noticia-e-diferente-so-tem-a-mesma-imagem\/\" aria-label=\"Read more about Essa not\u00edcia \u00e9 diferente, s\u00f3 tem a mesma imagem\" tabindex=\"-1\" >\n\t\t\tLer Sobre \u00bb\t\t<\/a>\n\n\t\t\t\t<\/div>\n\t\t\t\t<div class=\"elementor-post__meta-data\">\n\t\t\t\t\t<span class=\"elementor-post-date\">\n\t\t\t12 de maio de 2025\t\t<\/span>\n\t\t\t\t<\/div>\n\t\t\t\t\t<\/div>\n\t\t<\/article>\n\t\t\t\t<article class=\"elementor-post elementor-grid-item post-16 post type-post status-publish format-standard has-post-thumbnail hentry category-sem-categoria\">\n\t\t\t<div class=\"elementor-post__card\">\n\t\t\t\t<a class=\"elementor-post__thumbnail__link\" href=\"https:\/\/oiweb4.com\/ituvprefeitura\/noticia-de-teste-da-prefeitura-ituverava\/\" tabindex=\"-1\" ><div class=\"elementor-post__thumbnail\"><img fetchpriority=\"high\" decoding=\"async\" width=\"300\" height=\"300\" src=\"https:\/\/oiweb4.com\/ituvprefeitura\/wp-content\/uploads\/2025\/05\/arte-pnab-ituverava-300x300.jpeg\" class=\"attachment-medium size-medium wp-image-17\" alt=\"\" srcset=\"https:\/\/oiweb4.com\/ituvprefeitura\/wp-content\/uploads\/2025\/05\/arte-pnab-ituverava-300x300.jpeg 300w, https:\/\/oiweb4.com\/ituvprefeitura\/wp-content\/uploads\/2025\/05\/arte-pnab-ituverava-1024x1024.jpeg 1024w, https:\/\/oiweb4.com\/ituvprefeitura\/wp-content\/uploads\/2025\/05\/arte-pnab-ituverava-150x150.jpeg 150w, https:\/\/oiweb4.com\/ituvprefeitura\/wp-content\/uploads\/2025\/05\/arte-pnab-ituverava-768x768.jpeg 768w, https:\/\/oiweb4.com\/ituvprefeitura\/wp-content\/uploads\/2025\/05\/arte-pnab-ituverava.jpeg 1080w\" sizes=\"(max-width: 300px) 100vw, 300px\" \/><\/div><\/a>\n\t\t\t\t<div class=\"elementor-post__text\">\n\t\t\t\t<h3 class=\"elementor-post__title\">\n\t\t\t<a href=\"https:\/\/oiweb4.com\/ituvprefeitura\/noticia-de-teste-da-prefeitura-ituverava\/\" >\n\t\t\t\tNot\u00edcia de teste da prefeitura ituverava\t\t\t<\/a>\n\t\t<\/h3>\n\t\t\n\t\t<a class=\"elementor-post__read-more\" href=\"https:\/\/oiweb4.com\/ituvprefeitura\/noticia-de-teste-da-prefeitura-ituverava\/\" aria-label=\"Read more about Not\u00edcia de teste da prefeitura ituverava\" tabindex=\"-1\" >\n\t\t\tLer Sobre \u00bb\t\t<\/a>\n\n\t\t\t\t<\/div>\n\t\t\t\t<div class=\"elementor-post__meta-data\">\n\t\t\t\t\t<span class=\"elementor-post-date\">\n\t\t\t12 de maio de 2025\t\t<\/span>\n\t\t\t\t<\/div>\n\t\t\t\t\t<\/div>\n\t\t<\/article>\n\t\t\t\t<\/div>\n\t\t\n\t\t\t\t\t\t<\/div>\n\t\t\t\t<\/div>\n\t\t\t\t\t<\/div>\n\t\t\t\t<\/div>\n\t\t<div class=\"elementor-element elementor-element-2a6e867 e-flex e-con-boxed e-con e-parent\" data-id=\"2a6e867\" data-element_type=\"container\">\n\t\t\t\t\t<div class=\"e-con-inner\">\n\t\t<div class=\"elementor-element elementor-element-6bf25f1 e-con-full e-flex e-con e-child\" data-id=\"6bf25f1\" data-element_type=\"container\">\n\t\t\t\t<div class=\"elementor-element elementor-element-344ec8e elementor-widget elementor-widget-heading\" data-id=\"344ec8e\" data-element_type=\"widget\" data-widget_type=\"heading.default\">\n\t\t\t\t<div class=\"elementor-widget-container\">\n\t\t\t\t\t<h4 class=\"elementor-heading-title elementor-size-default\">Acesso R\u00e1pido<\/h4>\t\t\t\t<\/div>\n\t\t\t\t<\/div>\n\t\t\t\t<\/div>\n\t\t<div class=\"elementor-element elementor-element-5eb0800 e-con-full e-flex e-con e-child\" data-id=\"5eb0800\" data-element_type=\"container\">\n\t\t\t\t<div class=\"elementor-element elementor-element-9fbe067 elementor-widget elementor-widget-image\" data-id=\"9fbe067\" data-element_type=\"widget\" data-widget_type=\"image.default\">\n\t\t\t\t<div class=\"elementor-widget-container\">\n\t\t\t\t\t\t\t\t\t\t\t\t\t\t\t<img decoding=\"async\" src=\"https:\/\/oiweb4.com\/ituvprefeitura\/wp-content\/uploads\/elementor\/thumbs\/logo-2-revitaliza-ituverava-maior-fontes-convertidas-r5pn6xuaj34onudtwajil2hnqbcsslqucj1g07c5fa.png\" title=\"logo-2-revitaliza-ituverava-maior-fontes-convertidas\" alt=\"logo-2-revitaliza-ituverava-maior-fontes-convertidas\" loading=\"lazy\" \/>\t\t\t\t\t\t\t\t\t\t\t\t\t\t\t<\/div>\n\t\t\t\t<\/div>\n\t\t\t\t<div class=\"elementor-element elementor-element-77488bb elementor-widget elementor-widget-image\" data-id=\"77488bb\" data-element_type=\"widget\" data-widget_type=\"image.default\">\n\t\t\t\t<div class=\"elementor-widget-container\">\n\t\t\t\t\t\t\t\t\t\t\t\t\t\t\t<img decoding=\"async\" src=\"https:\/\/oiweb4.com\/ituvprefeitura\/wp-content\/uploads\/elementor\/thumbs\/whatsapp-image-2023-04-05-at-14-41-03-r5pn6wwgc93ec8f71s4w0kq74xhfkwn40edyixdjli.jpeg\" title=\"whatsapp-image-2023-04-05-at-14-41-03\" alt=\"whatsapp-image-2023-04-05-at-14-41-03\" loading=\"lazy\" \/>\t\t\t\t\t\t\t\t\t\t\t\t\t\t\t<\/div>\n\t\t\t\t<\/div>\n\t\t\t\t<div class=\"elementor-element elementor-element-20ae097 elementor-widget elementor-widget-image\" data-id=\"20ae097\" data-element_type=\"widget\" data-widget_type=\"image.default\">\n\t\t\t\t<div class=\"elementor-widget-container\">\n\t\t\t\t\t\t\t\t\t\t\t\t\t\t\t<img decoding=\"async\" src=\"https:\/\/oiweb4.com\/ituvprefeitura\/wp-content\/uploads\/elementor\/thumbs\/fundeb-r5pn6vym5f240mgk79q9g2yqjjm2d7jdo9qh1nexrq.jpg\" title=\"fundeb\" alt=\"fundeb\" loading=\"lazy\" \/>\t\t\t\t\t\t\t\t\t\t\t\t\t\t\t<\/div>\n\t\t\t\t<\/div>\n\t\t\t\t<div class=\"elementor-element elementor-element-a103d01 elementor-widget elementor-widget-image\" data-id=\"a103d01\" data-element_type=\"widget\" data-widget_type=\"image.default\">\n\t\t\t\t<div class=\"elementor-widget-container\">\n\t\t\t\t\t\t\t\t\t\t\t\t\t\t\t<img decoding=\"async\" src=\"https:\/\/oiweb4.com\/ituvprefeitura\/wp-content\/uploads\/elementor\/thumbs\/meio_ambiente-1-2-r5pn6v0ryl0tp0hxcrbmvl79y5qp5ifnc52zkdgbxy.png\" title=\"meio_ambiente-1-2\" alt=\"meio_ambiente-1-2\" loading=\"lazy\" \/>\t\t\t\t\t\t\t\t\t\t\t\t\t\t\t<\/div>\n\t\t\t\t<\/div>\n\t\t\t\t<div class=\"elementor-element elementor-element-c8da1b6 elementor-widget elementor-widget-image\" data-id=\"c8da1b6\" data-element_type=\"widget\" data-widget_type=\"image.default\">\n\t\t\t\t<div class=\"elementor-widget-container\">\n\t\t\t\t\t\t\t\t\t\t\t\t\t\t\t<img decoding=\"async\" src=\"https:\/\/oiweb4.com\/ituvprefeitura\/wp-content\/uploads\/elementor\/thumbs\/portal-1-1-r5pn6v0ryl0tp0hxcrbmvl79y5qp5ifnc52zkdgbxy.png\" title=\"portal-1-1\" alt=\"portal-1-1\" loading=\"lazy\" \/>\t\t\t\t\t\t\t\t\t\t\t\t\t\t\t<\/div>\n\t\t\t\t<\/div>\n\t\t\t\t<div class=\"elementor-element elementor-element-a431796 elementor-widget elementor-widget-image\" data-id=\"a431796\" data-element_type=\"widget\" data-widget_type=\"image.default\">\n\t\t\t\t<div class=\"elementor-widget-container\">\n\t\t\t\t\t\t\t\t\t\t\t\t\t\t\t<img decoding=\"async\" src=\"https:\/\/oiweb4.com\/ituvprefeitura\/wp-content\/uploads\/elementor\/thumbs\/diario_oficial-r5pn6u2xrqzjdejai8x0b3ftcrvbxtbx00fi33hq46.png\" title=\"diario_oficial\" alt=\"diario_oficial\" loading=\"lazy\" \/>\t\t\t\t\t\t\t\t\t\t\t\t\t\t\t<\/div>\n\t\t\t\t<\/div>\n\t\t\t\t<div class=\"elementor-element elementor-element-725ac44 elementor-widget elementor-widget-image\" data-id=\"725ac44\" data-element_type=\"widget\" data-widget_type=\"image.default\">\n\t\t\t\t<div class=\"elementor-widget-container\">\n\t\t\t\t\t\t\t\t\t\t\t\t\t\t\t<img decoding=\"async\" src=\"https:\/\/oiweb4.com\/ituvprefeitura\/wp-content\/uploads\/elementor\/thumbs\/licitacoes-r5pn6t53kwy91sknnqidqlocrdzyq486nvs0ltj4ae.png\" title=\"licitacoes\" alt=\"licitacoes\" loading=\"lazy\" \/>\t\t\t\t\t\t\t\t\t\t\t\t\t\t\t<\/div>\n\t\t\t\t<\/div>\n\t\t\t\t<div class=\"elementor-element elementor-element-3a43ba9 elementor-widget elementor-widget-image\" data-id=\"3a43ba9\" data-element_type=\"widget\" data-widget_type=\"image.default\">\n\t\t\t\t<div class=\"elementor-widget-container\">\n\t\t\t\t\t\t\t\t\t\t\t\t\t\t\t<img decoding=\"async\" src=\"https:\/\/oiweb4.com\/ituvprefeitura\/wp-content\/uploads\/elementor\/thumbs\/whatsapp-image-2024-05-22-at-14-31-20-r5pn6t53kwy91sknnqidqlocrdzyq486nvs0ltj4ae.jpeg\" title=\"whatsapp-image-2024-05-22-at-14-31-20\" alt=\"whatsapp-image-2024-05-22-at-14-31-20\" loading=\"lazy\" \/>\t\t\t\t\t\t\t\t\t\t\t\t\t\t\t<\/div>\n\t\t\t\t<\/div>\n\t\t\t\t<div class=\"elementor-element elementor-element-b0bd4ab elementor-widget elementor-widget-image\" data-id=\"b0bd4ab\" data-element_type=\"widget\" data-widget_type=\"image.default\">\n\t\t\t\t<div class=\"elementor-widget-container\">\n\t\t\t\t\t\t\t\t\t\t\t\t\t\t\t<img decoding=\"async\" src=\"https:\/\/oiweb4.com\/ituvprefeitura\/wp-content\/uploads\/elementor\/thumbs\/saae-r5pn6s79e2wyq6m0t83r63ww604lif4gbr4j4jkigm.png\" title=\"saae\" alt=\"saae\" loading=\"lazy\" \/>\t\t\t\t\t\t\t\t\t\t\t\t\t\t\t<\/div>\n\t\t\t\t<\/div>\n\t\t\t\t<div class=\"elementor-element elementor-element-7ba116e elementor-widget elementor-widget-image\" data-id=\"7ba116e\" data-element_type=\"widget\" data-widget_type=\"image.default\">\n\t\t\t\t<div class=\"elementor-widget-container\">\n\t\t\t\t\t\t\t\t\t\t\t\t\t\t\t<img decoding=\"async\" src=\"https:\/\/oiweb4.com\/ituvprefeitura\/wp-content\/uploads\/elementor\/thumbs\/facebook-prefeitura-r5pn6r9f78voekndypp4lm5fkm98aq0pzmh1n9lwmu.png\" title=\"facebook-prefeitura\" alt=\"facebook-prefeitura\" loading=\"lazy\" \/>\t\t\t\t\t\t\t\t\t\t\t\t\t\t\t<\/div>\n\t\t\t\t<\/div>\n\t\t\t\t<div class=\"elementor-element elementor-element-1b0edb7 elementor-widget elementor-widget-image\" data-id=\"1b0edb7\" data-element_type=\"widget\" data-widget_type=\"image.default\">\n\t\t\t\t<div class=\"elementor-widget-container\">\n\t\t\t\t\t\t\t\t\t\t\t\t\t\t\t<img decoding=\"async\" src=\"https:\/\/oiweb4.com\/ituvprefeitura\/wp-content\/uploads\/elementor\/thumbs\/procon-r5pn6r9f78voekndypp4lm5fkm98aq0pzmh1n9lwmu.png\" title=\"procon\" alt=\"procon\" loading=\"lazy\" \/>\t\t\t\t\t\t\t\t\t\t\t\t\t\t\t<\/div>\n\t\t\t\t<\/div>\n\t\t\t\t<div class=\"elementor-element elementor-element-ba1e16d elementor-widget elementor-widget-image\" data-id=\"ba1e16d\" data-element_type=\"widget\" data-widget_type=\"image.default\">\n\t\t\t\t<div class=\"elementor-widget-container\">\n\t\t\t\t\t\t\t\t\t\t\t\t\t\t\t<img decoding=\"async\" src=\"https:\/\/oiweb4.com\/ituvprefeitura\/wp-content\/uploads\/elementor\/thumbs\/camara-r5pn6qbl0eue2yor47ai14dyz8dv30wznhtk5znat2.png\" title=\"camara\" alt=\"camara\" loading=\"lazy\" \/>\t\t\t\t\t\t\t\t\t\t\t\t\t\t\t<\/div>\n\t\t\t\t<\/div>\n\t\t\t\t<div class=\"elementor-element elementor-element-ef54a68 elementor-widget elementor-widget-image\" data-id=\"ef54a68\" data-element_type=\"widget\" data-widget_type=\"image.default\">\n\t\t\t\t<div class=\"elementor-widget-container\">\n\t\t\t\t\t\t\t\t\t\t\t\t\t\t\t<img decoding=\"async\" src=\"https:\/\/oiweb4.com\/ituvprefeitura\/wp-content\/uploads\/elementor\/thumbs\/radar-r5pn6pdqtkt3rcq49ovvgmmiduihvbt9bd62opooza.png\" title=\"radar\" alt=\"radar\" loading=\"lazy\" \/>\t\t\t\t\t\t\t\t\t\t\t\t\t\t\t<\/div>\n\t\t\t\t<\/div>\n\t\t\t\t<\/div>\n\t\t\t\t\t<\/div>\n\t\t\t\t<\/div>\n\t\t\t\t<\/div>\n\t\t","protected":false},"excerpt":{"rendered":"<p>Acesso R\u00e1pido<\/p>\n","protected":false},"author":1,"featured_media":0,"parent":0,"menu_order":0,"comment_status":"closed","ping_status":"closed","template":"","meta":{"footnotes":""},"class_list":["post-9","page","type-page","status-publish","hentry"],"_links":{"self":[{"href":"https:\/\/oiweb4.com\/ituvprefeitura\/wp-json\/wp\/v2\/pages\/9","targetHints":{"allow":["GET"]}}],"collection":[{"href":"https:\/\/oiweb4.com\/ituvprefeitura\/wp-json\/wp\/v2\/pages"}],"about":[{"href":"https:\/\/oiweb4.com\/ituvprefeitura\/wp-json\/wp\/v2\/types\/page"}],"author":[{"embeddable":true,"href":"https:\/\/oiweb4.com\/ituvprefeitura\/wp-json\/wp\/v2\/users\/1"}],"replies":[{"embeddable":true,"href":"https:\/\/oiweb4.com\/ituvprefeitura\/wp-json\/wp\/v2\/comments?post=9"}],"version-history":[{"count":16,"href":"https:\/\/oiweb4.com\/ituvprefeitura\/wp-json\/wp\/v2\/pages\/9\/revisions"}],"predecessor-version":[{"id":104,"href":"https:\/\/oiweb4.com\/ituvprefeitura\/wp-json\/wp\/v2\/pages\/9\/revisions\/104"}],"wp:attachment":[{"href":"https:\/\/oiweb4.com\/ituvprefeitura\/wp-json\/wp\/v2\/media?parent=9"}],"curies":[{"name":"wp","href":"https:\/\/api.w.org\/{rel}","templated":true}]}}